{"id":10035,"date":"2025-06-17T15:43:10","date_gmt":"2025-06-17T12:43:10","guid":{"rendered":"https:\/\/akutolmukas.ee\/?post_type=product&#038;p=10035"},"modified":"2026-01-02T11:38:28","modified_gmt":"2026-01-02T09:38:28","slug":"proscenic-p16","status":"publish","type":"product","link":"https:\/\/akutolmukas.ee\/ru\/product\/proscenic-p16\/","title":{"rendered":"Proscenic P16"},"content":{"rendered":"","protected":false},"excerpt":{"rendered":"<p><strong>Kindla toimivusega kvaliteetne akutolmukas<\/strong><br \/>\n<strong data-start=\"237\" data-end=\"265\">265 \u20ac (sis. KM) 3. aastat garantiid<\/strong><\/p>\n<hr \/>\n<h2><strong>\u041e\u0441\u043d\u043e\u0432\u043d\u044b\u0435 \u0445\u0430\u0440\u0430\u043a\u0442\u0435\u0440\u0438\u0441\u0442\u0438\u043a\u0438:<\/strong><\/h2>\n<p><strong>\ud83d\udee1 3-aastane garantii seadmele ja akule!<\/strong><\/p>\n<p>\u2022 <strong>Kerge kaal ja tasakaalus k\u00e4sitlus<\/strong><br \/>\n\u2022 <strong>Roheline LED-tuli<\/strong> aitab leida maast sodisid<br \/>\n\u2022 <strong>50 000 Pa imemisv\u00f5ime ja 550W <\/strong>mootor<br \/>\n\u2022 <strong>Kuni 55 minutit t\u00f6\u00f6aega \u00fche laadimisega<\/strong><\/p>\n<p><strong>Komplektis k\u00f5ik otsikud, mida kodus vaja l\u00e4heb &#8211;<\/strong> imeb sisse ka suuremaid kivikesi<\/p>\n<hr \/>\n<ul style=\"list-style: none; margin: 0; padding: 0; line-height: 1.5;\">\n<li style=\"text-align: left;\"><strong>\u2705 Filtrid ja varuosad hiljem mugavalt meilt<\/strong><br \/>\n\u26a1\u00a0<strong>Originaal t\u00e4iskomplekt, kohalik tugi<\/strong><br \/>\n\ud83d\udcde\u00a0<strong>K\u00fcsimusi?<\/strong>\u00a0Helistage E\u2013R +372 5454 3775<\/li>\n<li style=\"text-align: center;\"><strong><em>Teiega alates 2019. aastast!<\/em><\/strong><\/li>\n<\/ul>\n<hr \/>\n<p><strong data-start=\"218\" data-end=\"234\">\u0421\u0440\u043e\u043a \u0433\u0430\u0440\u0430\u043d\u0442\u0438\u0438:<\/strong>\u00a03 \u0433\u043e\u0434\u0430<br data-start=\"243\" data-end=\"246\" \/><strong data-start=\"246\" data-end=\"259\">\u0421\u0440\u043e\u043a \u0434\u043e\u0441\u0442\u0430\u0432\u043a\u0438:<\/strong>\u00a0\u0434\u043e 5 \u0440\u0430\u0431\u043e\u0447\u0438\u0445 \u0434\u043d\u0435\u0439 \u0441\u043e \u0441\u043a\u043b\u0430\u0434\u0430 \u0432 \u042d\u0441\u0442\u043e\u043d\u0438\u0438<br data-start=\"287\" data-end=\"290\" \/><strong data-start=\"290\" data-end=\"335\">265 \u20ac komplekt <\/strong>koos tagavara HEPA filtritega<\/p>","protected":false},"featured_media":10043,"comment_status":"open","ping_status":"closed","template":"","meta":{"_acf_changed":false,"site-sidebar-layout":"default","site-content-layout":"","ast-site-content-layout":"default","site-content-style":"default","site-sidebar-style":"default","ast-global-header-display":"","ast-banner-title-visibility":"","ast-main-header-display":"","ast-hfb-above-header-display":"","ast-hfb-below-header-display":"","ast-hfb-mobile-header-display":"","site-post-title":"","ast-breadcrumbs-content":"","ast-featured-img":"","footer-sml-layout":"","ast-disable-related-posts":"","theme-transparent-header-meta":"default","adv-header-id-meta":"","stick-header-meta":"","header-above-stick-meta":"","header-main-stick-meta":"","header-below-stick-meta":"","astra-migrate-meta-layouts":"set","ast-page-background-enabled":"default","ast-page-background-meta":{"desktop":{"background-color":"","background-image":"","background-repeat":"repeat","background-position":"center center","background-size":"auto","background-attachment":"scroll","background-type":"","background-media":"","overlay-type":"","overlay-color":"","overlay-opacity":"","overlay-gradient":""},"tablet":{"background-color":"","background-image":"","background-repeat":"repeat","background-position":"center center","background-size":"auto","background-attachment":"scroll","background-type":"","background-media":"","overlay-type":"","overlay-color":"","overlay-opacity":"","overlay-gradient":""},"mobile":{"background-color":"","background-image":"","background-repeat":"repeat","background-position":"center center","background-size":"auto","background-attachment":"scroll","background-type":"","background-media":"","overlay-type":"","overlay-color":"","overlay-opacity":"","overlay-gradient":""}},"ast-content-background-meta":{"desktop":{"background-color":"var(--ast-global-color-5)","background-image":"","background-repeat":"repeat","background-position":"center center","background-size":"auto","background-attachment":"scroll","background-type":"","background-media":"","overlay-type":"","overlay-color":"","overlay-opacity":"","overlay-gradient":""},"tablet":{"background-color":"var(--ast-global-color-5)","background-image":"","background-repeat":"repeat","background-position":"center center","background-size":"auto","background-attachment":"scroll","background-type":"","background-media":"","overlay-type":"","overlay-color":"","overlay-opacity":"","overlay-gradient":""},"mobile":{"background-color":"var(--ast-global-color-5)","background-image":"","background-repeat":"repeat","background-position":"center center","background-size":"auto","background-attachment":"scroll","background-type":"","background-media":"","overlay-type":"","overlay-color":"","overlay-opacity":"","overlay-gradient":""}}},"product_brand":[],"product_cat":[17],"product_tag":[],"class_list":{"0":"post-10035","1":"product","2":"type-product","3":"status-publish","4":"has-post-thumbnail","6":"product_cat-akuga-tolmuimejad","7":"desktop-align-left","8":"tablet-align-left","9":"mobile-align-left","10":"ast-product-gallery-layout-horizontal-slider","11":"ast-product-tabs-layout-horizontal","13":"first","14":"instock","15":"taxable","16":"shipping-taxable","17":"purchasable","18":"product-type-simple"},"acf":[],"yoast_head":"<!-- This site is optimized with the Yoast SEO plugin v27.1.1 - https:\/\/yoast.com\/product\/yoast-seo-wordpress\/ -->\n<title>Proscenic P16 | Akutolmukas<\/title>\n<meta name=\"robots\" content=\"index, follow, max-snippet:-1, max-image-preview:large, max-video-preview:-1\" \/>\n<link rel=\"canonical\" href=\"https:\/\/akutolmukas.ee\/ru\/product\/proscenic-p16\/\" \/>\n<meta property=\"og:locale\" content=\"ru_RU\" \/>\n<meta property=\"og:type\" content=\"article\" \/>\n<meta property=\"og:title\" content=\"Proscenic P16 | Akutolmukas\" \/>\n<meta property=\"og:description\" content=\"Kindla toimivusega kvaliteetne akutolmukas 265 \u20ac (sis. KM) 3. aastat garantiid    Peamised omadused: \ud83d\udee1 3-aastane garantii seadmele ja akule!  \u2022 Kerge kaal ja tasakaalus k\u00e4sitlus \u2022 Roheline LED-tuli aitab leida maast sodisid \u2022 50 000 Pa imemisv\u00f5ime ja 550W mootor \u2022 Kuni 55 minutit t\u00f6\u00f6aega \u00fche laadimisega  Komplektis k\u00f5ik otsikud, mida kodus vaja l\u00e4heb - imeb sisse ka suuremaid kivikesi      \u2705 Filtrid ja varuosad hiljem mugavalt meilt \u26a1\u00a0Originaal t\u00e4iskomplekt, kohalik tugi \ud83d\udcde\u00a0K\u00fcsimusi?\u00a0Helistage E\u2013R +372 5454 3775  Teiega alates 2019. aastast!     Garantiiaeg:\u00a03 aastatTarneaeg:\u00a0kuni 5 t\u00f6\u00f6p\u00e4eva Eesti laost265 \u20ac komplekt koos tagavara HEPA filtritega\" \/>\n<meta property=\"og:url\" content=\"https:\/\/akutolmukas.ee\/ru\/product\/proscenic-p16\/\" \/>\n<meta property=\"og:site_name\" content=\"Akutolmukas\" \/>\n<meta property=\"article:modified_time\" content=\"2026-01-02T09:38:28+00:00\" \/>\n<meta property=\"og:image\" content=\"https:\/\/akutolmukas.ee\/wp-content\/uploads\/2025\/06\/proscenic-p16-4106f_reference.webp\" \/>\n\t<meta property=\"og:image:width\" content=\"978\" \/>\n\t<meta property=\"og:image:height\" content=\"1024\" \/>\n\t<meta property=\"og:image:type\" content=\"image\/webp\" \/>\n<meta name=\"twitter:card\" content=\"summary_large_image\" \/>\n<meta name=\"twitter:label1\" content=\"Est. reading time\" \/>\n\t<meta name=\"twitter:data1\" content=\"1 \u043c\u0438\u043d\u0443\u0442\u0430\" \/>\n<script type=\"application\/ld+json\" class=\"yoast-schema-graph\">{\"@context\":\"https:\/\/schema.org\",\"@graph\":[{\"@type\":\"WebPage\",\"@id\":\"https:\/\/akutolmukas.ee\/toode\/proscenic-p16\/\",\"url\":\"https:\/\/akutolmukas.ee\/toode\/proscenic-p16\/\",\"name\":\"Proscenic P16 | Akutolmukas\",\"isPartOf\":{\"@id\":\"https:\/\/akutolmukas.ee\/#website\"},\"primaryImageOfPage\":{\"@id\":\"https:\/\/akutolmukas.ee\/toode\/proscenic-p16\/#primaryimage\"},\"image\":{\"@id\":\"https:\/\/akutolmukas.ee\/toode\/proscenic-p16\/#primaryimage\"},\"thumbnailUrl\":\"https:\/\/i0.wp.com\/akutolmukas.ee\/wp-content\/uploads\/2025\/06\/proscenic-p16-4106f_reference.webp?fit=978%2C1024&ssl=1\",\"datePublished\":\"2025-06-17T12:43:10+00:00\",\"dateModified\":\"2026-01-02T09:38:28+00:00\",\"breadcrumb\":{\"@id\":\"https:\/\/akutolmukas.ee\/toode\/proscenic-p16\/#breadcrumb\"},\"inLanguage\":\"ru-RU\",\"potentialAction\":[{\"@type\":\"ReadAction\",\"target\":[\"https:\/\/akutolmukas.ee\/toode\/proscenic-p16\/\"]}]},{\"@type\":\"ImageObject\",\"inLanguage\":\"ru-RU\",\"@id\":\"https:\/\/akutolmukas.ee\/toode\/proscenic-p16\/#primaryimage\",\"url\":\"https:\/\/i0.wp.com\/akutolmukas.ee\/wp-content\/uploads\/2025\/06\/proscenic-p16-4106f_reference.webp?fit=978%2C1024&ssl=1\",\"contentUrl\":\"https:\/\/i0.wp.com\/akutolmukas.ee\/wp-content\/uploads\/2025\/06\/proscenic-p16-4106f_reference.webp?fit=978%2C1024&ssl=1\",\"width\":978,\"height\":1024},{\"@type\":\"BreadcrumbList\",\"@id\":\"https:\/\/akutolmukas.ee\/toode\/proscenic-p16\/#breadcrumb\",\"itemListElement\":[{\"@type\":\"ListItem\",\"position\":1,\"name\":\"Home\",\"item\":\"https:\/\/akutolmukas.ee\/\"},{\"@type\":\"ListItem\",\"position\":2,\"name\":\"Pood\",\"item\":\"https:\/\/akutolmukas.ee\/pood\/\"},{\"@type\":\"ListItem\",\"position\":3,\"name\":\"Proscenic P16\"}]},{\"@type\":\"WebSite\",\"@id\":\"https:\/\/akutolmukas.ee\/#website\",\"url\":\"https:\/\/akutolmukas.ee\/\",\"name\":\"Akutolmukas\",\"description\":\"Akutolmukas\",\"publisher\":{\"@id\":\"https:\/\/akutolmukas.ee\/#organization\"},\"potentialAction\":[{\"@type\":\"SearchAction\",\"target\":{\"@type\":\"EntryPoint\",\"urlTemplate\":\"https:\/\/akutolmukas.ee\/?s={search_term_string}\"},\"query-input\":{\"@type\":\"PropertyValueSpecification\",\"valueRequired\":true,\"valueName\":\"search_term_string\"}}],\"inLanguage\":\"ru-RU\"},{\"@type\":\"Organization\",\"@id\":\"https:\/\/akutolmukas.ee\/#organization\",\"name\":\"Frequit O\u00dc\",\"url\":\"https:\/\/akutolmukas.ee\/\",\"logo\":{\"@type\":\"ImageObject\",\"inLanguage\":\"ru-RU\",\"@id\":\"https:\/\/akutolmukas.ee\/#\/schema\/logo\/image\/\",\"url\":\"https:\/\/akutolmukas.ee\/wp-content\/uploads\/2021\/01\/900x300px-SVG-LaiLogoParem.svg\",\"contentUrl\":\"https:\/\/akutolmukas.ee\/wp-content\/uploads\/2021\/01\/900x300px-SVG-LaiLogoParem.svg\",\"width\":675,\"height\":225,\"caption\":\"Frequit O\u00dc\"},\"image\":{\"@id\":\"https:\/\/akutolmukas.ee\/#\/schema\/logo\/image\/\"}}]}<\/script>\n<!-- \/ Yoast SEO plugin. -->","yoast_head_json":{"title":"Proscenic P16 | Akutolmukas","robots":{"index":"index","follow":"follow","max-snippet":"max-snippet:-1","max-image-preview":"max-image-preview:large","max-video-preview":"max-video-preview:-1"},"canonical":"https:\/\/akutolmukas.ee\/ru\/product\/proscenic-p16\/","og_locale":"ru_RU","og_type":"article","og_title":"Proscenic P16 | Akutolmukas","og_description":"Kindla toimivusega kvaliteetne akutolmukas 265 \u20ac (sis. KM) 3. aastat garantiid    Peamised omadused: \ud83d\udee1 3-aastane garantii seadmele ja akule!  \u2022 Kerge kaal ja tasakaalus k\u00e4sitlus \u2022 Roheline LED-tuli aitab leida maast sodisid \u2022 50 000 Pa imemisv\u00f5ime ja 550W mootor \u2022 Kuni 55 minutit t\u00f6\u00f6aega \u00fche laadimisega  Komplektis k\u00f5ik otsikud, mida kodus vaja l\u00e4heb - imeb sisse ka suuremaid kivikesi      \u2705 Filtrid ja varuosad hiljem mugavalt meilt \u26a1\u00a0Originaal t\u00e4iskomplekt, kohalik tugi \ud83d\udcde\u00a0K\u00fcsimusi?\u00a0Helistage E\u2013R +372 5454 3775  Teiega alates 2019. aastast!     Garantiiaeg:\u00a03 aastatTarneaeg:\u00a0kuni 5 t\u00f6\u00f6p\u00e4eva Eesti laost265 \u20ac komplekt koos tagavara HEPA filtritega","og_url":"https:\/\/akutolmukas.ee\/ru\/product\/proscenic-p16\/","og_site_name":"Akutolmukas","article_modified_time":"2026-01-02T09:38:28+00:00","og_image":[{"width":978,"height":1024,"url":"https:\/\/akutolmukas.ee\/wp-content\/uploads\/2025\/06\/proscenic-p16-4106f_reference.webp","type":"image\/webp"}],"twitter_card":"summary_large_image","twitter_misc":{"Est. reading time":"1 \u043c\u0438\u043d\u0443\u0442\u0430"},"schema":{"@context":"https:\/\/schema.org","@graph":[{"@type":"WebPage","@id":"https:\/\/akutolmukas.ee\/toode\/proscenic-p16\/","url":"https:\/\/akutolmukas.ee\/toode\/proscenic-p16\/","name":"Proscenic P16 | Akutolmukas","isPartOf":{"@id":"https:\/\/akutolmukas.ee\/#website"},"primaryImageOfPage":{"@id":"https:\/\/akutolmukas.ee\/toode\/proscenic-p16\/#primaryimage"},"image":{"@id":"https:\/\/akutolmukas.ee\/toode\/proscenic-p16\/#primaryimage"},"thumbnailUrl":"https:\/\/i0.wp.com\/akutolmukas.ee\/wp-content\/uploads\/2025\/06\/proscenic-p16-4106f_reference.webp?fit=978%2C1024&ssl=1","datePublished":"2025-06-17T12:43:10+00:00","dateModified":"2026-01-02T09:38:28+00:00","breadcrumb":{"@id":"https:\/\/akutolmukas.ee\/toode\/proscenic-p16\/#breadcrumb"},"inLanguage":"ru-RU","potentialAction":[{"@type":"ReadAction","target":["https:\/\/akutolmukas.ee\/toode\/proscenic-p16\/"]}]},{"@type":"ImageObject","inLanguage":"ru-RU","@id":"https:\/\/akutolmukas.ee\/toode\/proscenic-p16\/#primaryimage","url":"https:\/\/i0.wp.com\/akutolmukas.ee\/wp-content\/uploads\/2025\/06\/proscenic-p16-4106f_reference.webp?fit=978%2C1024&ssl=1","contentUrl":"https:\/\/i0.wp.com\/akutolmukas.ee\/wp-content\/uploads\/2025\/06\/proscenic-p16-4106f_reference.webp?fit=978%2C1024&ssl=1","width":978,"height":1024},{"@type":"BreadcrumbList","@id":"https:\/\/akutolmukas.ee\/toode\/proscenic-p16\/#breadcrumb","itemListElement":[{"@type":"ListItem","position":1,"name":"Home","item":"https:\/\/akutolmukas.ee\/"},{"@type":"ListItem","position":2,"name":"Pood","item":"https:\/\/akutolmukas.ee\/pood\/"},{"@type":"ListItem","position":3,"name":"Proscenic P16"}]},{"@type":"WebSite","@id":"https:\/\/akutolmukas.ee\/#website","url":"https:\/\/akutolmukas.ee\/","name":"Akutolmukas","description":"Akutolmukas","publisher":{"@id":"https:\/\/akutolmukas.ee\/#organization"},"potentialAction":[{"@type":"SearchAction","target":{"@type":"EntryPoint","urlTemplate":"https:\/\/akutolmukas.ee\/?s={search_term_string}"},"query-input":{"@type":"PropertyValueSpecification","valueRequired":true,"valueName":"search_term_string"}}],"inLanguage":"ru-RU"},{"@type":"Organization","@id":"https:\/\/akutolmukas.ee\/#organization","name":"Frequit O\u00dc","url":"https:\/\/akutolmukas.ee\/","logo":{"@type":"ImageObject","inLanguage":"ru-RU","@id":"https:\/\/akutolmukas.ee\/#\/schema\/logo\/image\/","url":"https:\/\/akutolmukas.ee\/wp-content\/uploads\/2021\/01\/900x300px-SVG-LaiLogoParem.svg","contentUrl":"https:\/\/akutolmukas.ee\/wp-content\/uploads\/2021\/01\/900x300px-SVG-LaiLogoParem.svg","width":675,"height":225,"caption":"Frequit O\u00dc"},"image":{"@id":"https:\/\/akutolmukas.ee\/#\/schema\/logo\/image\/"}}]}},"jetpack-related-posts":[],"jetpack_sharing_enabled":true,"_links":{"self":[{"href":"https:\/\/akutolmukas.ee\/ru\/wp-json\/wp\/v2\/product\/10035","targetHints":{"allow":["GET"]}}],"collection":[{"href":"https:\/\/akutolmukas.ee\/ru\/wp-json\/wp\/v2\/product"}],"about":[{"href":"https:\/\/akutolmukas.ee\/ru\/wp-json\/wp\/v2\/types\/product"}],"replies":[{"embeddable":true,"href":"https:\/\/akutolmukas.ee\/ru\/wp-json\/wp\/v2\/comments?post=10035"}],"wp:featuredmedia":[{"embeddable":true,"href":"https:\/\/akutolmukas.ee\/ru\/wp-json\/wp\/v2\/media\/10043"}],"wp:attachment":[{"href":"https:\/\/akutolmukas.ee\/ru\/wp-json\/wp\/v2\/media?parent=10035"}],"wp:term":[{"taxonomy":"product_brand","embeddable":true,"href":"https:\/\/akutolmukas.ee\/ru\/wp-json\/wp\/v2\/product_brand?post=10035"},{"taxonomy":"product_cat","embeddable":true,"href":"https:\/\/akutolmukas.ee\/ru\/wp-json\/wp\/v2\/product_cat?post=10035"},{"taxonomy":"product_tag","embeddable":true,"href":"https:\/\/akutolmukas.ee\/ru\/wp-json\/wp\/v2\/product_tag?post=10035"}],"curies":[{"name":"wp","href":"https:\/\/api.w.org\/{rel}","templated":true}]}}