{"id":10058,"date":"2025-06-19T04:56:55","date_gmt":"2025-06-19T01:56:55","guid":{"rendered":"https:\/\/akutolmukas.ee\/?post_type=product&#038;p=10058"},"modified":"2025-09-09T13:19:27","modified_gmt":"2025-09-09T10:19:27","slug":"bl-trell-3-0","status":"publish","type":"product","link":"https:\/\/akutolmukas.ee\/ru\/product\/bl-trell-3-0\/","title":{"rendered":"BL-Akutrell 3.0"},"content":{"rendered":"","protected":false},"excerpt":{"rendered":"<h3 data-start=\"423\" data-end=\"451\"><strong data-start=\"427\" data-end=\"449\">\u041e\u0441\u043d\u043e\u0432\u043d\u044b\u0435 \u0445\u0430\u0440\u0430\u043a\u0442\u0435\u0440\u0438\u0441\u0442\u0438\u043a\u0438:<\/strong><\/h3>\n<p data-start=\"452\" data-end=\"496\">\ud83d\udee1 <strong data-start=\"455\" data-end=\"496\">3-aastane garantii seadmele ja akule!<\/strong><\/p>\n<ul>\n<li data-start=\"498\" data-end=\"765\"><strong>2-in-1<\/strong> t\u00f6\u00f6riist \u2013 <strong>Akukruvikeeraja + trell<\/strong><\/li>\n<li data-start=\"498\" data-end=\"765\"><strong>Puurib<\/strong> edukalt ka suurema <strong>kivipuuriga betooni<\/strong> \u2013 reaalne j\u00f5udlus, siis kui vaja!<\/li>\n<li data-start=\"498\" data-end=\"765\"><strong>Kaks 2.5 Ah akut<\/strong>, <strong>laadija ja kohver<\/strong> \u2013 kokku annab komapktse, korraliku ja t\u00e4idlase komplekti.<\/li>\n<\/ul>\n<p><strong data-start=\"772\" data-end=\"807\">Komplektis kaasas k\u00f5ik vajalik:<\/strong><\/p>\n<ul>\n<li><strong>Korralik otsikute ja puuride komplekt.<\/strong><\/li>\n<li><strong>Kaks<\/strong> 2.5 Ah <strong>akut<\/strong>, 220 V EU. <strong>laadija<\/strong> ning tugev <strong>kandekohver<\/strong>.<\/li>\n<li>Ei lisakuludele \u2013 <strong>komplekt on t\u00f6\u00f6valmis!<\/strong><\/li>\n<\/ul>\n<hr \/>\n<p><strong>\u2705 T\u00f6\u00f6tab ka k\u00f5igi Makita 18 V akudega!<\/strong><\/p>\n<p class=\"\" data-start=\"198\" data-end=\"256\">\ud83d\udd27\u00a0<strong data-start=\"227\" data-end=\"303\">Kindel valik \u2013 \u00f5iglane hind ja aus t\u00e4iskomplekt. <\/strong>Teiega alates 2019. aastast.<\/p>\n<p>\ud83d\udcde\u00a0<strong>K\u00fcsimusi v\u00f5i muresid?<\/strong>\u00a0Helistage v\u00f5i kirjutage \u2013\u00a0<strong>aitame!<\/strong>\u00a0<strong>Garantii<\/strong>\u00a0ja\u00a0<strong>klienditugi<\/strong>\u00a0<strong>Eestis!<\/strong><\/p>\n<hr \/>\n<p><strong>\u0421\u0440\u043e\u043a \u0433\u0430\u0440\u0430\u043d\u0442\u0438\u0438:<\/strong>\u00a0<strong>KOLM<\/strong>\u00a0aastat (k\u00f5igile)<\/p>\n<p data-start=\"414\" data-end=\"584\"><b>\u0421\u0440\u043e\u043a \u0434\u043e\u0441\u0442\u0430\u0432\u043a\u0438:\u00a0<\/b>kuni\u00a0<strong>VIIS t\u00f6\u00f6p\u00e4eva<\/strong><\/p>\n<p data-start=\"414\" data-end=\"584\"><strong>Soodushind: 157<ins aria-hidden=\"true\"><span class=\"woocommerce-Price-amount amount\"><bdi><span class=\"woocommerce-Price-currencySymbol\">\u20ac<\/span><\/bdi><\/span><\/ins><span class=\"screen-reader-text\">Current price is: 170.00\u20ac.<\/span>\u00a0<small class=\"woocommerce-price-suffix\">sis. KM<\/small><\/strong><\/p>","protected":false},"featured_media":10067,"comment_status":"open","ping_status":"closed","template":"","meta":{"_acf_changed":false,"site-sidebar-layout":"default","site-content-layout":"","ast-site-content-layout":"default","site-content-style":"default","site-sidebar-style":"default","ast-global-header-display":"","ast-banner-title-visibility":"","ast-main-header-display":"","ast-hfb-above-header-display":"","ast-hfb-below-header-display":"","ast-hfb-mobile-header-display":"","site-post-title":"","ast-breadcrumbs-content":"","ast-featured-img":"","footer-sml-layout":"","ast-disable-related-posts":"","theme-transparent-header-meta":"default","adv-header-id-meta":"","stick-header-meta":"","header-above-stick-meta":"","header-main-stick-meta":"","header-below-stick-meta":"","astra-migrate-meta-layouts":"set","ast-page-background-enabled":"default","ast-page-background-meta":{"desktop":{"background-color":"","background-image":"","background-repeat":"repeat","background-position":"center center","background-size":"auto","background-attachment":"scroll","background-type":"","background-media":"","overlay-type":"","overlay-color":"","overlay-opacity":"","overlay-gradient":""},"tablet":{"background-color":"","background-image":"","background-repeat":"repeat","background-position":"center center","background-size":"auto","background-attachment":"scroll","background-type":"","background-media":"","overlay-type":"","overlay-color":"","overlay-opacity":"","overlay-gradient":""},"mobile":{"background-color":"","background-image":"","background-repeat":"repeat","background-position":"center center","background-size":"auto","background-attachment":"scroll","background-type":"","background-media":"","overlay-type":"","overlay-color":"","overlay-opacity":"","overlay-gradient":""}},"ast-content-background-meta":{"desktop":{"background-color":"var(--ast-global-color-5)","background-image":"","background-repeat":"repeat","background-position":"center center","background-size":"auto","background-attachment":"scroll","background-type":"","background-media":"","overlay-type":"","overlay-color":"","overlay-opacity":"","overlay-gradient":""},"tablet":{"background-color":"var(--ast-global-color-5)","background-image":"","background-repeat":"repeat","background-position":"center center","background-size":"auto","background-attachment":"scroll","background-type":"","background-media":"","overlay-type":"","overlay-color":"","overlay-opacity":"","overlay-gradient":""},"mobile":{"background-color":"var(--ast-global-color-5)","background-image":"","background-repeat":"repeat","background-position":"center center","background-size":"auto","background-attachment":"scroll","background-type":"","background-media":"","overlay-type":"","overlay-color":"","overlay-opacity":"","overlay-gradient":""}}},"product_brand":[],"product_cat":[29],"product_tag":[],"class_list":{"0":"post-10058","1":"product","2":"type-product","3":"status-publish","4":"has-post-thumbnail","6":"product_cat-akuga-tooriistad","7":"desktop-align-left","8":"tablet-align-left","9":"mobile-align-left","10":"ast-product-gallery-layout-horizontal-slider","11":"ast-product-tabs-layout-horizontal","13":"first","14":"instock","15":"taxable","16":"shipping-taxable","17":"purchasable","18":"product-type-simple"},"acf":[],"yoast_head":"<!-- This site is optimized with the Yoast SEO plugin v27.1.1 - https:\/\/yoast.com\/product\/yoast-seo-wordpress\/ -->\n<title>BL-Akutrell 3.0 | Akutolmukas<\/title>\n<meta name=\"robots\" content=\"index, follow, max-snippet:-1, max-image-preview:large, max-video-preview:-1\" \/>\n<link rel=\"canonical\" href=\"https:\/\/akutolmukas.ee\/ru\/product\/bl-trell-3-0\/\" \/>\n<meta property=\"og:locale\" content=\"ru_RU\" \/>\n<meta property=\"og:type\" content=\"article\" \/>\n<meta property=\"og:title\" content=\"BL-Akutrell 3.0 | Akutolmukas\" \/>\n<meta property=\"og:description\" content=\"Peamised omadused: \ud83d\udee1 3-aastane garantii seadmele ja akule!    2-in-1 t\u00f6\u00f6riist \u2013 Akukruvikeeraja + trell  Puurib edukalt ka suurema kivipuuriga betooni \u2013 reaalne j\u00f5udlus, siis kui vaja!  Kaks 2.5 Ah akut, laadija ja kohver \u2013 kokku annab komapktse, korraliku ja t\u00e4idlase komplekti.  Komplektis kaasas k\u00f5ik vajalik:   Korralik otsikute ja puuride komplekt.  Kaks 2.5 Ah akut, 220 V EU. laadija ning tugev kandekohver.  Ei lisakuludele \u2013 komplekt on t\u00f6\u00f6valmis!     \u2705 T\u00f6\u00f6tab ka k\u00f5igi Makita 18 V akudega! \ud83d\udd27\u00a0Kindel valik \u2013 \u00f5iglane hind ja aus t\u00e4iskomplekt. Teiega alates 2019. aastast. \ud83d\udcde\u00a0K\u00fcsimusi v\u00f5i muresid?\u00a0Helistage v\u00f5i kirjutage \u2013\u00a0aitame!\u00a0Garantii\u00a0ja\u00a0klienditugi\u00a0Eestis!    Garantiiaeg:\u00a0KOLM\u00a0aastat (k\u00f5igile) Tarneaeg:\u00a0kuni\u00a0VIIS t\u00f6\u00f6p\u00e4eva Soodushind: 157\u20acCurrent price is: 170.00\u20ac.\u00a0sis. KM\" \/>\n<meta property=\"og:url\" content=\"https:\/\/akutolmukas.ee\/ru\/product\/bl-trell-3-0\/\" \/>\n<meta property=\"og:site_name\" content=\"Akutolmukas\" \/>\n<meta property=\"article:modified_time\" content=\"2025-09-09T10:19:27+00:00\" \/>\n<meta property=\"og:image\" content=\"https:\/\/akutolmukas.ee\/wp-content\/uploads\/2025\/06\/akutrell-3.0-2025-taiskomplekt.png\" \/>\n\t<meta property=\"og:image:width\" content=\"1025\" \/>\n\t<meta property=\"og:image:height\" content=\"1025\" \/>\n\t<meta property=\"og:image:type\" content=\"image\/png\" \/>\n<meta name=\"twitter:card\" content=\"summary_large_image\" \/>\n<meta name=\"twitter:label1\" content=\"Est. reading time\" \/>\n\t<meta name=\"twitter:data1\" content=\"1 \u043c\u0438\u043d\u0443\u0442\u0430\" \/>\n<script type=\"application\/ld+json\" class=\"yoast-schema-graph\">{\"@context\":\"https:\/\/schema.org\",\"@graph\":[{\"@type\":\"WebPage\",\"@id\":\"https:\/\/akutolmukas.ee\/toode\/bl-trell-3-0\/\",\"url\":\"https:\/\/akutolmukas.ee\/toode\/bl-trell-3-0\/\",\"name\":\"BL-Akutrell 3.0 | Akutolmukas\",\"isPartOf\":{\"@id\":\"https:\/\/akutolmukas.ee\/#website\"},\"primaryImageOfPage\":{\"@id\":\"https:\/\/akutolmukas.ee\/toode\/bl-trell-3-0\/#primaryimage\"},\"image\":{\"@id\":\"https:\/\/akutolmukas.ee\/toode\/bl-trell-3-0\/#primaryimage\"},\"thumbnailUrl\":\"https:\/\/i0.wp.com\/akutolmukas.ee\/wp-content\/uploads\/2025\/06\/akutrell-3.0-2025-taiskomplekt.png?fit=1025%2C1025&ssl=1\",\"datePublished\":\"2025-06-19T01:56:55+00:00\",\"dateModified\":\"2025-09-09T10:19:27+00:00\",\"breadcrumb\":{\"@id\":\"https:\/\/akutolmukas.ee\/toode\/bl-trell-3-0\/#breadcrumb\"},\"inLanguage\":\"ru-RU\",\"potentialAction\":[{\"@type\":\"ReadAction\",\"target\":[\"https:\/\/akutolmukas.ee\/toode\/bl-trell-3-0\/\"]}]},{\"@type\":\"ImageObject\",\"inLanguage\":\"ru-RU\",\"@id\":\"https:\/\/akutolmukas.ee\/toode\/bl-trell-3-0\/#primaryimage\",\"url\":\"https:\/\/i0.wp.com\/akutolmukas.ee\/wp-content\/uploads\/2025\/06\/akutrell-3.0-2025-taiskomplekt.png?fit=1025%2C1025&ssl=1\",\"contentUrl\":\"https:\/\/i0.wp.com\/akutolmukas.ee\/wp-content\/uploads\/2025\/06\/akutrell-3.0-2025-taiskomplekt.png?fit=1025%2C1025&ssl=1\",\"width\":1025,\"height\":1025},{\"@type\":\"BreadcrumbList\",\"@id\":\"https:\/\/akutolmukas.ee\/toode\/bl-trell-3-0\/#breadcrumb\",\"itemListElement\":[{\"@type\":\"ListItem\",\"position\":1,\"name\":\"Home\",\"item\":\"https:\/\/akutolmukas.ee\/\"},{\"@type\":\"ListItem\",\"position\":2,\"name\":\"Pood\",\"item\":\"https:\/\/akutolmukas.ee\/pood\/\"},{\"@type\":\"ListItem\",\"position\":3,\"name\":\"BL-Akutrell 3.0\"}]},{\"@type\":\"WebSite\",\"@id\":\"https:\/\/akutolmukas.ee\/#website\",\"url\":\"https:\/\/akutolmukas.ee\/\",\"name\":\"Akutolmukas\",\"description\":\"Akutolmukas\",\"publisher\":{\"@id\":\"https:\/\/akutolmukas.ee\/#organization\"},\"potentialAction\":[{\"@type\":\"SearchAction\",\"target\":{\"@type\":\"EntryPoint\",\"urlTemplate\":\"https:\/\/akutolmukas.ee\/?s={search_term_string}\"},\"query-input\":{\"@type\":\"PropertyValueSpecification\",\"valueRequired\":true,\"valueName\":\"search_term_string\"}}],\"inLanguage\":\"ru-RU\"},{\"@type\":\"Organization\",\"@id\":\"https:\/\/akutolmukas.ee\/#organization\",\"name\":\"Frequit O\u00dc\",\"url\":\"https:\/\/akutolmukas.ee\/\",\"logo\":{\"@type\":\"ImageObject\",\"inLanguage\":\"ru-RU\",\"@id\":\"https:\/\/akutolmukas.ee\/#\/schema\/logo\/image\/\",\"url\":\"https:\/\/akutolmukas.ee\/wp-content\/uploads\/2021\/01\/900x300px-SVG-LaiLogoParem.svg\",\"contentUrl\":\"https:\/\/akutolmukas.ee\/wp-content\/uploads\/2021\/01\/900x300px-SVG-LaiLogoParem.svg\",\"width\":675,\"height\":225,\"caption\":\"Frequit O\u00dc\"},\"image\":{\"@id\":\"https:\/\/akutolmukas.ee\/#\/schema\/logo\/image\/\"}}]}<\/script>\n<!-- \/ Yoast SEO plugin. -->","yoast_head_json":{"title":"BL-Akutrell 3.0 | Akutolmukas","robots":{"index":"index","follow":"follow","max-snippet":"max-snippet:-1","max-image-preview":"max-image-preview:large","max-video-preview":"max-video-preview:-1"},"canonical":"https:\/\/akutolmukas.ee\/ru\/product\/bl-trell-3-0\/","og_locale":"ru_RU","og_type":"article","og_title":"BL-Akutrell 3.0 | Akutolmukas","og_description":"Peamised omadused: \ud83d\udee1 3-aastane garantii seadmele ja akule!    2-in-1 t\u00f6\u00f6riist \u2013 Akukruvikeeraja + trell  Puurib edukalt ka suurema kivipuuriga betooni \u2013 reaalne j\u00f5udlus, siis kui vaja!  Kaks 2.5 Ah akut, laadija ja kohver \u2013 kokku annab komapktse, korraliku ja t\u00e4idlase komplekti.  Komplektis kaasas k\u00f5ik vajalik:   Korralik otsikute ja puuride komplekt.  Kaks 2.5 Ah akut, 220 V EU. laadija ning tugev kandekohver.  Ei lisakuludele \u2013 komplekt on t\u00f6\u00f6valmis!     \u2705 T\u00f6\u00f6tab ka k\u00f5igi Makita 18 V akudega! \ud83d\udd27\u00a0Kindel valik \u2013 \u00f5iglane hind ja aus t\u00e4iskomplekt. Teiega alates 2019. aastast. \ud83d\udcde\u00a0K\u00fcsimusi v\u00f5i muresid?\u00a0Helistage v\u00f5i kirjutage \u2013\u00a0aitame!\u00a0Garantii\u00a0ja\u00a0klienditugi\u00a0Eestis!    Garantiiaeg:\u00a0KOLM\u00a0aastat (k\u00f5igile) Tarneaeg:\u00a0kuni\u00a0VIIS t\u00f6\u00f6p\u00e4eva Soodushind: 157\u20acCurrent price is: 170.00\u20ac.\u00a0sis. KM","og_url":"https:\/\/akutolmukas.ee\/ru\/product\/bl-trell-3-0\/","og_site_name":"Akutolmukas","article_modified_time":"2025-09-09T10:19:27+00:00","og_image":[{"width":1025,"height":1025,"url":"https:\/\/akutolmukas.ee\/wp-content\/uploads\/2025\/06\/akutrell-3.0-2025-taiskomplekt.png","type":"image\/png"}],"twitter_card":"summary_large_image","twitter_misc":{"Est. reading time":"1 \u043c\u0438\u043d\u0443\u0442\u0430"},"schema":{"@context":"https:\/\/schema.org","@graph":[{"@type":"WebPage","@id":"https:\/\/akutolmukas.ee\/toode\/bl-trell-3-0\/","url":"https:\/\/akutolmukas.ee\/toode\/bl-trell-3-0\/","name":"BL-Akutrell 3.0 | Akutolmukas","isPartOf":{"@id":"https:\/\/akutolmukas.ee\/#website"},"primaryImageOfPage":{"@id":"https:\/\/akutolmukas.ee\/toode\/bl-trell-3-0\/#primaryimage"},"image":{"@id":"https:\/\/akutolmukas.ee\/toode\/bl-trell-3-0\/#primaryimage"},"thumbnailUrl":"https:\/\/i0.wp.com\/akutolmukas.ee\/wp-content\/uploads\/2025\/06\/akutrell-3.0-2025-taiskomplekt.png?fit=1025%2C1025&ssl=1","datePublished":"2025-06-19T01:56:55+00:00","dateModified":"2025-09-09T10:19:27+00:00","breadcrumb":{"@id":"https:\/\/akutolmukas.ee\/toode\/bl-trell-3-0\/#breadcrumb"},"inLanguage":"ru-RU","potentialAction":[{"@type":"ReadAction","target":["https:\/\/akutolmukas.ee\/toode\/bl-trell-3-0\/"]}]},{"@type":"ImageObject","inLanguage":"ru-RU","@id":"https:\/\/akutolmukas.ee\/toode\/bl-trell-3-0\/#primaryimage","url":"https:\/\/i0.wp.com\/akutolmukas.ee\/wp-content\/uploads\/2025\/06\/akutrell-3.0-2025-taiskomplekt.png?fit=1025%2C1025&ssl=1","contentUrl":"https:\/\/i0.wp.com\/akutolmukas.ee\/wp-content\/uploads\/2025\/06\/akutrell-3.0-2025-taiskomplekt.png?fit=1025%2C1025&ssl=1","width":1025,"height":1025},{"@type":"BreadcrumbList","@id":"https:\/\/akutolmukas.ee\/toode\/bl-trell-3-0\/#breadcrumb","itemListElement":[{"@type":"ListItem","position":1,"name":"Home","item":"https:\/\/akutolmukas.ee\/"},{"@type":"ListItem","position":2,"name":"Pood","item":"https:\/\/akutolmukas.ee\/pood\/"},{"@type":"ListItem","position":3,"name":"BL-Akutrell 3.0"}]},{"@type":"WebSite","@id":"https:\/\/akutolmukas.ee\/#website","url":"https:\/\/akutolmukas.ee\/","name":"Akutolmukas","description":"Akutolmukas","publisher":{"@id":"https:\/\/akutolmukas.ee\/#organization"},"potentialAction":[{"@type":"SearchAction","target":{"@type":"EntryPoint","urlTemplate":"https:\/\/akutolmukas.ee\/?s={search_term_string}"},"query-input":{"@type":"PropertyValueSpecification","valueRequired":true,"valueName":"search_term_string"}}],"inLanguage":"ru-RU"},{"@type":"Organization","@id":"https:\/\/akutolmukas.ee\/#organization","name":"Frequit O\u00dc","url":"https:\/\/akutolmukas.ee\/","logo":{"@type":"ImageObject","inLanguage":"ru-RU","@id":"https:\/\/akutolmukas.ee\/#\/schema\/logo\/image\/","url":"https:\/\/akutolmukas.ee\/wp-content\/uploads\/2021\/01\/900x300px-SVG-LaiLogoParem.svg","contentUrl":"https:\/\/akutolmukas.ee\/wp-content\/uploads\/2021\/01\/900x300px-SVG-LaiLogoParem.svg","width":675,"height":225,"caption":"Frequit O\u00dc"},"image":{"@id":"https:\/\/akutolmukas.ee\/#\/schema\/logo\/image\/"}}]}},"jetpack-related-posts":[],"jetpack_sharing_enabled":true,"_links":{"self":[{"href":"https:\/\/akutolmukas.ee\/ru\/wp-json\/wp\/v2\/product\/10058","targetHints":{"allow":["GET"]}}],"collection":[{"href":"https:\/\/akutolmukas.ee\/ru\/wp-json\/wp\/v2\/product"}],"about":[{"href":"https:\/\/akutolmukas.ee\/ru\/wp-json\/wp\/v2\/types\/product"}],"replies":[{"embeddable":true,"href":"https:\/\/akutolmukas.ee\/ru\/wp-json\/wp\/v2\/comments?post=10058"}],"wp:featuredmedia":[{"embeddable":true,"href":"https:\/\/akutolmukas.ee\/ru\/wp-json\/wp\/v2\/media\/10067"}],"wp:attachment":[{"href":"https:\/\/akutolmukas.ee\/ru\/wp-json\/wp\/v2\/media?parent=10058"}],"wp:term":[{"taxonomy":"product_brand","embeddable":true,"href":"https:\/\/akutolmukas.ee\/ru\/wp-json\/wp\/v2\/product_brand?post=10058"},{"taxonomy":"product_cat","embeddable":true,"href":"https:\/\/akutolmukas.ee\/ru\/wp-json\/wp\/v2\/product_cat?post=10058"},{"taxonomy":"product_tag","embeddable":true,"href":"https:\/\/akutolmukas.ee\/ru\/wp-json\/wp\/v2\/product_tag?post=10058"}],"curies":[{"name":"wp","href":"https:\/\/api.w.org\/{rel}","templated":true}]}}