{"id":12361,"date":"2026-04-13T20:45:32","date_gmt":"2026-04-13T17:45:32","guid":{"rendered":"https:\/\/akutolmukas.ee\/?post_type=product&#038;p=12361"},"modified":"2026-04-14T09:08:59","modified_gmt":"2026-04-14T06:08:59","slug":"bl-pro-mullafrees","status":"publish","type":"product","link":"https:\/\/akutolmukas.ee\/ru\/product\/bl-pro-mullafrees\/","title":{"rendered":"Korralik BL. mullafreees"},"content":{"rendered":"","protected":false},"excerpt":{"rendered":"<p><strong>Peagi saadaval!<\/strong><\/p>\n<p><em>(Alates 22.04.2026 saadaval sisu ja pisikese laoga, eeltutvuge fotogalerii abil , \u00fclevalt)<\/em><\/p>\n<p>NB! Saadavale tuleb v\u00e4rske originaal Yofidra toode, mis on igatahes sisseostul k\u00f5igist teistest tuugalt 35% kallim. Ainulaadne reaalne harjavaba mootor analoogsel tootel koos kokku neljalabalise s\u00fcsteemiga. Neile kes tahavad ajastule parimat ja seda taskukohaselt.<\/p>","protected":false},"featured_media":12371,"comment_status":"open","ping_status":"closed","template":"","meta":{"_acf_changed":false,"site-sidebar-layout":"default","site-content-layout":"","ast-site-content-layout":"default","site-content-style":"default","site-sidebar-style":"default","ast-global-header-display":"","ast-banner-title-visibility":"","ast-main-header-display":"","ast-hfb-above-header-display":"","ast-hfb-below-header-display":"","ast-hfb-mobile-header-display":"","site-post-title":"","ast-breadcrumbs-content":"","ast-featured-img":"","footer-sml-layout":"","ast-disable-related-posts":"","theme-transparent-header-meta":"default","adv-header-id-meta":"","stick-header-meta":"","header-above-stick-meta":"","header-main-stick-meta":"","header-below-stick-meta":"","astra-migrate-meta-layouts":"set","ast-page-background-enabled":"default","ast-page-background-meta":{"desktop":{"background-color":"","background-image":"","background-repeat":"repeat","background-position":"center center","background-size":"auto","background-attachment":"scroll","background-type":"","background-media":"","overlay-type":"","overlay-color":"","overlay-opacity":"","overlay-gradient":""},"tablet":{"background-color":"","background-image":"","background-repeat":"repeat","background-position":"center center","background-size":"auto","background-attachment":"scroll","background-type":"","background-media":"","overlay-type":"","overlay-color":"","overlay-opacity":"","overlay-gradient":""},"mobile":{"background-color":"","background-image":"","background-repeat":"repeat","background-position":"center center","background-size":"auto","background-attachment":"scroll","background-type":"","background-media":"","overlay-type":"","overlay-color":"","overlay-opacity":"","overlay-gradient":""}},"ast-content-background-meta":{"desktop":{"background-color":"var(--ast-global-color-5)","background-image":"","background-repeat":"repeat","background-position":"center center","background-size":"auto","background-attachment":"scroll","background-type":"","background-media":"","overlay-type":"","overlay-color":"","overlay-opacity":"","overlay-gradient":""},"tablet":{"background-color":"var(--ast-global-color-5)","background-image":"","background-repeat":"repeat","background-position":"center center","background-size":"auto","background-attachment":"scroll","background-type":"","background-media":"","overlay-type":"","overlay-color":"","overlay-opacity":"","overlay-gradient":""},"mobile":{"background-color":"var(--ast-global-color-5)","background-image":"","background-repeat":"repeat","background-position":"center center","background-size":"auto","background-attachment":"scroll","background-type":"","background-media":"","overlay-type":"","overlay-color":"","overlay-opacity":"","overlay-gradient":""}}},"product_brand":[],"product_cat":[29],"product_tag":[],"class_list":{"0":"post-12361","1":"product","2":"type-product","3":"status-publish","4":"has-post-thumbnail","6":"product_cat-akuga-tooriistad","7":"desktop-align-left","8":"tablet-align-left","9":"mobile-align-left","10":"ast-product-gallery-layout-horizontal-slider","11":"ast-product-tabs-layout-horizontal","13":"first","14":"instock","15":"taxable","16":"shipping-taxable","17":"purchasable","18":"product-type-simple"},"acf":[],"yoast_head":"<!-- This site is optimized with the Yoast SEO plugin v27.4 - https:\/\/yoast.com\/product\/yoast-seo-wordpress\/ -->\n<title>Korralik BL. mullafreees | Akutolmukas<\/title>\n<meta name=\"robots\" content=\"index, follow, max-snippet:-1, max-image-preview:large, max-video-preview:-1\" \/>\n<link rel=\"canonical\" href=\"https:\/\/akutolmukas.ee\/ru\/product\/bl-pro-mullafrees\/\" \/>\n<meta property=\"og:locale\" content=\"ru_RU\" \/>\n<meta property=\"og:type\" content=\"article\" \/>\n<meta property=\"og:title\" content=\"Korralik BL. mullafreees | Akutolmukas\" \/>\n<meta property=\"og:description\" content=\"Peagi saadaval!  (Alates 22.04.2026 saadaval sisu ja pisikese laoga, eeltutvuge fotogalerii abil , \u00fclevalt)  NB! Saadavale tuleb v\u00e4rske originaal Yofidra toode, mis on igatahes sisseostul k\u00f5igist teistest tuugalt 35% kallim. Ainulaadne reaalne harjavaba mootor analoogsel tootel koos kokku neljalabalise s\u00fcsteemiga. Neile kes tahavad ajastule parimat ja seda taskukohaselt.\" \/>\n<meta property=\"og:url\" content=\"https:\/\/akutolmukas.ee\/ru\/product\/bl-pro-mullafrees\/\" \/>\n<meta property=\"og:site_name\" content=\"Akutolmukas\" \/>\n<meta property=\"article:modified_time\" content=\"2026-04-14T06:08:59+00:00\" \/>\n<meta property=\"og:image\" content=\"https:\/\/akutolmukas.ee\/wp-content\/uploads\/2026\/04\/Polish_20260414_034943962.jpg\" \/>\n\t<meta property=\"og:image:width\" content=\"1080\" \/>\n\t<meta property=\"og:image:height\" content=\"1080\" \/>\n\t<meta property=\"og:image:type\" content=\"image\/jpeg\" \/>\n<meta name=\"twitter:card\" content=\"summary_large_image\" \/>\n<meta name=\"twitter:label1\" content=\"\u041f\u0440\u0438\u043c\u0435\u0440\u043d\u043e\u0435 \u0432\u0440\u0435\u043c\u044f \u0434\u043b\u044f \u0447\u0442\u0435\u043d\u0438\u044f\" \/>\n\t<meta name=\"twitter:data1\" content=\"1 \u043c\u0438\u043d\u0443\u0442\u0430\" \/>\n<script type=\"application\/ld+json\" class=\"yoast-schema-graph\">{\"@context\":\"https:\\\/\\\/schema.org\",\"@graph\":[{\"@type\":\"WebPage\",\"@id\":\"https:\\\/\\\/akutolmukas.ee\\\/toode\\\/bl-pro-mullafrees\\\/\",\"url\":\"https:\\\/\\\/akutolmukas.ee\\\/toode\\\/bl-pro-mullafrees\\\/\",\"name\":\"Korralik BL. mullafreees | Akutolmukas\",\"isPartOf\":{\"@id\":\"https:\\\/\\\/akutolmukas.ee\\\/#website\"},\"primaryImageOfPage\":{\"@id\":\"https:\\\/\\\/akutolmukas.ee\\\/toode\\\/bl-pro-mullafrees\\\/#primaryimage\"},\"image\":{\"@id\":\"https:\\\/\\\/akutolmukas.ee\\\/toode\\\/bl-pro-mullafrees\\\/#primaryimage\"},\"thumbnailUrl\":\"https:\\\/\\\/i0.wp.com\\\/akutolmukas.ee\\\/wp-content\\\/uploads\\\/2026\\\/04\\\/Polish_20260414_034943962.jpg?fit=1080%2C1080&ssl=1\",\"datePublished\":\"2026-04-13T17:45:32+00:00\",\"dateModified\":\"2026-04-14T06:08:59+00:00\",\"breadcrumb\":{\"@id\":\"https:\\\/\\\/akutolmukas.ee\\\/toode\\\/bl-pro-mullafrees\\\/#breadcrumb\"},\"inLanguage\":\"ru-RU\",\"potentialAction\":[{\"@type\":\"ReadAction\",\"target\":[\"https:\\\/\\\/akutolmukas.ee\\\/toode\\\/bl-pro-mullafrees\\\/\"]}]},{\"@type\":\"ImageObject\",\"inLanguage\":\"ru-RU\",\"@id\":\"https:\\\/\\\/akutolmukas.ee\\\/toode\\\/bl-pro-mullafrees\\\/#primaryimage\",\"url\":\"https:\\\/\\\/i0.wp.com\\\/akutolmukas.ee\\\/wp-content\\\/uploads\\\/2026\\\/04\\\/Polish_20260414_034943962.jpg?fit=1080%2C1080&ssl=1\",\"contentUrl\":\"https:\\\/\\\/i0.wp.com\\\/akutolmukas.ee\\\/wp-content\\\/uploads\\\/2026\\\/04\\\/Polish_20260414_034943962.jpg?fit=1080%2C1080&ssl=1\",\"width\":1080,\"height\":1080},{\"@type\":\"BreadcrumbList\",\"@id\":\"https:\\\/\\\/akutolmukas.ee\\\/toode\\\/bl-pro-mullafrees\\\/#breadcrumb\",\"itemListElement\":[{\"@type\":\"ListItem\",\"position\":1,\"name\":\"Home\",\"item\":\"https:\\\/\\\/akutolmukas.ee\\\/\"},{\"@type\":\"ListItem\",\"position\":2,\"name\":\"Pood\",\"item\":\"https:\\\/\\\/akutolmukas.ee\\\/pood\\\/\"},{\"@type\":\"ListItem\",\"position\":3,\"name\":\"Korralik BL. mullafreees\"}]},{\"@type\":\"WebSite\",\"@id\":\"https:\\\/\\\/akutolmukas.ee\\\/#website\",\"url\":\"https:\\\/\\\/akutolmukas.ee\\\/\",\"name\":\"Akutolmukas\",\"description\":\"Akutolmukas\",\"publisher\":{\"@id\":\"https:\\\/\\\/akutolmukas.ee\\\/#organization\"},\"potentialAction\":[{\"@type\":\"SearchAction\",\"target\":{\"@type\":\"EntryPoint\",\"urlTemplate\":\"https:\\\/\\\/akutolmukas.ee\\\/?s={search_term_string}\"},\"query-input\":{\"@type\":\"PropertyValueSpecification\",\"valueRequired\":true,\"valueName\":\"search_term_string\"}}],\"inLanguage\":\"ru-RU\"},{\"@type\":\"Organization\",\"@id\":\"https:\\\/\\\/akutolmukas.ee\\\/#organization\",\"name\":\"Frequit O\u00dc\",\"url\":\"https:\\\/\\\/akutolmukas.ee\\\/\",\"logo\":{\"@type\":\"ImageObject\",\"inLanguage\":\"ru-RU\",\"@id\":\"https:\\\/\\\/akutolmukas.ee\\\/#\\\/schema\\\/logo\\\/image\\\/\",\"url\":\"https:\\\/\\\/akutolmukas.ee\\\/wp-content\\\/uploads\\\/2021\\\/01\\\/900x300px-SVG-LaiLogoParem.svg\",\"contentUrl\":\"https:\\\/\\\/akutolmukas.ee\\\/wp-content\\\/uploads\\\/2021\\\/01\\\/900x300px-SVG-LaiLogoParem.svg\",\"width\":675,\"height\":225,\"caption\":\"Frequit O\u00dc\"},\"image\":{\"@id\":\"https:\\\/\\\/akutolmukas.ee\\\/#\\\/schema\\\/logo\\\/image\\\/\"}}]}<\/script>\n<!-- \/ Yoast SEO plugin. -->","yoast_head_json":{"title":"Korralik BL. mullafreees | Akutolmukas","robots":{"index":"index","follow":"follow","max-snippet":"max-snippet:-1","max-image-preview":"max-image-preview:large","max-video-preview":"max-video-preview:-1"},"canonical":"https:\/\/akutolmukas.ee\/ru\/product\/bl-pro-mullafrees\/","og_locale":"ru_RU","og_type":"article","og_title":"Korralik BL. mullafreees | Akutolmukas","og_description":"Peagi saadaval!  (Alates 22.04.2026 saadaval sisu ja pisikese laoga, eeltutvuge fotogalerii abil , \u00fclevalt)  NB! Saadavale tuleb v\u00e4rske originaal Yofidra toode, mis on igatahes sisseostul k\u00f5igist teistest tuugalt 35% kallim. Ainulaadne reaalne harjavaba mootor analoogsel tootel koos kokku neljalabalise s\u00fcsteemiga. Neile kes tahavad ajastule parimat ja seda taskukohaselt.","og_url":"https:\/\/akutolmukas.ee\/ru\/product\/bl-pro-mullafrees\/","og_site_name":"Akutolmukas","article_modified_time":"2026-04-14T06:08:59+00:00","og_image":[{"width":1080,"height":1080,"url":"https:\/\/akutolmukas.ee\/wp-content\/uploads\/2026\/04\/Polish_20260414_034943962.jpg","type":"image\/jpeg"}],"twitter_card":"summary_large_image","twitter_misc":{"\u041f\u0440\u0438\u043c\u0435\u0440\u043d\u043e\u0435 \u0432\u0440\u0435\u043c\u044f \u0434\u043b\u044f \u0447\u0442\u0435\u043d\u0438\u044f":"1 \u043c\u0438\u043d\u0443\u0442\u0430"},"schema":{"@context":"https:\/\/schema.org","@graph":[{"@type":"WebPage","@id":"https:\/\/akutolmukas.ee\/toode\/bl-pro-mullafrees\/","url":"https:\/\/akutolmukas.ee\/toode\/bl-pro-mullafrees\/","name":"Korralik BL. mullafreees | Akutolmukas","isPartOf":{"@id":"https:\/\/akutolmukas.ee\/#website"},"primaryImageOfPage":{"@id":"https:\/\/akutolmukas.ee\/toode\/bl-pro-mullafrees\/#primaryimage"},"image":{"@id":"https:\/\/akutolmukas.ee\/toode\/bl-pro-mullafrees\/#primaryimage"},"thumbnailUrl":"https:\/\/i0.wp.com\/akutolmukas.ee\/wp-content\/uploads\/2026\/04\/Polish_20260414_034943962.jpg?fit=1080%2C1080&ssl=1","datePublished":"2026-04-13T17:45:32+00:00","dateModified":"2026-04-14T06:08:59+00:00","breadcrumb":{"@id":"https:\/\/akutolmukas.ee\/toode\/bl-pro-mullafrees\/#breadcrumb"},"inLanguage":"ru-RU","potentialAction":[{"@type":"ReadAction","target":["https:\/\/akutolmukas.ee\/toode\/bl-pro-mullafrees\/"]}]},{"@type":"ImageObject","inLanguage":"ru-RU","@id":"https:\/\/akutolmukas.ee\/toode\/bl-pro-mullafrees\/#primaryimage","url":"https:\/\/i0.wp.com\/akutolmukas.ee\/wp-content\/uploads\/2026\/04\/Polish_20260414_034943962.jpg?fit=1080%2C1080&ssl=1","contentUrl":"https:\/\/i0.wp.com\/akutolmukas.ee\/wp-content\/uploads\/2026\/04\/Polish_20260414_034943962.jpg?fit=1080%2C1080&ssl=1","width":1080,"height":1080},{"@type":"BreadcrumbList","@id":"https:\/\/akutolmukas.ee\/toode\/bl-pro-mullafrees\/#breadcrumb","itemListElement":[{"@type":"ListItem","position":1,"name":"Home","item":"https:\/\/akutolmukas.ee\/"},{"@type":"ListItem","position":2,"name":"Pood","item":"https:\/\/akutolmukas.ee\/pood\/"},{"@type":"ListItem","position":3,"name":"Korralik BL. mullafreees"}]},{"@type":"WebSite","@id":"https:\/\/akutolmukas.ee\/#website","url":"https:\/\/akutolmukas.ee\/","name":"Akutolmukas","description":"Akutolmukas","publisher":{"@id":"https:\/\/akutolmukas.ee\/#organization"},"potentialAction":[{"@type":"SearchAction","target":{"@type":"EntryPoint","urlTemplate":"https:\/\/akutolmukas.ee\/?s={search_term_string}"},"query-input":{"@type":"PropertyValueSpecification","valueRequired":true,"valueName":"search_term_string"}}],"inLanguage":"ru-RU"},{"@type":"Organization","@id":"https:\/\/akutolmukas.ee\/#organization","name":"Frequit O\u00dc","url":"https:\/\/akutolmukas.ee\/","logo":{"@type":"ImageObject","inLanguage":"ru-RU","@id":"https:\/\/akutolmukas.ee\/#\/schema\/logo\/image\/","url":"https:\/\/akutolmukas.ee\/wp-content\/uploads\/2021\/01\/900x300px-SVG-LaiLogoParem.svg","contentUrl":"https:\/\/akutolmukas.ee\/wp-content\/uploads\/2021\/01\/900x300px-SVG-LaiLogoParem.svg","width":675,"height":225,"caption":"Frequit O\u00dc"},"image":{"@id":"https:\/\/akutolmukas.ee\/#\/schema\/logo\/image\/"}}]}},"jetpack-related-posts":[],"jetpack_sharing_enabled":true,"_links":{"self":[{"href":"https:\/\/akutolmukas.ee\/ru\/wp-json\/wp\/v2\/product\/12361","targetHints":{"allow":["GET"]}}],"collection":[{"href":"https:\/\/akutolmukas.ee\/ru\/wp-json\/wp\/v2\/product"}],"about":[{"href":"https:\/\/akutolmukas.ee\/ru\/wp-json\/wp\/v2\/types\/product"}],"replies":[{"embeddable":true,"href":"https:\/\/akutolmukas.ee\/ru\/wp-json\/wp\/v2\/comments?post=12361"}],"wp:featuredmedia":[{"embeddable":true,"href":"https:\/\/akutolmukas.ee\/ru\/wp-json\/wp\/v2\/media\/12371"}],"wp:attachment":[{"href":"https:\/\/akutolmukas.ee\/ru\/wp-json\/wp\/v2\/media?parent=12361"}],"wp:term":[{"taxonomy":"product_brand","embeddable":true,"href":"https:\/\/akutolmukas.ee\/ru\/wp-json\/wp\/v2\/product_brand?post=12361"},{"taxonomy":"product_cat","embeddable":true,"href":"https:\/\/akutolmukas.ee\/ru\/wp-json\/wp\/v2\/product_cat?post=12361"},{"taxonomy":"product_tag","embeddable":true,"href":"https:\/\/akutolmukas.ee\/ru\/wp-json\/wp\/v2\/product_tag?post=12361"}],"curies":[{"name":"wp","href":"https:\/\/api.w.org\/{rel}","templated":true}]}}