{"id":1280,"date":"2021-03-22T12:34:02","date_gmt":"2021-03-22T10:34:02","guid":{"rendered":"https:\/\/akutolmukas.ee\/?post_type=product&#038;p=1280"},"modified":"2024-09-17T16:19:34","modified_gmt":"2024-09-17T13:19:34","slug":"lisalapidf400","status":"publish","type":"product","link":"https:\/\/akutolmukas.ee\/ru\/product\/lisalapidf400\/","title":{"rendered":"Lisalapid &#8220;F400+&#8221; (4tk.)"},"content":{"rendered":"<p><strong>Lisak\u00fcsimuste korral v\u00f5tke julgelt \u00fchendust meie meeskonnaga. Oleme vajadusel teiejaoks olemas ja abistame!<\/strong><\/p>\n<p>+372 5454 3775 Mihkel. E-R:10.30-17.00<\/p>\n<p><strong>Akutolmukas.ee- Teiega alates 2019.a!<\/strong><\/p>","protected":false},"excerpt":{"rendered":"<p><strong>Paksu materjaliga, vastupidavad lapid tagavaraks!<\/strong><\/p>\n<p><strong>Mikrofiiber tehnoloogia, kriimustuste vastane p\u00f5him\u00f5te!<\/strong><\/p>\n<p><strong>Toimivad ka varasemate mudelitega, universaalsed!<\/strong><\/p>\n<p><strong>Tellida juhul kui originaalid hakkavad \u00e4ra v\u00e4sima v\u00f5i j\u00e4\u00e4b puudu. Samu lappe saab korduvalt pesta ja kasutada!<\/strong><\/p>\n<hr \/>\n<p><strong>Hind<\/strong> (4tk.): 25 EUR.- (Sis.KM\/ tasuta tarnega)<\/p>\n<p><strong>\u0421\u0440\u043e\u043a \u0434\u043e\u0441\u0442\u0430\u0432\u043a\u0438:\u00a0<\/strong>kuni NELI t\u00f6\u00f6p\u00e4eva<\/p>\n<p><strong>Garanteeritud sobivusega!<\/strong><\/p>","protected":false},"featured_media":1281,"comment_status":"open","ping_status":"closed","template":"","meta":{"_acf_changed":false,"site-sidebar-layout":"default","site-content-layout":"default","ast-site-content-layout":"default","site-content-style":"default","site-sidebar-style":"default","ast-global-header-display":"","ast-banner-title-visibility":"","ast-main-header-display":"","ast-hfb-above-header-display":"","ast-hfb-below-header-display":"","ast-hfb-mobile-header-display":"","site-post-title":"","ast-breadcrumbs-content":"","ast-featured-img":"","footer-sml-layout":"","ast-disable-related-posts":"","theme-transparent-header-meta":"default","adv-header-id-meta":"","stick-header-meta":"","header-above-stick-meta":"","header-main-stick-meta":"","header-below-stick-meta":"","astra-migrate-meta-layouts":"set","ast-page-background-enabled":"default","ast-page-background-meta":{"desktop":{"background-color":"","background-image":"","background-repeat":"repeat","background-position":"center center","background-size":"auto","background-attachment":"scroll","background-type":"","background-media":"","overlay-type":"","overlay-color":"","overlay-opacity":"","overlay-gradient":""},"tablet":{"background-color":"","background-image":"","background-repeat":"repeat","background-position":"center center","background-size":"auto","background-attachment":"scroll","background-type":"","background-media":"","overlay-type":"","overlay-color":"","overlay-opacity":"","overlay-gradient":""},"mobile":{"background-color":"","background-image":"","background-repeat":"repeat","background-position":"center center","background-size":"auto","background-attachment":"scroll","background-type":"","background-media":"","overlay-type":"","overlay-color":"","overlay-opacity":"","overlay-gradient":""}},"ast-content-background-meta":{"desktop":{"background-color":"var(--ast-global-color-5)","background-image":"","background-repeat":"repeat","background-position":"center center","background-size":"auto","background-attachment":"scroll","background-type":"","background-media":"","overlay-type":"","overlay-color":"","overlay-opacity":"","overlay-gradient":""},"tablet":{"background-color":"var(--ast-global-color-5)","background-image":"","background-repeat":"repeat","background-position":"center center","background-size":"auto","background-attachment":"scroll","background-type":"","background-media":"","overlay-type":"","overlay-color":"","overlay-opacity":"","overlay-gradient":""},"mobile":{"background-color":"var(--ast-global-color-5)","background-image":"","background-repeat":"repeat","background-position":"center center","background-size":"auto","background-attachment":"scroll","background-type":"","background-media":"","overlay-type":"","overlay-color":"","overlay-opacity":"","overlay-gradient":""}}},"product_brand":[],"product_cat":[21],"product_tag":[],"class_list":{"0":"post-1280","1":"product","2":"type-product","3":"status-publish","4":"has-post-thumbnail","6":"product_cat-tarvikud","7":"desktop-align-left","8":"tablet-align-left","9":"mobile-align-left","10":"ast-product-gallery-layout-horizontal-slider","11":"ast-product-tabs-layout-horizontal","13":"first","14":"instock","15":"taxable","16":"shipping-taxable","17":"purchasable","18":"product-type-simple"},"acf":[],"yoast_head":"<!-- This site is optimized with the Yoast SEO plugin v27.1.1 - https:\/\/yoast.com\/product\/yoast-seo-wordpress\/ -->\n<title>Lisalapid &quot;F400+&quot; (4tk.) | Akutolmukas<\/title>\n<meta name=\"robots\" content=\"index, follow, max-snippet:-1, max-image-preview:large, max-video-preview:-1\" \/>\n<link rel=\"canonical\" href=\"https:\/\/akutolmukas.ee\/ru\/product\/lisalapidf400\/\" \/>\n<meta property=\"og:locale\" content=\"ru_RU\" \/>\n<meta property=\"og:type\" content=\"article\" \/>\n<meta property=\"og:title\" content=\"Lisalapid &quot;F400+&quot; (4tk.) | Akutolmukas\" \/>\n<meta property=\"og:description\" content=\"Paksu materjaliga, vastupidavad lapid tagavaraks!  Mikrofiiber tehnoloogia, kriimustuste vastane p\u00f5him\u00f5te!  Toimivad ka varasemate mudelitega, universaalsed!  Tellida juhul kui originaalid hakkavad \u00e4ra v\u00e4sima v\u00f5i j\u00e4\u00e4b puudu. Samu lappe saab korduvalt pesta ja kasutada!    Hind (4tk.): 25 EUR.- (Sis.KM\/ tasuta tarnega)  Tarneaeg:\u00a0kuni NELI t\u00f6\u00f6p\u00e4eva  Garanteeritud sobivusega!\" \/>\n<meta property=\"og:url\" content=\"https:\/\/akutolmukas.ee\/ru\/product\/lisalapidf400\/\" \/>\n<meta property=\"og:site_name\" content=\"Akutolmukas\" \/>\n<meta property=\"article:modified_time\" content=\"2024-09-17T13:19:34+00:00\" \/>\n<meta property=\"og:image\" content=\"https:\/\/i0.wp.com\/akutolmukas.ee\/wp-content\/uploads\/2021\/03\/lapid1.jpg?fit=426%2C446&ssl=1\" \/>\n\t<meta property=\"og:image:width\" content=\"426\" \/>\n\t<meta property=\"og:image:height\" content=\"446\" \/>\n\t<meta property=\"og:image:type\" content=\"image\/jpeg\" \/>\n<meta name=\"twitter:card\" content=\"summary_large_image\" \/>\n<meta name=\"twitter:label1\" content=\"Est. reading time\" \/>\n\t<meta name=\"twitter:data1\" content=\"1 \u043c\u0438\u043d\u0443\u0442\u0430\" \/>\n<script type=\"application\/ld+json\" class=\"yoast-schema-graph\">{\"@context\":\"https:\/\/schema.org\",\"@graph\":[{\"@type\":\"WebPage\",\"@id\":\"https:\/\/akutolmukas.ee\/toode\/lisalapidf400\/\",\"url\":\"https:\/\/akutolmukas.ee\/toode\/lisalapidf400\/\",\"name\":\"Lisalapid \\\"F400+\\\" (4tk.) | Akutolmukas\",\"isPartOf\":{\"@id\":\"https:\/\/akutolmukas.ee\/#website\"},\"primaryImageOfPage\":{\"@id\":\"https:\/\/akutolmukas.ee\/toode\/lisalapidf400\/#primaryimage\"},\"image\":{\"@id\":\"https:\/\/akutolmukas.ee\/toode\/lisalapidf400\/#primaryimage\"},\"thumbnailUrl\":\"https:\/\/i0.wp.com\/akutolmukas.ee\/wp-content\/uploads\/2021\/03\/lapid1.jpg?fit=426%2C446&ssl=1\",\"datePublished\":\"2021-03-22T10:34:02+00:00\",\"dateModified\":\"2024-09-17T13:19:34+00:00\",\"breadcrumb\":{\"@id\":\"https:\/\/akutolmukas.ee\/toode\/lisalapidf400\/#breadcrumb\"},\"inLanguage\":\"ru-RU\",\"potentialAction\":[{\"@type\":\"ReadAction\",\"target\":[\"https:\/\/akutolmukas.ee\/toode\/lisalapidf400\/\"]}]},{\"@type\":\"ImageObject\",\"inLanguage\":\"ru-RU\",\"@id\":\"https:\/\/akutolmukas.ee\/toode\/lisalapidf400\/#primaryimage\",\"url\":\"https:\/\/i0.wp.com\/akutolmukas.ee\/wp-content\/uploads\/2021\/03\/lapid1.jpg?fit=426%2C446&ssl=1\",\"contentUrl\":\"https:\/\/i0.wp.com\/akutolmukas.ee\/wp-content\/uploads\/2021\/03\/lapid1.jpg?fit=426%2C446&ssl=1\",\"width\":426,\"height\":446},{\"@type\":\"BreadcrumbList\",\"@id\":\"https:\/\/akutolmukas.ee\/toode\/lisalapidf400\/#breadcrumb\",\"itemListElement\":[{\"@type\":\"ListItem\",\"position\":1,\"name\":\"Home\",\"item\":\"https:\/\/akutolmukas.ee\/\"},{\"@type\":\"ListItem\",\"position\":2,\"name\":\"Pood\",\"item\":\"https:\/\/akutolmukas.ee\/pood\/\"},{\"@type\":\"ListItem\",\"position\":3,\"name\":\"Lisalapid &#8220;F400+&#8221; (4tk.)\"}]},{\"@type\":\"WebSite\",\"@id\":\"https:\/\/akutolmukas.ee\/#website\",\"url\":\"https:\/\/akutolmukas.ee\/\",\"name\":\"Akutolmukas\",\"description\":\"Akutolmukas\",\"publisher\":{\"@id\":\"https:\/\/akutolmukas.ee\/#organization\"},\"potentialAction\":[{\"@type\":\"SearchAction\",\"target\":{\"@type\":\"EntryPoint\",\"urlTemplate\":\"https:\/\/akutolmukas.ee\/?s={search_term_string}\"},\"query-input\":{\"@type\":\"PropertyValueSpecification\",\"valueRequired\":true,\"valueName\":\"search_term_string\"}}],\"inLanguage\":\"ru-RU\"},{\"@type\":\"Organization\",\"@id\":\"https:\/\/akutolmukas.ee\/#organization\",\"name\":\"Frequit O\u00dc\",\"url\":\"https:\/\/akutolmukas.ee\/\",\"logo\":{\"@type\":\"ImageObject\",\"inLanguage\":\"ru-RU\",\"@id\":\"https:\/\/akutolmukas.ee\/#\/schema\/logo\/image\/\",\"url\":\"https:\/\/akutolmukas.ee\/wp-content\/uploads\/2021\/01\/900x300px-SVG-LaiLogoParem.svg\",\"contentUrl\":\"https:\/\/akutolmukas.ee\/wp-content\/uploads\/2021\/01\/900x300px-SVG-LaiLogoParem.svg\",\"width\":675,\"height\":225,\"caption\":\"Frequit O\u00dc\"},\"image\":{\"@id\":\"https:\/\/akutolmukas.ee\/#\/schema\/logo\/image\/\"}}]}<\/script>\n<!-- \/ Yoast SEO plugin. -->","yoast_head_json":{"title":"Lisalapid \"F400+\" (4tk.) | Akutolmukas","robots":{"index":"index","follow":"follow","max-snippet":"max-snippet:-1","max-image-preview":"max-image-preview:large","max-video-preview":"max-video-preview:-1"},"canonical":"https:\/\/akutolmukas.ee\/ru\/product\/lisalapidf400\/","og_locale":"ru_RU","og_type":"article","og_title":"Lisalapid \"F400+\" (4tk.) | Akutolmukas","og_description":"Paksu materjaliga, vastupidavad lapid tagavaraks!  Mikrofiiber tehnoloogia, kriimustuste vastane p\u00f5him\u00f5te!  Toimivad ka varasemate mudelitega, universaalsed!  Tellida juhul kui originaalid hakkavad \u00e4ra v\u00e4sima v\u00f5i j\u00e4\u00e4b puudu. Samu lappe saab korduvalt pesta ja kasutada!    Hind (4tk.): 25 EUR.- (Sis.KM\/ tasuta tarnega)  Tarneaeg:\u00a0kuni NELI t\u00f6\u00f6p\u00e4eva  Garanteeritud sobivusega!","og_url":"https:\/\/akutolmukas.ee\/ru\/product\/lisalapidf400\/","og_site_name":"Akutolmukas","article_modified_time":"2024-09-17T13:19:34+00:00","og_image":[{"width":426,"height":446,"url":"https:\/\/i0.wp.com\/akutolmukas.ee\/wp-content\/uploads\/2021\/03\/lapid1.jpg?fit=426%2C446&ssl=1","type":"image\/jpeg"}],"twitter_card":"summary_large_image","twitter_misc":{"Est. reading time":"1 \u043c\u0438\u043d\u0443\u0442\u0430"},"schema":{"@context":"https:\/\/schema.org","@graph":[{"@type":"WebPage","@id":"https:\/\/akutolmukas.ee\/toode\/lisalapidf400\/","url":"https:\/\/akutolmukas.ee\/toode\/lisalapidf400\/","name":"Lisalapid \"F400+\" (4tk.) | Akutolmukas","isPartOf":{"@id":"https:\/\/akutolmukas.ee\/#website"},"primaryImageOfPage":{"@id":"https:\/\/akutolmukas.ee\/toode\/lisalapidf400\/#primaryimage"},"image":{"@id":"https:\/\/akutolmukas.ee\/toode\/lisalapidf400\/#primaryimage"},"thumbnailUrl":"https:\/\/i0.wp.com\/akutolmukas.ee\/wp-content\/uploads\/2021\/03\/lapid1.jpg?fit=426%2C446&ssl=1","datePublished":"2021-03-22T10:34:02+00:00","dateModified":"2024-09-17T13:19:34+00:00","breadcrumb":{"@id":"https:\/\/akutolmukas.ee\/toode\/lisalapidf400\/#breadcrumb"},"inLanguage":"ru-RU","potentialAction":[{"@type":"ReadAction","target":["https:\/\/akutolmukas.ee\/toode\/lisalapidf400\/"]}]},{"@type":"ImageObject","inLanguage":"ru-RU","@id":"https:\/\/akutolmukas.ee\/toode\/lisalapidf400\/#primaryimage","url":"https:\/\/i0.wp.com\/akutolmukas.ee\/wp-content\/uploads\/2021\/03\/lapid1.jpg?fit=426%2C446&ssl=1","contentUrl":"https:\/\/i0.wp.com\/akutolmukas.ee\/wp-content\/uploads\/2021\/03\/lapid1.jpg?fit=426%2C446&ssl=1","width":426,"height":446},{"@type":"BreadcrumbList","@id":"https:\/\/akutolmukas.ee\/toode\/lisalapidf400\/#breadcrumb","itemListElement":[{"@type":"ListItem","position":1,"name":"Home","item":"https:\/\/akutolmukas.ee\/"},{"@type":"ListItem","position":2,"name":"Pood","item":"https:\/\/akutolmukas.ee\/pood\/"},{"@type":"ListItem","position":3,"name":"Lisalapid &#8220;F400+&#8221; (4tk.)"}]},{"@type":"WebSite","@id":"https:\/\/akutolmukas.ee\/#website","url":"https:\/\/akutolmukas.ee\/","name":"Akutolmukas","description":"Akutolmukas","publisher":{"@id":"https:\/\/akutolmukas.ee\/#organization"},"potentialAction":[{"@type":"SearchAction","target":{"@type":"EntryPoint","urlTemplate":"https:\/\/akutolmukas.ee\/?s={search_term_string}"},"query-input":{"@type":"PropertyValueSpecification","valueRequired":true,"valueName":"search_term_string"}}],"inLanguage":"ru-RU"},{"@type":"Organization","@id":"https:\/\/akutolmukas.ee\/#organization","name":"Frequit O\u00dc","url":"https:\/\/akutolmukas.ee\/","logo":{"@type":"ImageObject","inLanguage":"ru-RU","@id":"https:\/\/akutolmukas.ee\/#\/schema\/logo\/image\/","url":"https:\/\/akutolmukas.ee\/wp-content\/uploads\/2021\/01\/900x300px-SVG-LaiLogoParem.svg","contentUrl":"https:\/\/akutolmukas.ee\/wp-content\/uploads\/2021\/01\/900x300px-SVG-LaiLogoParem.svg","width":675,"height":225,"caption":"Frequit O\u00dc"},"image":{"@id":"https:\/\/akutolmukas.ee\/#\/schema\/logo\/image\/"}}]}},"jetpack-related-posts":[],"jetpack_sharing_enabled":true,"_links":{"self":[{"href":"https:\/\/akutolmukas.ee\/ru\/wp-json\/wp\/v2\/product\/1280","targetHints":{"allow":["GET"]}}],"collection":[{"href":"https:\/\/akutolmukas.ee\/ru\/wp-json\/wp\/v2\/product"}],"about":[{"href":"https:\/\/akutolmukas.ee\/ru\/wp-json\/wp\/v2\/types\/product"}],"replies":[{"embeddable":true,"href":"https:\/\/akutolmukas.ee\/ru\/wp-json\/wp\/v2\/comments?post=1280"}],"wp:featuredmedia":[{"embeddable":true,"href":"https:\/\/akutolmukas.ee\/ru\/wp-json\/wp\/v2\/media\/1281"}],"wp:attachment":[{"href":"https:\/\/akutolmukas.ee\/ru\/wp-json\/wp\/v2\/media?parent=1280"}],"wp:term":[{"taxonomy":"product_brand","embeddable":true,"href":"https:\/\/akutolmukas.ee\/ru\/wp-json\/wp\/v2\/product_brand?post=1280"},{"taxonomy":"product_cat","embeddable":true,"href":"https:\/\/akutolmukas.ee\/ru\/wp-json\/wp\/v2\/product_cat?post=1280"},{"taxonomy":"product_tag","embeddable":true,"href":"https:\/\/akutolmukas.ee\/ru\/wp-json\/wp\/v2\/product_tag?post=1280"}],"curies":[{"name":"wp","href":"https:\/\/api.w.org\/{rel}","templated":true}]}}