{"id":1588,"date":"2021-04-26T13:11:37","date_gmt":"2021-04-26T10:11:37","guid":{"rendered":"https:\/\/akutolmukas.ee\/?post_type=product&#038;p=1588"},"modified":"2021-11-04T19:28:27","modified_gmt":"2021-11-04T17:28:27","slug":"vahend-aknapesurobotile","status":"publish","type":"product","link":"https:\/\/akutolmukas.ee\/ru\/product\/vahend-aknapesurobotile\/","title":{"rendered":"Vahend aknapesurobotile"},"content":{"rendered":"<p><strong>1. Kampaania!\u00a0<\/strong><\/p>\n<p><strong>2. Hoiatused ja meelespea.<\/strong><\/p>\n<p><strong>Kampaania<\/strong><\/p>\n<p>1. Meeldib teile varuda pikemaks ajaks ja sellega s\u00e4\u00e4sta? <strong>Ostes korraga viis pudelit on hinnaks 55. \u2013 eurot<\/strong>. Kui teil on ostukorvis viis vahendit, saate sisestada kassas, \u00fcleval, kupongi Vahend5 ja pudeli hinnaks kujuneb ainult 11 eurot.<\/p>\n<p><strong>Hoiatused ja meelespea!\u00a0<\/strong><\/p>\n<p>2. NB! Tegemist on keemilise \u00fchendiga!<\/p>\n<p><strong>Hoida lastele k\u00e4ttesaamatus kohas.<\/strong><\/p>\n<p><strong>Hoida lemmikloomadele k\u00e4ttesaamatus kohas.\u00a0<\/strong><\/p>\n<p><strong>Mitte lasta silma!\u00a0<\/strong><\/p>\n<p><strong>Sisse joomisel\/s\u00f6\u00f6misel m\u00fcrgine! Kui keegi kogematta j\u00f5i sisse, siis p\u00f6\u00f6rduda arstipoole ning n\u00e4idata pakendit.<\/strong><\/p>\n<p><b>Mitte kasutada lahtisel elektroonikal.\u00a0<\/b><\/p>\n<p>Tegemist ei ole karmi keemiaga. Hoiatused seoses n\u00f5uetega. Vahend on praktiliselt l\u00f5hnatu ega \u00e4rrita nina, silmi v\u00f5i nahka l\u00e4heduses olles.<\/p>\n<p>&nbsp;<\/p>","protected":false},"excerpt":{"rendered":"<p><strong style=\"font-size: 16px;\">Spetsiaalselt disainitud vahend, mis ei j\u00e4ta j\u00e4lgi, triipe ega ebatasasusi.<\/strong><span style=\"font-size: 16px;\"> Kuivab kiiresti t\u00e4iesti l\u00e4bipaistvaks ega tekita mikrokriime!\u00a0<\/span><\/p>\n<p><strong>Kogus: 250 ml.<\/strong><\/p>\n<p><strong>Vahend on antistaatiline.<\/strong> Pestes meie vahendiga aknaid ei kogu klaas enam peale pesu justkui v\u00f5imas magnet tolmu.<\/p>\n<p>Effekt saavutatakse muutes, vahendi abiga, klaasil olev positiivne laengu osake \u00fcmber negatiivseks.<\/p>\n<p><strong>Sobib kasutamiseks k\u00f5igi aknapesurobotitega.<\/strong><\/p>\n<p><strong>Aknapesurobotiga kasutades saab<\/strong><\/p>\n<p><strong>\u00fchest pudelist\u00a0 pesta \u00e4ra palju aknaid, vahendit kulub v\u00e4he.<\/strong><\/p>\n<p>Pihusti on pudelil <strong>disainitud doseerima vahendit pisikeste osakestena ehk \u00fchtlase uduna.<\/strong><\/p>\n<p><strong> Parandab tulemust!\u00a0<\/strong><\/p>\n<hr \/>\n<p><strong>Kuidas kasutada? :<\/strong> Pritsige vahendit m\u00f5ned korrad lapile. \u00dcmarate lappidega m\u00f5lemale lapile \u00fchtlaselt 4-5 pihustust, neljakandilise lapiga: ringiratast, \u00fchtlase jaotusega, paar ringi. (4 &#8211; 5 pihustust akna kohta.<\/p>\n<p><strong>Lapp v\u00f5i lapid peavad saama niiskeks, mitte vettivalt m\u00e4rjaks!\u00a0<\/strong><\/p>\n<p><strong>Peale lappide pihusta vahendit ka aknale, diagonaalis 3-4 pihustust.<\/strong> Kui aknale ei saa vahendit lasta v\u00f5ite aknale m\u00f5eldud 4-5 pihustust lisada veel lapile, ei pea.<\/p>\n<p>Inimesed ja nende stiilid on erinevad, katsetage paaril aknal erinevaid koguseid ning leidke kuidas just teile oleks k\u00f5ige \u00f5igem kogus ja parim tulemus. Mingit riski pole, robot aknalt maha ei kuku, v\u00f5ite meie antud\u00a0 koguseid n\u00e4idisena v\u00f5tta.<\/p>\n<p>Pea meeles! Liigne vahend rikub tulemust ja robotit on kole t\u00f6\u00f6tamas vaadata kuna ta on justkui &#8220;j\u00e4isel&#8221; pinnal t\u00e4nu liigsele vedelikule klaasil v\u00f5i lapis.<\/p>\n<p>Vahendit v\u00f5ib igal ajal aknale juurde lisada, roboti teekonnale ette.<\/p>\n<hr \/>\n<p>Kuna vahend on <strong>antistaatiline<\/strong> ja kiiresti kuivav <strong>ei soovita kasutada otsese p\u00e4ikesega aknal v\u00f5i\u00a0 kuumas keskonnas.<\/strong> Vahend kuivab klaasilt muidu enne\u00a0 kui robot selleni j\u00f5uab.<\/p>\n<p>Kui soovite siiski vahendit p\u00e4ikesega kasutada, laske vahendit lisaks lappidele ka aegajalt roboti teekonnale ette.<\/p>\n<hr \/>\n<p><strong>Tagame rahuloleva, triibuvaba ja \u00fchtlase tulemuse meie spetsiaalselt aknapesurobotile disainitud vahendiga. V\u00f5ib kasutada ka teiste tootjate aknapesurobotitega. Antistaatiline, ohutu, poleerivate omadustega ning ei kriimusta pindu.\u00a0<\/strong><\/p>\n<hr \/>\n<p><strong>Selle vahendiga v\u00f5ite puhastada lisaks akendele ka paljusid delikaatseid pindu.<\/strong> Kasutage muudel pindadel pehmet, puhast lappi.<\/p>\n<p><strong>Saate meie vahendiga lisaks puhastada:<\/strong> Mobiile, k\u00e4ekellu, arvutite ekraane, telerite ekraane, s\u00fclearvutitite korpusi\/klaviatuure\/hiiri, kroomi, tulesid, alcantranat ja palju muud! Ohutu kasutada enamus k\u00f5vemal pinnal. Sobib ka karvjatele detailidele. Katsetage alati kuskil mitten\u00e4htaval nurgal kui kahtlete vahendi ja pinna sobivuses.<\/p>\n<p><strong style=\"font-size: 16px;\">NB!\u00a0 Mitte lasta peale lahtisele elektroonikale, komponentidele v\u00f5i osadele!<\/strong><span style=\"font-size: 16px;\"> L\u00fchise risk!\u00a0<\/span><\/p>\n<p><strong>V\u00f5ib puhastada ka nahku, ehteid, armatuure, autode paneele ja muid pindu, kus halvasti kuivanud vahendiga j\u00e4\u00e4ks pind kole v\u00f5i oleks oht\u00a0 mikrokriimude tekkimisele puhastusega.\u00a0<\/strong><\/p>\n<p>Ideaalne vahend puhastama ka muid seadmeid kodus. N\u00e4iteks varstolmuimeja otsikuid.<\/p>\n<p><img fetchpriority=\"high\" decoding=\"async\" class=\"alignnone size-medium wp-image-2383\" src=\"https:\/\/akutolmukas.ee\/wp-content\/uploads\/2021\/04\/IMG_20211104_192150-300x300.jpg\" alt=\"\" width=\"300\" height=\"300\" srcset=\"https:\/\/i0.wp.com\/akutolmukas.ee\/wp-content\/uploads\/2021\/04\/IMG_20211104_192150.jpg?resize=300%2C300&amp;ssl=1 300w, https:\/\/i0.wp.com\/akutolmukas.ee\/wp-content\/uploads\/2021\/04\/IMG_20211104_192150.jpg?resize=1024%2C1024&amp;ssl=1 1024w, https:\/\/i0.wp.com\/akutolmukas.ee\/wp-content\/uploads\/2021\/04\/IMG_20211104_192150.jpg?resize=150%2C150&amp;ssl=1 150w, https:\/\/i0.wp.com\/akutolmukas.ee\/wp-content\/uploads\/2021\/04\/IMG_20211104_192150.jpg?resize=768%2C768&amp;ssl=1 768w, https:\/\/i0.wp.com\/akutolmukas.ee\/wp-content\/uploads\/2021\/04\/IMG_20211104_192150.jpg?resize=1536%2C1536&amp;ssl=1 1536w, https:\/\/i0.wp.com\/akutolmukas.ee\/wp-content\/uploads\/2021\/04\/IMG_20211104_192150.jpg?resize=600%2C600&amp;ssl=1 600w, https:\/\/i0.wp.com\/akutolmukas.ee\/wp-content\/uploads\/2021\/04\/IMG_20211104_192150.jpg?resize=100%2C100&amp;ssl=1 100w, https:\/\/i0.wp.com\/akutolmukas.ee\/wp-content\/uploads\/2021\/04\/IMG_20211104_192150.jpg?w=1920&amp;ssl=1 1920w\" sizes=\"(max-width: 300px) 100vw, 300px\" \/><\/p>\n<p>\u2026&#8230;&#8230;&#8230;&#8230;.<\/p>\n<p>K\u00f5igi meie e-poe ostudega <strong>tasuta tarne.<\/strong><\/p>\n<p>&nbsp;<\/p>","protected":false},"featured_media":1757,"comment_status":"open","ping_status":"closed","template":"","meta":{"_acf_changed":false,"site-sidebar-layout":"default","site-content-layout":"default","ast-site-content-layout":"default","site-content-style":"default","site-sidebar-style":"default","ast-global-header-display":"","ast-banner-title-visibility":"","ast-main-header-display":"","ast-hfb-above-header-display":"","ast-hfb-below-header-display":"","ast-hfb-mobile-header-display":"","site-post-title":"","ast-breadcrumbs-content":"","ast-featured-img":"","footer-sml-layout":"","ast-disable-related-posts":"","theme-transparent-header-meta":"default","adv-header-id-meta":"","stick-header-meta":"","header-above-stick-meta":"","header-main-stick-meta":"","header-below-stick-meta":"","astra-migrate-meta-layouts":"default","ast-page-background-enabled":"default","ast-page-background-meta":{"desktop":{"background-color":"","background-image":"","background-repeat":"repeat","background-position":"center center","background-size":"auto","background-attachment":"scroll","background-type":"","background-media":"","overlay-type":"","overlay-color":"","overlay-opacity":"","overlay-gradient":""},"tablet":{"background-color":"","background-image":"","background-repeat":"repeat","background-position":"center center","background-size":"auto","background-attachment":"scroll","background-type":"","background-media":"","overlay-type":"","overlay-color":"","overlay-opacity":"","overlay-gradient":""},"mobile":{"background-color":"","background-image":"","background-repeat":"repeat","background-position":"center center","background-size":"auto","background-attachment":"scroll","background-type":"","background-media":"","overlay-type":"","overlay-color":"","overlay-opacity":"","overlay-gradient":""}},"ast-content-background-meta":{"desktop":{"background-color":"var(--ast-global-color-5)","background-image":"","background-repeat":"repeat","background-position":"center center","background-size":"auto","background-attachment":"scroll","background-type":"","background-media":"","overlay-type":"","overlay-color":"","overlay-opacity":"","overlay-gradient":""},"tablet":{"background-color":"var(--ast-global-color-5)","background-image":"","background-repeat":"repeat","background-position":"center center","background-size":"auto","background-attachment":"scroll","background-type":"","background-media":"","overlay-type":"","overlay-color":"","overlay-opacity":"","overlay-gradient":""},"mobile":{"background-color":"var(--ast-global-color-5)","background-image":"","background-repeat":"repeat","background-position":"center center","background-size":"auto","background-attachment":"scroll","background-type":"","background-media":"","overlay-type":"","overlay-color":"","overlay-opacity":"","overlay-gradient":""}}},"product_brand":[],"product_cat":[21],"product_tag":[],"class_list":{"0":"post-1588","1":"product","2":"type-product","3":"status-publish","4":"has-post-thumbnail","6":"product_cat-tarvikud","7":"desktop-align-left","8":"tablet-align-left","9":"mobile-align-left","10":"ast-product-gallery-layout-horizontal-slider","11":"ast-product-tabs-layout-horizontal","13":"first","14":"instock","15":"taxable","16":"shipping-taxable","17":"purchasable","18":"product-type-simple"},"acf":[],"yoast_head":"<!-- This site is optimized with the Yoast SEO plugin v27.1.1 - https:\/\/yoast.com\/product\/yoast-seo-wordpress\/ -->\n<title>Vahend aknapesurobotile | Akutolmukas<\/title>\n<meta name=\"description\" content=\"Parim vahend, mida kasutada aknapesurobotiga. Triibuvaba, \u00fchtlane, l\u00e4bipaistev. Spetsiaalselt disainitud toimima k\u00f5igi aknapesurobotitega.\" \/>\n<meta name=\"robots\" content=\"index, follow, max-snippet:-1, max-image-preview:large, max-video-preview:-1\" \/>\n<link rel=\"canonical\" href=\"https:\/\/akutolmukas.ee\/ru\/product\/vahend-aknapesurobotile\/\" \/>\n<meta property=\"og:locale\" content=\"ru_RU\" \/>\n<meta property=\"og:type\" content=\"article\" \/>\n<meta property=\"og:title\" content=\"Vahend aknapesurobotile | Akutolmukas\" \/>\n<meta property=\"og:description\" content=\"Parim vahend, mida kasutada aknapesurobotiga. Triibuvaba, \u00fchtlane, l\u00e4bipaistev. Spetsiaalselt disainitud toimima k\u00f5igi aknapesurobotitega.\" \/>\n<meta property=\"og:url\" content=\"https:\/\/akutolmukas.ee\/ru\/product\/vahend-aknapesurobotile\/\" \/>\n<meta property=\"og:site_name\" content=\"Akutolmukas\" \/>\n<meta property=\"article:modified_time\" content=\"2021-11-04T17:28:27+00:00\" \/>\n<meta property=\"og:image\" content=\"https:\/\/i0.wp.com\/akutolmukas.ee\/wp-content\/uploads\/2021\/04\/IMG_20210608_120434-scaled.jpg?fit=1920%2C2560&ssl=1\" \/>\n\t<meta property=\"og:image:width\" content=\"1920\" \/>\n\t<meta property=\"og:image:height\" content=\"2560\" \/>\n\t<meta property=\"og:image:type\" content=\"image\/jpeg\" \/>\n<meta name=\"twitter:card\" content=\"summary_large_image\" \/>\n<meta name=\"twitter:label1\" content=\"Est. reading time\" \/>\n\t<meta name=\"twitter:data1\" content=\"1 \u043c\u0438\u043d\u0443\u0442\u0430\" \/>\n<script type=\"application\/ld+json\" class=\"yoast-schema-graph\">{\"@context\":\"https:\/\/schema.org\",\"@graph\":[{\"@type\":\"WebPage\",\"@id\":\"https:\/\/akutolmukas.ee\/toode\/vahend-aknapesurobotile\/\",\"url\":\"https:\/\/akutolmukas.ee\/toode\/vahend-aknapesurobotile\/\",\"name\":\"Vahend aknapesurobotile | Akutolmukas\",\"isPartOf\":{\"@id\":\"https:\/\/akutolmukas.ee\/#website\"},\"primaryImageOfPage\":{\"@id\":\"https:\/\/akutolmukas.ee\/toode\/vahend-aknapesurobotile\/#primaryimage\"},\"image\":{\"@id\":\"https:\/\/akutolmukas.ee\/toode\/vahend-aknapesurobotile\/#primaryimage\"},\"thumbnailUrl\":\"https:\/\/i0.wp.com\/akutolmukas.ee\/wp-content\/uploads\/2021\/04\/IMG_20210608_120434-scaled.jpg?fit=1920%2C2560&ssl=1\",\"datePublished\":\"2021-04-26T10:11:37+00:00\",\"dateModified\":\"2021-11-04T17:28:27+00:00\",\"description\":\"Parim vahend, mida kasutada aknapesurobotiga. Triibuvaba, \u00fchtlane, l\u00e4bipaistev. Spetsiaalselt disainitud toimima k\u00f5igi aknapesurobotitega.\",\"breadcrumb\":{\"@id\":\"https:\/\/akutolmukas.ee\/toode\/vahend-aknapesurobotile\/#breadcrumb\"},\"inLanguage\":\"ru-RU\",\"potentialAction\":[{\"@type\":\"ReadAction\",\"target\":[\"https:\/\/akutolmukas.ee\/toode\/vahend-aknapesurobotile\/\"]}]},{\"@type\":\"ImageObject\",\"inLanguage\":\"ru-RU\",\"@id\":\"https:\/\/akutolmukas.ee\/toode\/vahend-aknapesurobotile\/#primaryimage\",\"url\":\"https:\/\/i0.wp.com\/akutolmukas.ee\/wp-content\/uploads\/2021\/04\/IMG_20210608_120434-scaled.jpg?fit=1920%2C2560&ssl=1\",\"contentUrl\":\"https:\/\/i0.wp.com\/akutolmukas.ee\/wp-content\/uploads\/2021\/04\/IMG_20210608_120434-scaled.jpg?fit=1920%2C2560&ssl=1\",\"width\":1920,\"height\":2560},{\"@type\":\"BreadcrumbList\",\"@id\":\"https:\/\/akutolmukas.ee\/toode\/vahend-aknapesurobotile\/#breadcrumb\",\"itemListElement\":[{\"@type\":\"ListItem\",\"position\":1,\"name\":\"Home\",\"item\":\"https:\/\/akutolmukas.ee\/\"},{\"@type\":\"ListItem\",\"position\":2,\"name\":\"Pood\",\"item\":\"https:\/\/akutolmukas.ee\/pood\/\"},{\"@type\":\"ListItem\",\"position\":3,\"name\":\"Vahend aknapesurobotile\"}]},{\"@type\":\"WebSite\",\"@id\":\"https:\/\/akutolmukas.ee\/#website\",\"url\":\"https:\/\/akutolmukas.ee\/\",\"name\":\"Akutolmukas\",\"description\":\"Akutolmukas\",\"publisher\":{\"@id\":\"https:\/\/akutolmukas.ee\/#organization\"},\"potentialAction\":[{\"@type\":\"SearchAction\",\"target\":{\"@type\":\"EntryPoint\",\"urlTemplate\":\"https:\/\/akutolmukas.ee\/?s={search_term_string}\"},\"query-input\":{\"@type\":\"PropertyValueSpecification\",\"valueRequired\":true,\"valueName\":\"search_term_string\"}}],\"inLanguage\":\"ru-RU\"},{\"@type\":\"Organization\",\"@id\":\"https:\/\/akutolmukas.ee\/#organization\",\"name\":\"Frequit O\u00dc\",\"url\":\"https:\/\/akutolmukas.ee\/\",\"logo\":{\"@type\":\"ImageObject\",\"inLanguage\":\"ru-RU\",\"@id\":\"https:\/\/akutolmukas.ee\/#\/schema\/logo\/image\/\",\"url\":\"https:\/\/akutolmukas.ee\/wp-content\/uploads\/2021\/01\/900x300px-SVG-LaiLogoParem.svg\",\"contentUrl\":\"https:\/\/akutolmukas.ee\/wp-content\/uploads\/2021\/01\/900x300px-SVG-LaiLogoParem.svg\",\"width\":675,\"height\":225,\"caption\":\"Frequit O\u00dc\"},\"image\":{\"@id\":\"https:\/\/akutolmukas.ee\/#\/schema\/logo\/image\/\"}}]}<\/script>\n<!-- \/ Yoast SEO plugin. -->","yoast_head_json":{"title":"Vahend aknapesurobotile | Akutolmukas","description":"Parim vahend, mida kasutada aknapesurobotiga. Triibuvaba, \u00fchtlane, l\u00e4bipaistev. Spetsiaalselt disainitud toimima k\u00f5igi aknapesurobotitega.","robots":{"index":"index","follow":"follow","max-snippet":"max-snippet:-1","max-image-preview":"max-image-preview:large","max-video-preview":"max-video-preview:-1"},"canonical":"https:\/\/akutolmukas.ee\/ru\/product\/vahend-aknapesurobotile\/","og_locale":"ru_RU","og_type":"article","og_title":"Vahend aknapesurobotile | Akutolmukas","og_description":"Parim vahend, mida kasutada aknapesurobotiga. Triibuvaba, \u00fchtlane, l\u00e4bipaistev. Spetsiaalselt disainitud toimima k\u00f5igi aknapesurobotitega.","og_url":"https:\/\/akutolmukas.ee\/ru\/product\/vahend-aknapesurobotile\/","og_site_name":"Akutolmukas","article_modified_time":"2021-11-04T17:28:27+00:00","og_image":[{"width":1920,"height":2560,"url":"https:\/\/i0.wp.com\/akutolmukas.ee\/wp-content\/uploads\/2021\/04\/IMG_20210608_120434-scaled.jpg?fit=1920%2C2560&ssl=1","type":"image\/jpeg"}],"twitter_card":"summary_large_image","twitter_misc":{"Est. reading time":"1 \u043c\u0438\u043d\u0443\u0442\u0430"},"schema":{"@context":"https:\/\/schema.org","@graph":[{"@type":"WebPage","@id":"https:\/\/akutolmukas.ee\/toode\/vahend-aknapesurobotile\/","url":"https:\/\/akutolmukas.ee\/toode\/vahend-aknapesurobotile\/","name":"Vahend aknapesurobotile | Akutolmukas","isPartOf":{"@id":"https:\/\/akutolmukas.ee\/#website"},"primaryImageOfPage":{"@id":"https:\/\/akutolmukas.ee\/toode\/vahend-aknapesurobotile\/#primaryimage"},"image":{"@id":"https:\/\/akutolmukas.ee\/toode\/vahend-aknapesurobotile\/#primaryimage"},"thumbnailUrl":"https:\/\/i0.wp.com\/akutolmukas.ee\/wp-content\/uploads\/2021\/04\/IMG_20210608_120434-scaled.jpg?fit=1920%2C2560&ssl=1","datePublished":"2021-04-26T10:11:37+00:00","dateModified":"2021-11-04T17:28:27+00:00","description":"Parim vahend, mida kasutada aknapesurobotiga. Triibuvaba, \u00fchtlane, l\u00e4bipaistev. Spetsiaalselt disainitud toimima k\u00f5igi aknapesurobotitega.","breadcrumb":{"@id":"https:\/\/akutolmukas.ee\/toode\/vahend-aknapesurobotile\/#breadcrumb"},"inLanguage":"ru-RU","potentialAction":[{"@type":"ReadAction","target":["https:\/\/akutolmukas.ee\/toode\/vahend-aknapesurobotile\/"]}]},{"@type":"ImageObject","inLanguage":"ru-RU","@id":"https:\/\/akutolmukas.ee\/toode\/vahend-aknapesurobotile\/#primaryimage","url":"https:\/\/i0.wp.com\/akutolmukas.ee\/wp-content\/uploads\/2021\/04\/IMG_20210608_120434-scaled.jpg?fit=1920%2C2560&ssl=1","contentUrl":"https:\/\/i0.wp.com\/akutolmukas.ee\/wp-content\/uploads\/2021\/04\/IMG_20210608_120434-scaled.jpg?fit=1920%2C2560&ssl=1","width":1920,"height":2560},{"@type":"BreadcrumbList","@id":"https:\/\/akutolmukas.ee\/toode\/vahend-aknapesurobotile\/#breadcrumb","itemListElement":[{"@type":"ListItem","position":1,"name":"Home","item":"https:\/\/akutolmukas.ee\/"},{"@type":"ListItem","position":2,"name":"Pood","item":"https:\/\/akutolmukas.ee\/pood\/"},{"@type":"ListItem","position":3,"name":"Vahend aknapesurobotile"}]},{"@type":"WebSite","@id":"https:\/\/akutolmukas.ee\/#website","url":"https:\/\/akutolmukas.ee\/","name":"Akutolmukas","description":"Akutolmukas","publisher":{"@id":"https:\/\/akutolmukas.ee\/#organization"},"potentialAction":[{"@type":"SearchAction","target":{"@type":"EntryPoint","urlTemplate":"https:\/\/akutolmukas.ee\/?s={search_term_string}"},"query-input":{"@type":"PropertyValueSpecification","valueRequired":true,"valueName":"search_term_string"}}],"inLanguage":"ru-RU"},{"@type":"Organization","@id":"https:\/\/akutolmukas.ee\/#organization","name":"Frequit O\u00dc","url":"https:\/\/akutolmukas.ee\/","logo":{"@type":"ImageObject","inLanguage":"ru-RU","@id":"https:\/\/akutolmukas.ee\/#\/schema\/logo\/image\/","url":"https:\/\/akutolmukas.ee\/wp-content\/uploads\/2021\/01\/900x300px-SVG-LaiLogoParem.svg","contentUrl":"https:\/\/akutolmukas.ee\/wp-content\/uploads\/2021\/01\/900x300px-SVG-LaiLogoParem.svg","width":675,"height":225,"caption":"Frequit O\u00dc"},"image":{"@id":"https:\/\/akutolmukas.ee\/#\/schema\/logo\/image\/"}}]}},"jetpack-related-posts":[],"jetpack_sharing_enabled":true,"_links":{"self":[{"href":"https:\/\/akutolmukas.ee\/ru\/wp-json\/wp\/v2\/product\/1588","targetHints":{"allow":["GET"]}}],"collection":[{"href":"https:\/\/akutolmukas.ee\/ru\/wp-json\/wp\/v2\/product"}],"about":[{"href":"https:\/\/akutolmukas.ee\/ru\/wp-json\/wp\/v2\/types\/product"}],"replies":[{"embeddable":true,"href":"https:\/\/akutolmukas.ee\/ru\/wp-json\/wp\/v2\/comments?post=1588"}],"wp:featuredmedia":[{"embeddable":true,"href":"https:\/\/akutolmukas.ee\/ru\/wp-json\/wp\/v2\/media\/1757"}],"wp:attachment":[{"href":"https:\/\/akutolmukas.ee\/ru\/wp-json\/wp\/v2\/media?parent=1588"}],"wp:term":[{"taxonomy":"product_brand","embeddable":true,"href":"https:\/\/akutolmukas.ee\/ru\/wp-json\/wp\/v2\/product_brand?post=1588"},{"taxonomy":"product_cat","embeddable":true,"href":"https:\/\/akutolmukas.ee\/ru\/wp-json\/wp\/v2\/product_cat?post=1588"},{"taxonomy":"product_tag","embeddable":true,"href":"https:\/\/akutolmukas.ee\/ru\/wp-json\/wp\/v2\/product_tag?post=1588"}],"curies":[{"name":"wp","href":"https:\/\/api.w.org\/{rel}","templated":true}]}}