{"id":2763,"date":"2022-02-10T13:00:21","date_gmt":"2022-02-10T11:00:21","guid":{"rendered":"https:\/\/akutolmukas.ee\/?post_type=product&#038;p=2763"},"modified":"2024-12-06T16:50:05","modified_gmt":"2024-12-06T14:50:05","slug":"12tollisaekett","status":"publish","type":"product","link":"https:\/\/akutolmukas.ee\/ru\/product\/12tollisaekett\/","title":{"rendered":"Karastatud 12&#8243; akusaekett"},"content":{"rendered":"","protected":false},"excerpt":{"rendered":"<p><strong>Toote l\u00fchikirjeldus<\/strong><\/p>\n<p><strong>-Parima v\u00f5imaliku kvaliteediga, \u201c\u00fclemise riiuli\u201d, aus kaup! Valitud mitte odavaima sisseostuhinna vaid parima kvaliteedi alusel!\u00a0<\/strong>Teile head soovides!<\/p>\n<p><strong>-Saadaval lisaks ka tugeva sulamiga 6\/8\/12&#8243; latte-<\/strong> TELLIMISEKS helistage v\u00f5i kirjutage!<\/p>\n<p><strong>-Kui soovite, miskit t\u00e4psustada v\u00f5i k\u00fcsida siis samuti\u00a0 julgelt helistada!<\/strong><\/p>\n<p>+372 5454 3775 Mihkel. E-R:10.30-17.00<\/p>\n<hr \/>\n<p><strong>Hind\u00a0<\/strong>(1tk): 35 EUR.- (sisaldab k\u00e4ibemaksu)<\/p>\n<p><strong>\u0421\u0440\u043e\u043a \u0434\u043e\u0441\u0442\u0430\u0432\u043a\u0438:<\/strong> kuni viis t\u00f6\u00f6p\u00e4eva\/ TASUTA<\/p>\n<p>Garanteerime sobivuse teie akusaega!<\/p>","protected":false},"featured_media":8766,"comment_status":"open","ping_status":"closed","template":"","meta":{"_acf_changed":false,"site-sidebar-layout":"default","site-content-layout":"default","ast-site-content-layout":"default","site-content-style":"default","site-sidebar-style":"default","ast-global-header-display":"","ast-banner-title-visibility":"","ast-main-header-display":"","ast-hfb-above-header-display":"","ast-hfb-below-header-display":"","ast-hfb-mobile-header-display":"","site-post-title":"","ast-breadcrumbs-content":"","ast-featured-img":"","footer-sml-layout":"","ast-disable-related-posts":"","theme-transparent-header-meta":"default","adv-header-id-meta":"","stick-header-meta":"","header-above-stick-meta":"","header-main-stick-meta":"","header-below-stick-meta":"","astra-migrate-meta-layouts":"set","ast-page-background-enabled":"default","ast-page-background-meta":{"desktop":{"background-color":"","background-image":"","background-repeat":"repeat","background-position":"center center","background-size":"auto","background-attachment":"scroll","background-type":"","background-media":"","overlay-type":"","overlay-color":"","overlay-opacity":"","overlay-gradient":""},"tablet":{"background-color":"","background-image":"","background-repeat":"repeat","background-position":"center center","background-size":"auto","background-attachment":"scroll","background-type":"","background-media":"","overlay-type":"","overlay-color":"","overlay-opacity":"","overlay-gradient":""},"mobile":{"background-color":"","background-image":"","background-repeat":"repeat","background-position":"center center","background-size":"auto","background-attachment":"scroll","background-type":"","background-media":"","overlay-type":"","overlay-color":"","overlay-opacity":"","overlay-gradient":""}},"ast-content-background-meta":{"desktop":{"background-color":"var(--ast-global-color-5)","background-image":"","background-repeat":"repeat","background-position":"center center","background-size":"auto","background-attachment":"scroll","background-type":"","background-media":"","overlay-type":"","overlay-color":"","overlay-opacity":"","overlay-gradient":""},"tablet":{"background-color":"var(--ast-global-color-5)","background-image":"","background-repeat":"repeat","background-position":"center center","background-size":"auto","background-attachment":"scroll","background-type":"","background-media":"","overlay-type":"","overlay-color":"","overlay-opacity":"","overlay-gradient":""},"mobile":{"background-color":"var(--ast-global-color-5)","background-image":"","background-repeat":"repeat","background-position":"center center","background-size":"auto","background-attachment":"scroll","background-type":"","background-media":"","overlay-type":"","overlay-color":"","overlay-opacity":"","overlay-gradient":""}}},"product_brand":[],"product_cat":[21],"product_tag":[],"class_list":{"0":"post-2763","1":"product","2":"type-product","3":"status-publish","4":"has-post-thumbnail","6":"product_cat-tarvikud","7":"desktop-align-left","8":"tablet-align-left","9":"mobile-align-left","10":"ast-product-gallery-layout-horizontal-slider","11":"ast-product-gallery-with-no-image","12":"ast-product-tabs-layout-horizontal","14":"first","15":"instock","16":"taxable","17":"shipping-taxable","18":"purchasable","19":"product-type-simple"},"acf":[],"yoast_head":"<!-- This site is optimized with the Yoast SEO plugin v27.1.1 - https:\/\/yoast.com\/product\/yoast-seo-wordpress\/ -->\n<title>Karastatud 12&quot; akusaekett | Akutolmukas<\/title>\n<meta name=\"description\" content=\"Karastatud sulamiga, korralik ja t\u00e4idlane akusaagide kett. Sobivus k\u00f5igi 12&quot; latipikkusega akusaagidega. Karastatud pinnaga, parimaks elueaks!\" \/>\n<meta name=\"robots\" content=\"index, follow, max-snippet:-1, max-image-preview:large, max-video-preview:-1\" \/>\n<link rel=\"canonical\" href=\"https:\/\/akutolmukas.ee\/ru\/product\/12tollisaekett\/\" \/>\n<meta property=\"og:locale\" content=\"ru_RU\" \/>\n<meta property=\"og:type\" content=\"article\" \/>\n<meta property=\"og:title\" content=\"Karastatud 12&quot; akusaekett | Akutolmukas\" \/>\n<meta property=\"og:description\" content=\"Karastatud sulamiga, korralik ja t\u00e4idlane akusaagide kett. Sobivus k\u00f5igi 12&quot; latipikkusega akusaagidega. Karastatud pinnaga, parimaks elueaks!\" \/>\n<meta property=\"og:url\" content=\"https:\/\/akutolmukas.ee\/ru\/product\/12tollisaekett\/\" \/>\n<meta property=\"og:site_name\" content=\"Akutolmukas\" \/>\n<meta property=\"article:modified_time\" content=\"2024-12-06T14:50:05+00:00\" \/>\n<meta property=\"og:image\" content=\"https:\/\/i0.wp.com\/akutolmukas.ee\/wp-content\/uploads\/2022\/02\/akusaag-95xakett.jpg?fit=2560%2C2560&ssl=1\" \/>\n\t<meta property=\"og:image:width\" content=\"2560\" \/>\n\t<meta property=\"og:image:height\" content=\"2560\" \/>\n\t<meta property=\"og:image:type\" content=\"image\/jpeg\" \/>\n<meta name=\"twitter:card\" content=\"summary_large_image\" \/>\n<meta name=\"twitter:label1\" content=\"Est. reading time\" \/>\n\t<meta name=\"twitter:data1\" content=\"1 \u043c\u0438\u043d\u0443\u0442\u0430\" \/>\n<script type=\"application\/ld+json\" class=\"yoast-schema-graph\">{\"@context\":\"https:\/\/schema.org\",\"@graph\":[{\"@type\":\"WebPage\",\"@id\":\"https:\/\/akutolmukas.ee\/toode\/12tollisaekett\/\",\"url\":\"https:\/\/akutolmukas.ee\/toode\/12tollisaekett\/\",\"name\":\"Karastatud 12\\\" akusaekett | Akutolmukas\",\"isPartOf\":{\"@id\":\"https:\/\/akutolmukas.ee\/#website\"},\"primaryImageOfPage\":{\"@id\":\"https:\/\/akutolmukas.ee\/toode\/12tollisaekett\/#primaryimage\"},\"image\":{\"@id\":\"https:\/\/akutolmukas.ee\/toode\/12tollisaekett\/#primaryimage\"},\"thumbnailUrl\":\"https:\/\/i0.wp.com\/akutolmukas.ee\/wp-content\/uploads\/2022\/02\/akusaag-95xakett.jpg?fit=2560%2C2560&ssl=1\",\"datePublished\":\"2022-02-10T11:00:21+00:00\",\"dateModified\":\"2024-12-06T14:50:05+00:00\",\"description\":\"Karastatud sulamiga, korralik ja t\u00e4idlane akusaagide kett. Sobivus k\u00f5igi 12\\\" latipikkusega akusaagidega. Karastatud pinnaga, parimaks elueaks!\",\"breadcrumb\":{\"@id\":\"https:\/\/akutolmukas.ee\/toode\/12tollisaekett\/#breadcrumb\"},\"inLanguage\":\"ru-RU\",\"potentialAction\":[{\"@type\":\"ReadAction\",\"target\":[\"https:\/\/akutolmukas.ee\/toode\/12tollisaekett\/\"]}]},{\"@type\":\"ImageObject\",\"inLanguage\":\"ru-RU\",\"@id\":\"https:\/\/akutolmukas.ee\/toode\/12tollisaekett\/#primaryimage\",\"url\":\"https:\/\/i0.wp.com\/akutolmukas.ee\/wp-content\/uploads\/2022\/02\/akusaag-95xakett.jpg?fit=2560%2C2560&ssl=1\",\"contentUrl\":\"https:\/\/i0.wp.com\/akutolmukas.ee\/wp-content\/uploads\/2022\/02\/akusaag-95xakett.jpg?fit=2560%2C2560&ssl=1\",\"width\":2560,\"height\":2560},{\"@type\":\"BreadcrumbList\",\"@id\":\"https:\/\/akutolmukas.ee\/toode\/12tollisaekett\/#breadcrumb\",\"itemListElement\":[{\"@type\":\"ListItem\",\"position\":1,\"name\":\"Home\",\"item\":\"https:\/\/akutolmukas.ee\/\"},{\"@type\":\"ListItem\",\"position\":2,\"name\":\"Pood\",\"item\":\"https:\/\/akutolmukas.ee\/pood\/\"},{\"@type\":\"ListItem\",\"position\":3,\"name\":\"Karastatud 12&#8243; akusaekett\"}]},{\"@type\":\"WebSite\",\"@id\":\"https:\/\/akutolmukas.ee\/#website\",\"url\":\"https:\/\/akutolmukas.ee\/\",\"name\":\"Akutolmukas\",\"description\":\"Akutolmukas\",\"publisher\":{\"@id\":\"https:\/\/akutolmukas.ee\/#organization\"},\"potentialAction\":[{\"@type\":\"SearchAction\",\"target\":{\"@type\":\"EntryPoint\",\"urlTemplate\":\"https:\/\/akutolmukas.ee\/?s={search_term_string}\"},\"query-input\":{\"@type\":\"PropertyValueSpecification\",\"valueRequired\":true,\"valueName\":\"search_term_string\"}}],\"inLanguage\":\"ru-RU\"},{\"@type\":\"Organization\",\"@id\":\"https:\/\/akutolmukas.ee\/#organization\",\"name\":\"Frequit O\u00dc\",\"url\":\"https:\/\/akutolmukas.ee\/\",\"logo\":{\"@type\":\"ImageObject\",\"inLanguage\":\"ru-RU\",\"@id\":\"https:\/\/akutolmukas.ee\/#\/schema\/logo\/image\/\",\"url\":\"https:\/\/akutolmukas.ee\/wp-content\/uploads\/2021\/01\/900x300px-SVG-LaiLogoParem.svg\",\"contentUrl\":\"https:\/\/akutolmukas.ee\/wp-content\/uploads\/2021\/01\/900x300px-SVG-LaiLogoParem.svg\",\"width\":675,\"height\":225,\"caption\":\"Frequit O\u00dc\"},\"image\":{\"@id\":\"https:\/\/akutolmukas.ee\/#\/schema\/logo\/image\/\"}}]}<\/script>\n<!-- \/ Yoast SEO plugin. -->","yoast_head_json":{"title":"Karastatud 12\" akusaekett | Akutolmukas","description":"Karastatud sulamiga, korralik ja t\u00e4idlane akusaagide kett. Sobivus k\u00f5igi 12\" latipikkusega akusaagidega. Karastatud pinnaga, parimaks elueaks!","robots":{"index":"index","follow":"follow","max-snippet":"max-snippet:-1","max-image-preview":"max-image-preview:large","max-video-preview":"max-video-preview:-1"},"canonical":"https:\/\/akutolmukas.ee\/ru\/product\/12tollisaekett\/","og_locale":"ru_RU","og_type":"article","og_title":"Karastatud 12\" akusaekett | Akutolmukas","og_description":"Karastatud sulamiga, korralik ja t\u00e4idlane akusaagide kett. Sobivus k\u00f5igi 12\" latipikkusega akusaagidega. Karastatud pinnaga, parimaks elueaks!","og_url":"https:\/\/akutolmukas.ee\/ru\/product\/12tollisaekett\/","og_site_name":"Akutolmukas","article_modified_time":"2024-12-06T14:50:05+00:00","og_image":[{"width":2560,"height":2560,"url":"https:\/\/i0.wp.com\/akutolmukas.ee\/wp-content\/uploads\/2022\/02\/akusaag-95xakett.jpg?fit=2560%2C2560&ssl=1","type":"image\/jpeg"}],"twitter_card":"summary_large_image","twitter_misc":{"Est. reading time":"1 \u043c\u0438\u043d\u0443\u0442\u0430"},"schema":{"@context":"https:\/\/schema.org","@graph":[{"@type":"WebPage","@id":"https:\/\/akutolmukas.ee\/toode\/12tollisaekett\/","url":"https:\/\/akutolmukas.ee\/toode\/12tollisaekett\/","name":"Karastatud 12\" akusaekett | Akutolmukas","isPartOf":{"@id":"https:\/\/akutolmukas.ee\/#website"},"primaryImageOfPage":{"@id":"https:\/\/akutolmukas.ee\/toode\/12tollisaekett\/#primaryimage"},"image":{"@id":"https:\/\/akutolmukas.ee\/toode\/12tollisaekett\/#primaryimage"},"thumbnailUrl":"https:\/\/i0.wp.com\/akutolmukas.ee\/wp-content\/uploads\/2022\/02\/akusaag-95xakett.jpg?fit=2560%2C2560&ssl=1","datePublished":"2022-02-10T11:00:21+00:00","dateModified":"2024-12-06T14:50:05+00:00","description":"Karastatud sulamiga, korralik ja t\u00e4idlane akusaagide kett. Sobivus k\u00f5igi 12\" latipikkusega akusaagidega. Karastatud pinnaga, parimaks elueaks!","breadcrumb":{"@id":"https:\/\/akutolmukas.ee\/toode\/12tollisaekett\/#breadcrumb"},"inLanguage":"ru-RU","potentialAction":[{"@type":"ReadAction","target":["https:\/\/akutolmukas.ee\/toode\/12tollisaekett\/"]}]},{"@type":"ImageObject","inLanguage":"ru-RU","@id":"https:\/\/akutolmukas.ee\/toode\/12tollisaekett\/#primaryimage","url":"https:\/\/i0.wp.com\/akutolmukas.ee\/wp-content\/uploads\/2022\/02\/akusaag-95xakett.jpg?fit=2560%2C2560&ssl=1","contentUrl":"https:\/\/i0.wp.com\/akutolmukas.ee\/wp-content\/uploads\/2022\/02\/akusaag-95xakett.jpg?fit=2560%2C2560&ssl=1","width":2560,"height":2560},{"@type":"BreadcrumbList","@id":"https:\/\/akutolmukas.ee\/toode\/12tollisaekett\/#breadcrumb","itemListElement":[{"@type":"ListItem","position":1,"name":"Home","item":"https:\/\/akutolmukas.ee\/"},{"@type":"ListItem","position":2,"name":"Pood","item":"https:\/\/akutolmukas.ee\/pood\/"},{"@type":"ListItem","position":3,"name":"Karastatud 12&#8243; akusaekett"}]},{"@type":"WebSite","@id":"https:\/\/akutolmukas.ee\/#website","url":"https:\/\/akutolmukas.ee\/","name":"Akutolmukas","description":"Akutolmukas","publisher":{"@id":"https:\/\/akutolmukas.ee\/#organization"},"potentialAction":[{"@type":"SearchAction","target":{"@type":"EntryPoint","urlTemplate":"https:\/\/akutolmukas.ee\/?s={search_term_string}"},"query-input":{"@type":"PropertyValueSpecification","valueRequired":true,"valueName":"search_term_string"}}],"inLanguage":"ru-RU"},{"@type":"Organization","@id":"https:\/\/akutolmukas.ee\/#organization","name":"Frequit O\u00dc","url":"https:\/\/akutolmukas.ee\/","logo":{"@type":"ImageObject","inLanguage":"ru-RU","@id":"https:\/\/akutolmukas.ee\/#\/schema\/logo\/image\/","url":"https:\/\/akutolmukas.ee\/wp-content\/uploads\/2021\/01\/900x300px-SVG-LaiLogoParem.svg","contentUrl":"https:\/\/akutolmukas.ee\/wp-content\/uploads\/2021\/01\/900x300px-SVG-LaiLogoParem.svg","width":675,"height":225,"caption":"Frequit O\u00dc"},"image":{"@id":"https:\/\/akutolmukas.ee\/#\/schema\/logo\/image\/"}}]}},"jetpack-related-posts":[],"jetpack_sharing_enabled":true,"_links":{"self":[{"href":"https:\/\/akutolmukas.ee\/ru\/wp-json\/wp\/v2\/product\/2763","targetHints":{"allow":["GET"]}}],"collection":[{"href":"https:\/\/akutolmukas.ee\/ru\/wp-json\/wp\/v2\/product"}],"about":[{"href":"https:\/\/akutolmukas.ee\/ru\/wp-json\/wp\/v2\/types\/product"}],"replies":[{"embeddable":true,"href":"https:\/\/akutolmukas.ee\/ru\/wp-json\/wp\/v2\/comments?post=2763"}],"wp:featuredmedia":[{"embeddable":true,"href":"https:\/\/akutolmukas.ee\/ru\/wp-json\/wp\/v2\/media\/8766"}],"wp:attachment":[{"href":"https:\/\/akutolmukas.ee\/ru\/wp-json\/wp\/v2\/media?parent=2763"}],"wp:term":[{"taxonomy":"product_brand","embeddable":true,"href":"https:\/\/akutolmukas.ee\/ru\/wp-json\/wp\/v2\/product_brand?post=2763"},{"taxonomy":"product_cat","embeddable":true,"href":"https:\/\/akutolmukas.ee\/ru\/wp-json\/wp\/v2\/product_cat?post=2763"},{"taxonomy":"product_tag","embeddable":true,"href":"https:\/\/akutolmukas.ee\/ru\/wp-json\/wp\/v2\/product_tag?post=2763"}],"curies":[{"name":"wp","href":"https:\/\/api.w.org\/{rel}","templated":true}]}}