{"id":3392,"date":"2022-07-04T00:24:11","date_gmt":"2022-07-03T21:24:11","guid":{"rendered":"https:\/\/akutolmukas.ee\/?post_type=product&#038;p=3392"},"modified":"2026-03-09T11:13:52","modified_gmt":"2026-03-09T09:13:52","slug":"robot-lifestyle-rl1199","status":"publish","type":"product","link":"https:\/\/akutolmukas.ee\/ru\/product\/robot-lifestyle-rl1199\/","title":{"rendered":"Robot Lifestyle RL1199"},"content":{"rendered":"<p><strong>RL 1199- Meie usume, et Parim Aknapesurobot turul! <\/strong>Pommikindel disain, robot ei r\u00e4\u00e4gi teiega mingis ebameeldivas aktsendis ning lahendused on ennast t\u00f5estanud!<\/p>\n<p><img data-recalc-dims=\"1\" fetchpriority=\"high\" decoding=\"async\" class=\"alignnone size-medium wp-image-3659\" src=\"https:\/\/i0.wp.com\/akutolmukas.ee\/wp-content\/uploads\/2022\/07\/InCollage_20220819_225452023.jpg?resize=300%2C300&#038;ssl=1\" alt=\"\" width=\"300\" height=\"300\" srcset=\"https:\/\/i0.wp.com\/akutolmukas.ee\/wp-content\/uploads\/2022\/07\/InCollage_20220819_225452023.jpg?resize=300%2C300&amp;ssl=1 300w, https:\/\/i0.wp.com\/akutolmukas.ee\/wp-content\/uploads\/2022\/07\/InCollage_20220819_225452023.jpg?resize=1024%2C1024&amp;ssl=1 1024w, https:\/\/i0.wp.com\/akutolmukas.ee\/wp-content\/uploads\/2022\/07\/InCollage_20220819_225452023.jpg?resize=150%2C150&amp;ssl=1 150w, https:\/\/i0.wp.com\/akutolmukas.ee\/wp-content\/uploads\/2022\/07\/InCollage_20220819_225452023.jpg?resize=768%2C768&amp;ssl=1 768w, https:\/\/i0.wp.com\/akutolmukas.ee\/wp-content\/uploads\/2022\/07\/InCollage_20220819_225452023.jpg?resize=1536%2C1536&amp;ssl=1 1536w, https:\/\/i0.wp.com\/akutolmukas.ee\/wp-content\/uploads\/2022\/07\/InCollage_20220819_225452023.jpg?resize=600%2C600&amp;ssl=1 600w, https:\/\/i0.wp.com\/akutolmukas.ee\/wp-content\/uploads\/2022\/07\/InCollage_20220819_225452023.jpg?resize=100%2C100&amp;ssl=1 100w, https:\/\/i0.wp.com\/akutolmukas.ee\/wp-content\/uploads\/2022\/07\/InCollage_20220819_225452023.jpg?w=1660&amp;ssl=1 1660w\" sizes=\"(max-width: 300px) 100vw, 300px\" \/><\/p>\n<p><strong>Kvaliteetne seade, mis teeb teistele silmad ette.<\/strong> Parim tempo, k\u00e4itub nagu vaja, on meeletult t\u00f6\u00f6kindel ning j\u00e4rjepidev.<\/p>\n<hr \/>\n<p>NB! ROBOTI KASUTUS EI VAJA NUTITELEFONI EGA TEHNILIST TAIPU!<\/p>\n<p><strong>Paljudel t\u00e4nap\u00e4eva aknapesurobotitel on katastroofiliselt jubedad lapid!<\/strong><\/p>\n<ul>\n<li>Palun olge hoiatatud, et lapp m\u00e4\u00e4rab suuresti t\u00f6\u00f6 kvaliteedi!<\/li>\n<li>V\u00f5rrelge selle roboti lappe teistega, RL1199 on varustatud komplektisoleva nelja kvaliteetse mikrofiiberlapiga, mis on seda nime v\u00e4\u00e4rt!<\/li>\n<li>Kindla toimivusega ja j\u00e4rjepidevate t\u00f6\u00f6mustritega on just RL1199 robot!<\/li>\n<\/ul>\n<p><img data-recalc-dims=\"1\" decoding=\"async\" class=\"alignnone size-medium wp-image-3686\" src=\"https:\/\/i0.wp.com\/akutolmukas.ee\/wp-content\/uploads\/2022\/07\/InCollage_20220821_044055575.jpg?resize=300%2C300&#038;ssl=1\" alt=\"\" width=\"300\" height=\"300\" srcset=\"https:\/\/i0.wp.com\/akutolmukas.ee\/wp-content\/uploads\/2022\/07\/InCollage_20220821_044055575.jpg?resize=300%2C300&amp;ssl=1 300w, https:\/\/i0.wp.com\/akutolmukas.ee\/wp-content\/uploads\/2022\/07\/InCollage_20220821_044055575.jpg?resize=1024%2C1024&amp;ssl=1 1024w, https:\/\/i0.wp.com\/akutolmukas.ee\/wp-content\/uploads\/2022\/07\/InCollage_20220821_044055575.jpg?resize=150%2C150&amp;ssl=1 150w, https:\/\/i0.wp.com\/akutolmukas.ee\/wp-content\/uploads\/2022\/07\/InCollage_20220821_044055575.jpg?resize=768%2C768&amp;ssl=1 768w, https:\/\/i0.wp.com\/akutolmukas.ee\/wp-content\/uploads\/2022\/07\/InCollage_20220821_044055575.jpg?resize=1536%2C1536&amp;ssl=1 1536w, https:\/\/i0.wp.com\/akutolmukas.ee\/wp-content\/uploads\/2022\/07\/InCollage_20220821_044055575.jpg?resize=600%2C600&amp;ssl=1 600w, https:\/\/i0.wp.com\/akutolmukas.ee\/wp-content\/uploads\/2022\/07\/InCollage_20220821_044055575.jpg?resize=100%2C100&amp;ssl=1 100w, https:\/\/i0.wp.com\/akutolmukas.ee\/wp-content\/uploads\/2022\/07\/InCollage_20220821_044055575.jpg?w=1660&amp;ssl=1 1660w\" sizes=\"(max-width: 300px) 100vw, 300px\" \/><\/p>\n<p><img data-recalc-dims=\"1\" decoding=\"async\" class=\"alignnone size-medium wp-image-3422\" src=\"https:\/\/i0.wp.com\/akutolmukas.ee\/wp-content\/uploads\/2022\/07\/rl1199.jpg?resize=276%2C300&#038;ssl=1\" alt=\"\" width=\"276\" height=\"300\" srcset=\"https:\/\/i0.wp.com\/akutolmukas.ee\/wp-content\/uploads\/2022\/07\/rl1199.jpg?resize=276%2C300&amp;ssl=1 276w, https:\/\/i0.wp.com\/akutolmukas.ee\/wp-content\/uploads\/2022\/07\/rl1199.jpg?resize=768%2C833&amp;ssl=1 768w, https:\/\/i0.wp.com\/akutolmukas.ee\/wp-content\/uploads\/2022\/07\/rl1199.jpg?resize=600%2C651&amp;ssl=1 600w, https:\/\/i0.wp.com\/akutolmukas.ee\/wp-content\/uploads\/2022\/07\/rl1199.jpg?w=786&amp;ssl=1 786w\" sizes=\"(max-width: 276px) 100vw, 276px\" \/><\/p>\n<p><img data-recalc-dims=\"1\" loading=\"lazy\" decoding=\"async\" class=\"alignnone size-medium wp-image-3430\" src=\"https:\/\/i0.wp.com\/akutolmukas.ee\/wp-content\/uploads\/2022\/07\/rl1199akutolmukasee.jpg?resize=300%2C236&#038;ssl=1\" alt=\"\" width=\"300\" height=\"236\" srcset=\"https:\/\/i0.wp.com\/akutolmukas.ee\/wp-content\/uploads\/2022\/07\/rl1199akutolmukasee.jpg?resize=300%2C236&amp;ssl=1 300w, https:\/\/i0.wp.com\/akutolmukas.ee\/wp-content\/uploads\/2022\/07\/rl1199akutolmukasee.jpg?resize=600%2C473&amp;ssl=1 600w, https:\/\/i0.wp.com\/akutolmukas.ee\/wp-content\/uploads\/2022\/07\/rl1199akutolmukasee.jpg?w=664&amp;ssl=1 664w\" sizes=\"(max-width: 300px) 100vw, 300px\" \/><\/p>\n<p><img data-recalc-dims=\"1\" loading=\"lazy\" decoding=\"async\" class=\"alignnone size-medium wp-image-3658\" src=\"https:\/\/i0.wp.com\/akutolmukas.ee\/wp-content\/uploads\/2022\/07\/IMG_20220819_220105.jpg?resize=300%2C300&#038;ssl=1\" alt=\"\" width=\"300\" height=\"300\" srcset=\"https:\/\/i0.wp.com\/akutolmukas.ee\/wp-content\/uploads\/2022\/07\/IMG_20220819_220105.jpg?resize=300%2C300&amp;ssl=1 300w, https:\/\/i0.wp.com\/akutolmukas.ee\/wp-content\/uploads\/2022\/07\/IMG_20220819_220105.jpg?resize=1024%2C1024&amp;ssl=1 1024w, https:\/\/i0.wp.com\/akutolmukas.ee\/wp-content\/uploads\/2022\/07\/IMG_20220819_220105.jpg?resize=150%2C150&amp;ssl=1 150w, https:\/\/i0.wp.com\/akutolmukas.ee\/wp-content\/uploads\/2022\/07\/IMG_20220819_220105.jpg?resize=768%2C768&amp;ssl=1 768w, https:\/\/i0.wp.com\/akutolmukas.ee\/wp-content\/uploads\/2022\/07\/IMG_20220819_220105.jpg?resize=1536%2C1536&amp;ssl=1 1536w, https:\/\/i0.wp.com\/akutolmukas.ee\/wp-content\/uploads\/2022\/07\/IMG_20220819_220105.jpg?resize=600%2C600&amp;ssl=1 600w, https:\/\/i0.wp.com\/akutolmukas.ee\/wp-content\/uploads\/2022\/07\/IMG_20220819_220105.jpg?resize=100%2C100&amp;ssl=1 100w, https:\/\/i0.wp.com\/akutolmukas.ee\/wp-content\/uploads\/2022\/07\/IMG_20220819_220105.jpg?w=1660&amp;ssl=1 1660w\" sizes=\"(max-width: 300px) 100vw, 300px\" \/><\/p>\n<p><strong>RL 1199 On kindel investeering mitmeks aastaks! Anname ausa viie aastase garantii!<\/strong><\/p>\n<p><strong>Turvan\u00f6\u00f6ri kinnitamine ei ole kohustuslik,<\/strong> v\u00e4lja arvatud t\u00f6\u00f6tades k\u00f5rgustes \u00f5ues. Pesuril on sees aku, mis hoiab seda ligemale 30 minutit aknal juhul kui peaks vool kaduma v\u00f5i keegi juhtmele otsa koperdab.<\/p>\n<p><b>Kui tunnete,et vajate lisalappe, siis leiate need meie e-poest, &#8220;Tarvikud&#8221; alt &#8211; &#8220;RL Lapid&#8221;<\/b><\/p>\n<p><strong><span style=\"font-size: 16px;\">Soovime teile ohtralt r\u00f5\u00f5mu ja meeldej\u00e4\u00e4vaid hetki!<\/span><\/strong><\/p>\n<p>Akutolmukas.ee- P\u00e4rnu, Savi tn. 3<\/p>\n<p>Mihkel T. +372 5454 3775 E-R: 10.00 &#8211; 17.00<\/p>","protected":false},"excerpt":{"rendered":"<p data-start=\"272\" data-end=\"356\"><strong>S\u00e4ravpuhtad aknad \u00fche nupuvajutusega<\/strong><\/p>\n<p data-start=\"589\" data-end=\"639\"><strong data-start=\"589\" data-end=\"639\">Komplekt koos spets. vahendiga (x1): 299\u20ac<\/strong><\/p>\n<p><strong data-start=\"144\" data-end=\"172\">\ud83d\udd25<\/strong><strong data-start=\"462\" data-end=\"503\">E-esmasp\u00e4eva kampaaniahind kuni 12.03<\/strong><\/p>\n<hr \/>\n<p class=\"\" data-start=\"358\" data-end=\"697\"><strong data-start=\"358\" data-end=\"454\">RL1199 on meie hinnangul siiani 2026. aasta parim aknapesurobot \u2013 <\/strong>lihtne kasutada, v\u00f5imas ja laialdase paksu lapiga. Puhastab t\u00e4pselt ka raskesti ligip\u00e4\u00e4setavad servad, nurgad ja aknaraamid. Sobib nii pakett kui raamita akendele, kasvuhoonetele, peeglitele ja lisaks ka p\u00e4ikesepaneelidele.<\/p>\n<ul>\n<li><strong>Lihtne \u00fche nupuga automaatpuhastus<\/strong><\/li>\n<li><strong>Minimaalne akna suurus: 40 \u00d7 40 cm<\/strong><\/li>\n<li><strong>Komplektis k\u00f5ik vajalik<\/strong>: 4\u00d7 puhastuslapid, pult, 5 m toitejuhe<\/li>\n<li>\n<p data-start=\"43\" data-end=\"87\"><strong>N \/ Z \/ N+Z muster + pritsimine<\/strong><\/p>\n<\/li>\n<\/ul>\n<p>\ud83c\udf81\u00a0<strong data-start=\"916\" data-end=\"976\">Meiepoolt KINGITUSEKS spetsiaalne puhastusvahend (1 tk).<\/strong><\/p>\n<hr \/>\n<p>\u2705\u00a0<strong data-start=\"192\" data-end=\"230\">Lappide ja tarvikute hilisem saadavus<\/strong><\/p>\n<p class=\"\" data-start=\"198\" data-end=\"256\">\u2705\u00a0<strong>\u0413\u0430\u0440\u0430\u043d\u0442\u0438\u0440\u043e\u0432\u0430\u043d\u043d\u0430\u044f \u0441\u043e\u0432\u043c\u0435\u0441\u0442\u0438\u043c\u043e\u0441\u0442\u044c \u2014 \u0431\u044b\u0441\u0442\u0440\u0430\u044f \u0434\u043e\u0441\u0442\u0430\u0432\u043a\u0430<\/strong><\/p>\n<p data-start=\"190\" data-end=\"337\">\u2705\u00a0<strong data-start=\"289\" data-end=\"335\">\u0413\u0430\u0440\u0430\u043d\u0442\u0438\u044f \u0438 \u043f\u043e\u0434\u0434\u0435\u0440\u0436\u043a\u0430 \u043a\u043b\u0438\u0435\u043d\u0442\u043e\u0432 \u0432 \u042d\u0441\u0442\u043e\u043d\u0438\u0438 (\u041f\u043d\u2013\u041f\u0442 10\u201317)<\/strong><\/p>\n<p style=\"text-align: center;\"><strong>\u0421 \u0432\u0430\u043c\u0438 \u0441 2019 \u0433\u043e\u0434\u0430<\/strong><\/p>\n<hr \/>\n<p data-start=\"59\" data-end=\"135\"><strong data-start=\"59\" data-end=\"135\">Garantiiaeg: 5 aastat \u2013 kaitseb ka juhusliku kukkumise eest aknaklaasilt<\/strong><\/p>\n<p><strong data-start=\"246\" data-end=\"259\">\u0421\u0440\u043e\u043a \u0434\u043e\u0441\u0442\u0430\u0432\u043a\u0438:<\/strong>\u00a0kuni\u00a0<strong>5 t\u00f6\u00f6p\u00e4eva<\/strong><\/p>\n<div class=\"woocommerce-product-details__short-description\">\n<p>T\u00e4iskomplekti soodushind: <strong>299\u00a0\u20ac (Sis KM)<\/strong><\/p>\n<\/div>","protected":false},"featured_media":3720,"comment_status":"open","ping_status":"closed","template":"","meta":{"_acf_changed":false,"site-sidebar-layout":"default","site-content-layout":"default","ast-site-content-layout":"default","site-content-style":"default","site-sidebar-style":"default","ast-global-header-display":"","ast-banner-title-visibility":"","ast-main-header-display":"","ast-hfb-above-header-display":"","ast-hfb-below-header-display":"","ast-hfb-mobile-header-display":"","site-post-title":"","ast-breadcrumbs-content":"","ast-featured-img":"","footer-sml-layout":"","ast-disable-related-posts":"","theme-transparent-header-meta":"default","adv-header-id-meta":"","stick-header-meta":"","header-above-stick-meta":"","header-main-stick-meta":"","header-below-stick-meta":"","astra-migrate-meta-layouts":"set","ast-page-background-enabled":"default","ast-page-background-meta":{"desktop":{"background-color":"","background-image":"","background-repeat":"repeat","background-position":"center center","background-size":"auto","background-attachment":"scroll","background-type":"","background-media":"","overlay-type":"","overlay-color":"","overlay-opacity":"","overlay-gradient":""},"tablet":{"background-color":"","background-image":"","background-repeat":"repeat","background-position":"center center","background-size":"auto","background-attachment":"scroll","background-type":"","background-media":"","overlay-type":"","overlay-color":"","overlay-opacity":"","overlay-gradient":""},"mobile":{"background-color":"","background-image":"","background-repeat":"repeat","background-position":"center center","background-size":"auto","background-attachment":"scroll","background-type":"","background-media":"","overlay-type":"","overlay-color":"","overlay-opacity":"","overlay-gradient":""}},"ast-content-background-meta":{"desktop":{"background-color":"var(--ast-global-color-5)","background-image":"","background-repeat":"repeat","background-position":"center center","background-size":"auto","background-attachment":"scroll","background-type":"","background-media":"","overlay-type":"","overlay-color":"","overlay-opacity":"","overlay-gradient":""},"tablet":{"background-color":"var(--ast-global-color-5)","background-image":"","background-repeat":"repeat","background-position":"center center","background-size":"auto","background-attachment":"scroll","background-type":"","background-media":"","overlay-type":"","overlay-color":"","overlay-opacity":"","overlay-gradient":""},"mobile":{"background-color":"var(--ast-global-color-5)","background-image":"","background-repeat":"repeat","background-position":"center center","background-size":"auto","background-attachment":"scroll","background-type":"","background-media":"","overlay-type":"","overlay-color":"","overlay-opacity":"","overlay-gradient":""}}},"product_brand":[],"product_cat":[18],"product_tag":[],"class_list":{"0":"post-3392","1":"product","2":"type-product","3":"status-publish","4":"has-post-thumbnail","6":"product_cat-aknapesurobotid","7":"desktop-align-left","8":"tablet-align-left","9":"mobile-align-left","10":"ast-product-gallery-layout-horizontal-slider","11":"ast-product-tabs-layout-horizontal","13":"first","14":"instock","15":"sale","16":"taxable","17":"shipping-taxable","18":"purchasable","19":"product-type-simple"},"acf":[],"yoast_head":"<!-- This site is optimized with the Yoast SEO plugin v27.1.1 - https:\/\/yoast.com\/product\/yoast-seo-wordpress\/ -->\n<title>Robot Lifestyle RL1199 | Akutolmukas<\/title>\n<meta name=\"description\" content=\"Ennast ajas kindlalt t\u00f5estanud, omades korralikke lappe ning j\u00e4rjepidevaid autom. t\u00f6\u00f6mustreid. Viieaastane garantii ning tarvikute saadavus!\" \/>\n<meta name=\"robots\" content=\"index, follow, max-snippet:-1, max-image-preview:large, max-video-preview:-1\" \/>\n<link rel=\"canonical\" href=\"https:\/\/akutolmukas.ee\/ru\/product\/robot-lifestyle-rl1199\/\" \/>\n<meta property=\"og:locale\" content=\"ru_RU\" \/>\n<meta property=\"og:type\" content=\"article\" \/>\n<meta property=\"og:title\" content=\"Robot Lifestyle RL1199 | Akutolmukas\" \/>\n<meta property=\"og:description\" content=\"Ennast ajas kindlalt t\u00f5estanud, omades korralikke lappe ning j\u00e4rjepidevaid autom. t\u00f6\u00f6mustreid. Viieaastane garantii ning tarvikute saadavus!\" \/>\n<meta property=\"og:url\" content=\"https:\/\/akutolmukas.ee\/ru\/product\/robot-lifestyle-rl1199\/\" \/>\n<meta property=\"og:site_name\" content=\"Akutolmukas\" \/>\n<meta property=\"article:modified_time\" content=\"2026-03-09T09:13:52+00:00\" \/>\n<meta property=\"og:image\" content=\"https:\/\/akutolmukas.ee\/wp-content\/uploads\/2022\/07\/InCollage_20220825_163251590-scaled.jpg\" \/>\n\t<meta property=\"og:image:width\" content=\"2560\" \/>\n\t<meta property=\"og:image:height\" content=\"2560\" \/>\n\t<meta property=\"og:image:type\" content=\"image\/jpeg\" \/>\n<meta name=\"twitter:card\" content=\"summary_large_image\" \/>\n<meta name=\"twitter:label1\" content=\"Est. reading time\" \/>\n\t<meta name=\"twitter:data1\" content=\"3 \u043c\u0438\u043d\u0443\u0442\u044b\" \/>\n<script type=\"application\/ld+json\" class=\"yoast-schema-graph\">{\"@context\":\"https:\/\/schema.org\",\"@graph\":[{\"@type\":\"WebPage\",\"@id\":\"https:\/\/akutolmukas.ee\/toode\/robot-lifestyle-rl1199\/\",\"url\":\"https:\/\/akutolmukas.ee\/toode\/robot-lifestyle-rl1199\/\",\"name\":\"Robot Lifestyle RL1199 | Akutolmukas\",\"isPartOf\":{\"@id\":\"https:\/\/akutolmukas.ee\/#website\"},\"primaryImageOfPage\":{\"@id\":\"https:\/\/akutolmukas.ee\/toode\/robot-lifestyle-rl1199\/#primaryimage\"},\"image\":{\"@id\":\"https:\/\/akutolmukas.ee\/toode\/robot-lifestyle-rl1199\/#primaryimage\"},\"thumbnailUrl\":\"https:\/\/i0.wp.com\/akutolmukas.ee\/wp-content\/uploads\/2022\/07\/InCollage_20220825_163251590-scaled.jpg?fit=2560%2C2560&ssl=1\",\"datePublished\":\"2022-07-03T21:24:11+00:00\",\"dateModified\":\"2026-03-09T09:13:52+00:00\",\"description\":\"Ennast ajas kindlalt t\u00f5estanud, omades korralikke lappe ning j\u00e4rjepidevaid autom. t\u00f6\u00f6mustreid. Viieaastane garantii ning tarvikute saadavus!\",\"breadcrumb\":{\"@id\":\"https:\/\/akutolmukas.ee\/toode\/robot-lifestyle-rl1199\/#breadcrumb\"},\"inLanguage\":\"ru-RU\",\"potentialAction\":[{\"@type\":\"ReadAction\",\"target\":[\"https:\/\/akutolmukas.ee\/toode\/robot-lifestyle-rl1199\/\"]}]},{\"@type\":\"ImageObject\",\"inLanguage\":\"ru-RU\",\"@id\":\"https:\/\/akutolmukas.ee\/toode\/robot-lifestyle-rl1199\/#primaryimage\",\"url\":\"https:\/\/i0.wp.com\/akutolmukas.ee\/wp-content\/uploads\/2022\/07\/InCollage_20220825_163251590-scaled.jpg?fit=2560%2C2560&ssl=1\",\"contentUrl\":\"https:\/\/i0.wp.com\/akutolmukas.ee\/wp-content\/uploads\/2022\/07\/InCollage_20220825_163251590-scaled.jpg?fit=2560%2C2560&ssl=1\",\"width\":2560,\"height\":2560},{\"@type\":\"BreadcrumbList\",\"@id\":\"https:\/\/akutolmukas.ee\/toode\/robot-lifestyle-rl1199\/#breadcrumb\",\"itemListElement\":[{\"@type\":\"ListItem\",\"position\":1,\"name\":\"Home\",\"item\":\"https:\/\/akutolmukas.ee\/\"},{\"@type\":\"ListItem\",\"position\":2,\"name\":\"Pood\",\"item\":\"https:\/\/akutolmukas.ee\/pood\/\"},{\"@type\":\"ListItem\",\"position\":3,\"name\":\"Robot Lifestyle RL1199\"}]},{\"@type\":\"WebSite\",\"@id\":\"https:\/\/akutolmukas.ee\/#website\",\"url\":\"https:\/\/akutolmukas.ee\/\",\"name\":\"Akutolmukas\",\"description\":\"Akutolmukas\",\"publisher\":{\"@id\":\"https:\/\/akutolmukas.ee\/#organization\"},\"potentialAction\":[{\"@type\":\"SearchAction\",\"target\":{\"@type\":\"EntryPoint\",\"urlTemplate\":\"https:\/\/akutolmukas.ee\/?s={search_term_string}\"},\"query-input\":{\"@type\":\"PropertyValueSpecification\",\"valueRequired\":true,\"valueName\":\"search_term_string\"}}],\"inLanguage\":\"ru-RU\"},{\"@type\":\"Organization\",\"@id\":\"https:\/\/akutolmukas.ee\/#organization\",\"name\":\"Frequit O\u00dc\",\"url\":\"https:\/\/akutolmukas.ee\/\",\"logo\":{\"@type\":\"ImageObject\",\"inLanguage\":\"ru-RU\",\"@id\":\"https:\/\/akutolmukas.ee\/#\/schema\/logo\/image\/\",\"url\":\"https:\/\/akutolmukas.ee\/wp-content\/uploads\/2021\/01\/900x300px-SVG-LaiLogoParem.svg\",\"contentUrl\":\"https:\/\/akutolmukas.ee\/wp-content\/uploads\/2021\/01\/900x300px-SVG-LaiLogoParem.svg\",\"width\":675,\"height\":225,\"caption\":\"Frequit O\u00dc\"},\"image\":{\"@id\":\"https:\/\/akutolmukas.ee\/#\/schema\/logo\/image\/\"}}]}<\/script>\n<!-- \/ Yoast SEO plugin. -->","yoast_head_json":{"title":"Robot Lifestyle RL1199 | Akutolmukas","description":"Ennast ajas kindlalt t\u00f5estanud, omades korralikke lappe ning j\u00e4rjepidevaid autom. t\u00f6\u00f6mustreid. Viieaastane garantii ning tarvikute saadavus!","robots":{"index":"index","follow":"follow","max-snippet":"max-snippet:-1","max-image-preview":"max-image-preview:large","max-video-preview":"max-video-preview:-1"},"canonical":"https:\/\/akutolmukas.ee\/ru\/product\/robot-lifestyle-rl1199\/","og_locale":"ru_RU","og_type":"article","og_title":"Robot Lifestyle RL1199 | Akutolmukas","og_description":"Ennast ajas kindlalt t\u00f5estanud, omades korralikke lappe ning j\u00e4rjepidevaid autom. t\u00f6\u00f6mustreid. Viieaastane garantii ning tarvikute saadavus!","og_url":"https:\/\/akutolmukas.ee\/ru\/product\/robot-lifestyle-rl1199\/","og_site_name":"Akutolmukas","article_modified_time":"2026-03-09T09:13:52+00:00","og_image":[{"width":2560,"height":2560,"url":"https:\/\/akutolmukas.ee\/wp-content\/uploads\/2022\/07\/InCollage_20220825_163251590-scaled.jpg","type":"image\/jpeg"}],"twitter_card":"summary_large_image","twitter_misc":{"Est. reading time":"3 \u043c\u0438\u043d\u0443\u0442\u044b"},"schema":{"@context":"https:\/\/schema.org","@graph":[{"@type":"WebPage","@id":"https:\/\/akutolmukas.ee\/toode\/robot-lifestyle-rl1199\/","url":"https:\/\/akutolmukas.ee\/toode\/robot-lifestyle-rl1199\/","name":"Robot Lifestyle RL1199 | Akutolmukas","isPartOf":{"@id":"https:\/\/akutolmukas.ee\/#website"},"primaryImageOfPage":{"@id":"https:\/\/akutolmukas.ee\/toode\/robot-lifestyle-rl1199\/#primaryimage"},"image":{"@id":"https:\/\/akutolmukas.ee\/toode\/robot-lifestyle-rl1199\/#primaryimage"},"thumbnailUrl":"https:\/\/i0.wp.com\/akutolmukas.ee\/wp-content\/uploads\/2022\/07\/InCollage_20220825_163251590-scaled.jpg?fit=2560%2C2560&ssl=1","datePublished":"2022-07-03T21:24:11+00:00","dateModified":"2026-03-09T09:13:52+00:00","description":"Ennast ajas kindlalt t\u00f5estanud, omades korralikke lappe ning j\u00e4rjepidevaid autom. t\u00f6\u00f6mustreid. Viieaastane garantii ning tarvikute saadavus!","breadcrumb":{"@id":"https:\/\/akutolmukas.ee\/toode\/robot-lifestyle-rl1199\/#breadcrumb"},"inLanguage":"ru-RU","potentialAction":[{"@type":"ReadAction","target":["https:\/\/akutolmukas.ee\/toode\/robot-lifestyle-rl1199\/"]}]},{"@type":"ImageObject","inLanguage":"ru-RU","@id":"https:\/\/akutolmukas.ee\/toode\/robot-lifestyle-rl1199\/#primaryimage","url":"https:\/\/i0.wp.com\/akutolmukas.ee\/wp-content\/uploads\/2022\/07\/InCollage_20220825_163251590-scaled.jpg?fit=2560%2C2560&ssl=1","contentUrl":"https:\/\/i0.wp.com\/akutolmukas.ee\/wp-content\/uploads\/2022\/07\/InCollage_20220825_163251590-scaled.jpg?fit=2560%2C2560&ssl=1","width":2560,"height":2560},{"@type":"BreadcrumbList","@id":"https:\/\/akutolmukas.ee\/toode\/robot-lifestyle-rl1199\/#breadcrumb","itemListElement":[{"@type":"ListItem","position":1,"name":"Home","item":"https:\/\/akutolmukas.ee\/"},{"@type":"ListItem","position":2,"name":"Pood","item":"https:\/\/akutolmukas.ee\/pood\/"},{"@type":"ListItem","position":3,"name":"Robot Lifestyle RL1199"}]},{"@type":"WebSite","@id":"https:\/\/akutolmukas.ee\/#website","url":"https:\/\/akutolmukas.ee\/","name":"Akutolmukas","description":"Akutolmukas","publisher":{"@id":"https:\/\/akutolmukas.ee\/#organization"},"potentialAction":[{"@type":"SearchAction","target":{"@type":"EntryPoint","urlTemplate":"https:\/\/akutolmukas.ee\/?s={search_term_string}"},"query-input":{"@type":"PropertyValueSpecification","valueRequired":true,"valueName":"search_term_string"}}],"inLanguage":"ru-RU"},{"@type":"Organization","@id":"https:\/\/akutolmukas.ee\/#organization","name":"Frequit O\u00dc","url":"https:\/\/akutolmukas.ee\/","logo":{"@type":"ImageObject","inLanguage":"ru-RU","@id":"https:\/\/akutolmukas.ee\/#\/schema\/logo\/image\/","url":"https:\/\/akutolmukas.ee\/wp-content\/uploads\/2021\/01\/900x300px-SVG-LaiLogoParem.svg","contentUrl":"https:\/\/akutolmukas.ee\/wp-content\/uploads\/2021\/01\/900x300px-SVG-LaiLogoParem.svg","width":675,"height":225,"caption":"Frequit O\u00dc"},"image":{"@id":"https:\/\/akutolmukas.ee\/#\/schema\/logo\/image\/"}}]}},"jetpack-related-posts":[],"jetpack_sharing_enabled":true,"_links":{"self":[{"href":"https:\/\/akutolmukas.ee\/ru\/wp-json\/wp\/v2\/product\/3392","targetHints":{"allow":["GET"]}}],"collection":[{"href":"https:\/\/akutolmukas.ee\/ru\/wp-json\/wp\/v2\/product"}],"about":[{"href":"https:\/\/akutolmukas.ee\/ru\/wp-json\/wp\/v2\/types\/product"}],"replies":[{"embeddable":true,"href":"https:\/\/akutolmukas.ee\/ru\/wp-json\/wp\/v2\/comments?post=3392"}],"wp:featuredmedia":[{"embeddable":true,"href":"https:\/\/akutolmukas.ee\/ru\/wp-json\/wp\/v2\/media\/3720"}],"wp:attachment":[{"href":"https:\/\/akutolmukas.ee\/ru\/wp-json\/wp\/v2\/media?parent=3392"}],"wp:term":[{"taxonomy":"product_brand","embeddable":true,"href":"https:\/\/akutolmukas.ee\/ru\/wp-json\/wp\/v2\/product_brand?post=3392"},{"taxonomy":"product_cat","embeddable":true,"href":"https:\/\/akutolmukas.ee\/ru\/wp-json\/wp\/v2\/product_cat?post=3392"},{"taxonomy":"product_tag","embeddable":true,"href":"https:\/\/akutolmukas.ee\/ru\/wp-json\/wp\/v2\/product_tag?post=3392"}],"curies":[{"name":"wp","href":"https:\/\/api.w.org\/{rel}","templated":true}]}}