{"id":3597,"date":"2022-08-10T01:43:17","date_gmt":"2022-08-09T22:43:17","guid":{"rendered":"https:\/\/akutolmukas.ee\/?post_type=product&#038;p=3597"},"modified":"2025-05-21T12:35:23","modified_gmt":"2025-05-21T09:35:23","slug":"aku-388vf","status":"publish","type":"product","link":"https:\/\/akutolmukas.ee\/ru\/product\/aku-388vf\/","title":{"rendered":"KAKS 18 V akut + laadija"},"content":{"rendered":"<p style=\"padding-left: 80px;\"><em><strong>Aku 388Vf<\/strong><\/em><\/p>\n<hr \/>\n<p><strong>Korralikult koostatud, ausa sisuga, \u00f5ige kaaluga, akuga kaasas ka laadija!<\/strong><\/p>\n<p>Sobib k\u00f5igega, millele l\u00e4heb j\u00e4rgi Makita 18V aku.<\/p>\n<p><img data-recalc-dims=\"1\" fetchpriority=\"high\" decoding=\"async\" class=\"alignnone size-medium wp-image-3599\" src=\"https:\/\/i0.wp.com\/akutolmukas.ee\/wp-content\/uploads\/2022\/08\/IMG_20220810_011655.jpg?resize=300%2C216&#038;ssl=1\" alt=\"\" width=\"300\" height=\"216\" srcset=\"https:\/\/i0.wp.com\/akutolmukas.ee\/wp-content\/uploads\/2022\/08\/IMG_20220810_011655.jpg?resize=300%2C216&amp;ssl=1 300w, https:\/\/i0.wp.com\/akutolmukas.ee\/wp-content\/uploads\/2022\/08\/IMG_20220810_011655.jpg?resize=1024%2C738&amp;ssl=1 1024w, https:\/\/i0.wp.com\/akutolmukas.ee\/wp-content\/uploads\/2022\/08\/IMG_20220810_011655.jpg?resize=768%2C553&amp;ssl=1 768w, https:\/\/i0.wp.com\/akutolmukas.ee\/wp-content\/uploads\/2022\/08\/IMG_20220810_011655.jpg?resize=600%2C432&amp;ssl=1 600w, https:\/\/i0.wp.com\/akutolmukas.ee\/wp-content\/uploads\/2022\/08\/IMG_20220810_011655.jpg?w=1080&amp;ssl=1 1080w\" sizes=\"(max-width: 300px) 100vw, 300px\" \/><\/p>\n<p>Sobib k\u00f5igi meilt saadaolevate akut\u00f6\u00f6riistadele (Va. survepesur TANK)<\/p>\n<hr \/>\n<p><img data-recalc-dims=\"1\" decoding=\"async\" class=\"alignnone size-medium wp-image-3598\" src=\"https:\/\/i0.wp.com\/akutolmukas.ee\/wp-content\/uploads\/2022\/08\/IMG_20220810_014054.jpg?resize=255%2C300&#038;ssl=1\" alt=\"\" width=\"255\" height=\"300\" srcset=\"https:\/\/i0.wp.com\/akutolmukas.ee\/wp-content\/uploads\/2022\/08\/IMG_20220810_014054.jpg?resize=255%2C300&amp;ssl=1 255w, https:\/\/i0.wp.com\/akutolmukas.ee\/wp-content\/uploads\/2022\/08\/IMG_20220810_014054.jpg?resize=869%2C1024&amp;ssl=1 869w, https:\/\/i0.wp.com\/akutolmukas.ee\/wp-content\/uploads\/2022\/08\/IMG_20220810_014054.jpg?resize=768%2C905&amp;ssl=1 768w, https:\/\/i0.wp.com\/akutolmukas.ee\/wp-content\/uploads\/2022\/08\/IMG_20220810_014054.jpg?resize=600%2C707&amp;ssl=1 600w, https:\/\/i0.wp.com\/akutolmukas.ee\/wp-content\/uploads\/2022\/08\/IMG_20220810_014054.jpg?w=1068&amp;ssl=1 1068w\" sizes=\"(max-width: 255px) 100vw, 255px\" \/><\/p>\n<p>Selle akuga l\u00e4inud meilt \u00fcle 100 akusae ning inimestelt supper tagasiside, mitmed kirjeldanud ka aku kasitamisr lisaks saele veel igasuguste muude t\u00f6\u00f6riistadega. Makita originaali trumpamas see paljude arust! Hind soodsam, garantii kiire ja aus kui vaja. Siiani on 0 akuga olnud probleeme. <strong>Kasutage akurelakast kuni tiigersaeni pika kasutusajaga!<\/strong><\/p>\n<p><strong>Kui akuga midagi juhtub saadame uue!\u00a0<\/strong><\/p>\n<p><strong> <img data-recalc-dims=\"1\" decoding=\"async\" class=\"alignnone size-medium wp-image-3645\" src=\"https:\/\/i0.wp.com\/akutolmukas.ee\/wp-content\/uploads\/2022\/08\/IMG_20220818_135507.jpg?resize=300%2C275&#038;ssl=1\" alt=\"\" width=\"300\" height=\"275\" srcset=\"https:\/\/i0.wp.com\/akutolmukas.ee\/wp-content\/uploads\/2022\/08\/IMG_20220818_135507-scaled.jpg?resize=300%2C275&amp;ssl=1 300w, https:\/\/i0.wp.com\/akutolmukas.ee\/wp-content\/uploads\/2022\/08\/IMG_20220818_135507-scaled.jpg?resize=1024%2C938&amp;ssl=1 1024w, https:\/\/i0.wp.com\/akutolmukas.ee\/wp-content\/uploads\/2022\/08\/IMG_20220818_135507-scaled.jpg?resize=768%2C703&amp;ssl=1 768w, https:\/\/i0.wp.com\/akutolmukas.ee\/wp-content\/uploads\/2022\/08\/IMG_20220818_135507-scaled.jpg?resize=1536%2C1406&amp;ssl=1 1536w, https:\/\/i0.wp.com\/akutolmukas.ee\/wp-content\/uploads\/2022\/08\/IMG_20220818_135507-scaled.jpg?resize=2048%2C1875&amp;ssl=1 2048w, https:\/\/i0.wp.com\/akutolmukas.ee\/wp-content\/uploads\/2022\/08\/IMG_20220818_135507-scaled.jpg?resize=600%2C549&amp;ssl=1 600w\" sizes=\"(max-width: 300px) 100vw, 300px\" \/><\/strong><\/p>\n<p><strong>Aku kestvus:<\/strong><\/p>\n<p><em>Kui akul tasapisi eluiga v\u00e4heneb siis see on kahjuks normaalne, \u00fcks aku kestab aga kindlasti \u00fcle kahe aasta. Aku ise kestab muidu ka \u00fcle kolme aasta aga mingilt maalt muutub kestvus juba 50% ja enam halvemuse poole v\u00f5rreldes algsega, mis muudab pikemad projektid t\u00fc\u00fctuks. Pole hullu! Me oleme ka aastate p\u00e4rast olemas ja korduv kliendile teeme alati sooduse!<\/em><\/p>\n<hr \/>\n<p><strong>Akul on elementaarne niiskuskindlus<\/strong>. Iga pisema vihmaga ei pea tuppa jooksma.<\/p>\n<p>Reaalses elus testitud ja v\u00f5rreldud, kestab Makita originaalist 10-15 minutit kauem erinevate seadmete taga!<\/p>\n<hr \/>\n<p><strong>Aku sisu vastab 1:1 kirjeldusele. Kvaliteetne jootmine detailidel. Ohutu hoiustada ja kasutada.<\/strong><\/p>\n<p><img data-recalc-dims=\"1\" loading=\"lazy\" decoding=\"async\" class=\"alignnone size-medium wp-image-3624\" src=\"https:\/\/i0.wp.com\/akutolmukas.ee\/wp-content\/uploads\/2022\/08\/IMG_20220816_000040.jpg?resize=300%2C253&#038;ssl=1\" alt=\"\" width=\"300\" height=\"253\" srcset=\"https:\/\/i0.wp.com\/akutolmukas.ee\/wp-content\/uploads\/2022\/08\/IMG_20220816_000040-scaled.jpg?resize=300%2C253&amp;ssl=1 300w, https:\/\/i0.wp.com\/akutolmukas.ee\/wp-content\/uploads\/2022\/08\/IMG_20220816_000040-scaled.jpg?resize=1024%2C863&amp;ssl=1 1024w, https:\/\/i0.wp.com\/akutolmukas.ee\/wp-content\/uploads\/2022\/08\/IMG_20220816_000040-scaled.jpg?resize=768%2C647&amp;ssl=1 768w, https:\/\/i0.wp.com\/akutolmukas.ee\/wp-content\/uploads\/2022\/08\/IMG_20220816_000040-scaled.jpg?resize=1536%2C1294&amp;ssl=1 1536w, https:\/\/i0.wp.com\/akutolmukas.ee\/wp-content\/uploads\/2022\/08\/IMG_20220816_000040-scaled.jpg?resize=2048%2C1726&amp;ssl=1 2048w, https:\/\/i0.wp.com\/akutolmukas.ee\/wp-content\/uploads\/2022\/08\/IMG_20220816_000040-scaled.jpg?resize=600%2C506&amp;ssl=1 600w\" sizes=\"(max-width: 300px) 100vw, 300px\" \/><\/p>\n<p><strong>NB! Laadida j\u00e4relvalve all, peale t\u00e4itumist eemaldada laadijast, mitte j\u00e4tta pikaks ajaks vooluv\u00f5rku seisma laadijas. Akusid hoiustada t\u00e4islaetuna.<\/strong> (<em>Elementaarne ohutus k\u00f5igi liitium akude puhul)<\/em><\/p>\n<p>Heade soovidega! Akutolmukas.ee<\/p>","protected":false},"excerpt":{"rendered":"<p class=\"\" data-start=\"307\" data-end=\"433\"><strong data-start=\"309\" data-end=\"349\">Kindla vastupidavusega 588Vf seeria akud<\/strong>, millel on korralik sisemine ehitus, turvakiibistik ja LED indikaator.<\/p>\n<p class=\"\" data-start=\"435\" data-end=\"450\"><strong data-start=\"435\" data-end=\"450\">Komplektis:<\/strong><\/p>\n<ul data-start=\"451\" data-end=\"482\">\n<li class=\"\" data-start=\"451\" data-end=\"465\">\n<p class=\"\" data-start=\"453\" data-end=\"465\">2\u00d7 588VF seeria aku &#8211;<\/p>\n<\/li>\n<li class=\"\" data-start=\"466\" data-end=\"482\">\n<p class=\"\" data-start=\"468\" data-end=\"482\">1\u00d7 EU akulaadija<\/p>\n<\/li>\n<\/ul>\n<hr \/>\n<p><strong>\u2705 Kujupoolest identsed Makita 18 V originaalidega.<\/strong><\/p>\n<p class=\"\" data-start=\"198\" data-end=\"256\">\ud83d\udd27 <strong data-start=\"166\" data-end=\"219\">Kindel valik &#8211; \u00f5iglane hind ja kiire tarne!<\/strong><\/p>\n<p>\ud83d\udcde\u00a0<strong>K\u00fcsimusi v\u00f5i muresid?<\/strong>\u00a0Helistage v\u00f5i kirjutage \u2013\u00a0<strong>aitame!<\/strong> <strong>Garantii<\/strong> ja <strong>klienditugi<\/strong> <strong>Eestis!<\/strong><\/p>\n<hr \/>\n<p><strong>\u0421\u0440\u043e\u043a \u0433\u0430\u0440\u0430\u043d\u0442\u0438\u0438:<\/strong> <strong>KAKS<\/strong> aastat (k\u00f5igile)<br \/>\n<strong>\u0421\u0440\u043e\u043a \u0434\u043e\u0441\u0442\u0430\u0432\u043a\u0438:<\/strong> kuni <strong>VIIS<\/strong>\u00a0t\u00f6\u00f6p\u00e4eva<\/p>","protected":false},"featured_media":9835,"comment_status":"open","ping_status":"closed","template":"","meta":{"_acf_changed":false,"site-sidebar-layout":"default","site-content-layout":"default","ast-site-content-layout":"default","site-content-style":"default","site-sidebar-style":"default","ast-global-header-display":"","ast-banner-title-visibility":"","ast-main-header-display":"","ast-hfb-above-header-display":"","ast-hfb-below-header-display":"","ast-hfb-mobile-header-display":"","site-post-title":"","ast-breadcrumbs-content":"","ast-featured-img":"","footer-sml-layout":"","ast-disable-related-posts":"","theme-transparent-header-meta":"default","adv-header-id-meta":"","stick-header-meta":"","header-above-stick-meta":"","header-main-stick-meta":"","header-below-stick-meta":"","astra-migrate-meta-layouts":"set","ast-page-background-enabled":"default","ast-page-background-meta":{"desktop":{"background-color":"","background-image":"","background-repeat":"repeat","background-position":"center center","background-size":"auto","background-attachment":"scroll","background-type":"","background-media":"","overlay-type":"","overlay-color":"","overlay-opacity":"","overlay-gradient":""},"tablet":{"background-color":"","background-image":"","background-repeat":"repeat","background-position":"center center","background-size":"auto","background-attachment":"scroll","background-type":"","background-media":"","overlay-type":"","overlay-color":"","overlay-opacity":"","overlay-gradient":""},"mobile":{"background-color":"","background-image":"","background-repeat":"repeat","background-position":"center center","background-size":"auto","background-attachment":"scroll","background-type":"","background-media":"","overlay-type":"","overlay-color":"","overlay-opacity":"","overlay-gradient":""}},"ast-content-background-meta":{"desktop":{"background-color":"var(--ast-global-color-5)","background-image":"","background-repeat":"repeat","background-position":"center center","background-size":"auto","background-attachment":"scroll","background-type":"","background-media":"","overlay-type":"","overlay-color":"","overlay-opacity":"","overlay-gradient":""},"tablet":{"background-color":"var(--ast-global-color-5)","background-image":"","background-repeat":"repeat","background-position":"center center","background-size":"auto","background-attachment":"scroll","background-type":"","background-media":"","overlay-type":"","overlay-color":"","overlay-opacity":"","overlay-gradient":""},"mobile":{"background-color":"var(--ast-global-color-5)","background-image":"","background-repeat":"repeat","background-position":"center center","background-size":"auto","background-attachment":"scroll","background-type":"","background-media":"","overlay-type":"","overlay-color":"","overlay-opacity":"","overlay-gradient":""}}},"product_brand":[],"product_cat":[21],"product_tag":[],"class_list":{"0":"post-3597","1":"product","2":"type-product","3":"status-publish","4":"has-post-thumbnail","6":"product_cat-tarvikud","7":"desktop-align-left","8":"tablet-align-left","9":"mobile-align-left","10":"ast-product-gallery-layout-horizontal-slider","11":"ast-product-tabs-layout-horizontal","13":"first","14":"instock","15":"taxable","16":"shipping-taxable","17":"purchasable","18":"product-type-simple"},"acf":[],"yoast_head":"<!-- This site is optimized with the Yoast SEO plugin v27.1.1 - https:\/\/yoast.com\/product\/yoast-seo-wordpress\/ -->\n<title>KAKS 18 V akut + laadija | Akutolmukas<\/title>\n<meta name=\"robots\" content=\"index, follow, max-snippet:-1, max-image-preview:large, max-video-preview:-1\" \/>\n<link rel=\"canonical\" href=\"https:\/\/akutolmukas.ee\/ru\/product\/aku-388vf\/\" \/>\n<meta property=\"og:locale\" content=\"ru_RU\" \/>\n<meta property=\"og:type\" content=\"article\" \/>\n<meta property=\"og:title\" content=\"KAKS 18 V akut + laadija | Akutolmukas\" \/>\n<meta property=\"og:description\" content=\"Kindla vastupidavusega 588Vf seeria akud, millel on korralik sisemine ehitus, turvakiibistik ja LED indikaator. Komplektis:     2\u00d7 588VF seeria aku -    1\u00d7 EU akulaadija      \u2705 Kujupoolest identsed Makita 18 V originaalidega. \ud83d\udd27 Kindel valik - \u00f5iglane hind ja kiire tarne! \ud83d\udcde\u00a0K\u00fcsimusi v\u00f5i muresid?\u00a0Helistage v\u00f5i kirjutage \u2013\u00a0aitame! Garantii ja klienditugi Eestis!    Garantiiaeg: KAKS aastat (k\u00f5igile) Tarneaeg: kuni VIIS\u00a0t\u00f6\u00f6p\u00e4eva\" \/>\n<meta property=\"og:url\" content=\"https:\/\/akutolmukas.ee\/ru\/product\/aku-388vf\/\" \/>\n<meta property=\"og:site_name\" content=\"Akutolmukas\" \/>\n<meta property=\"article:modified_time\" content=\"2025-05-21T09:35:23+00:00\" \/>\n<meta property=\"og:image\" content=\"https:\/\/akutolmukas.ee\/wp-content\/uploads\/2022\/08\/Polish_20250521_123207494-1024x1024.jpg\" \/>\n\t<meta property=\"og:image:width\" content=\"1024\" \/>\n\t<meta property=\"og:image:height\" content=\"1024\" \/>\n\t<meta property=\"og:image:type\" content=\"image\/jpeg\" \/>\n<meta name=\"twitter:card\" content=\"summary_large_image\" \/>\n<meta name=\"twitter:label1\" content=\"Est. reading time\" \/>\n\t<meta name=\"twitter:data1\" content=\"3 \u043c\u0438\u043d\u0443\u0442\u044b\" \/>\n<script type=\"application\/ld+json\" class=\"yoast-schema-graph\">{\"@context\":\"https:\/\/schema.org\",\"@graph\":[{\"@type\":\"WebPage\",\"@id\":\"https:\/\/akutolmukas.ee\/toode\/aku-388vf\/\",\"url\":\"https:\/\/akutolmukas.ee\/toode\/aku-388vf\/\",\"name\":\"KAKS 18 V akut + laadija | Akutolmukas\",\"isPartOf\":{\"@id\":\"https:\/\/akutolmukas.ee\/#website\"},\"primaryImageOfPage\":{\"@id\":\"https:\/\/akutolmukas.ee\/toode\/aku-388vf\/#primaryimage\"},\"image\":{\"@id\":\"https:\/\/akutolmukas.ee\/toode\/aku-388vf\/#primaryimage\"},\"thumbnailUrl\":\"https:\/\/i0.wp.com\/akutolmukas.ee\/wp-content\/uploads\/2022\/08\/Polish_20250521_123207494.jpg?fit=2468%2C2468&ssl=1\",\"datePublished\":\"2022-08-09T22:43:17+00:00\",\"dateModified\":\"2025-05-21T09:35:23+00:00\",\"breadcrumb\":{\"@id\":\"https:\/\/akutolmukas.ee\/toode\/aku-388vf\/#breadcrumb\"},\"inLanguage\":\"ru-RU\",\"potentialAction\":[{\"@type\":\"ReadAction\",\"target\":[\"https:\/\/akutolmukas.ee\/toode\/aku-388vf\/\"]}]},{\"@type\":\"ImageObject\",\"inLanguage\":\"ru-RU\",\"@id\":\"https:\/\/akutolmukas.ee\/toode\/aku-388vf\/#primaryimage\",\"url\":\"https:\/\/i0.wp.com\/akutolmukas.ee\/wp-content\/uploads\/2022\/08\/Polish_20250521_123207494.jpg?fit=2468%2C2468&ssl=1\",\"contentUrl\":\"https:\/\/i0.wp.com\/akutolmukas.ee\/wp-content\/uploads\/2022\/08\/Polish_20250521_123207494.jpg?fit=2468%2C2468&ssl=1\",\"width\":2468,\"height\":2468},{\"@type\":\"BreadcrumbList\",\"@id\":\"https:\/\/akutolmukas.ee\/toode\/aku-388vf\/#breadcrumb\",\"itemListElement\":[{\"@type\":\"ListItem\",\"position\":1,\"name\":\"Home\",\"item\":\"https:\/\/akutolmukas.ee\/\"},{\"@type\":\"ListItem\",\"position\":2,\"name\":\"Pood\",\"item\":\"https:\/\/akutolmukas.ee\/pood\/\"},{\"@type\":\"ListItem\",\"position\":3,\"name\":\"KAKS 18 V akut + laadija\"}]},{\"@type\":\"WebSite\",\"@id\":\"https:\/\/akutolmukas.ee\/#website\",\"url\":\"https:\/\/akutolmukas.ee\/\",\"name\":\"Akutolmukas\",\"description\":\"Akutolmukas\",\"publisher\":{\"@id\":\"https:\/\/akutolmukas.ee\/#organization\"},\"potentialAction\":[{\"@type\":\"SearchAction\",\"target\":{\"@type\":\"EntryPoint\",\"urlTemplate\":\"https:\/\/akutolmukas.ee\/?s={search_term_string}\"},\"query-input\":{\"@type\":\"PropertyValueSpecification\",\"valueRequired\":true,\"valueName\":\"search_term_string\"}}],\"inLanguage\":\"ru-RU\"},{\"@type\":\"Organization\",\"@id\":\"https:\/\/akutolmukas.ee\/#organization\",\"name\":\"Frequit O\u00dc\",\"url\":\"https:\/\/akutolmukas.ee\/\",\"logo\":{\"@type\":\"ImageObject\",\"inLanguage\":\"ru-RU\",\"@id\":\"https:\/\/akutolmukas.ee\/#\/schema\/logo\/image\/\",\"url\":\"https:\/\/akutolmukas.ee\/wp-content\/uploads\/2021\/01\/900x300px-SVG-LaiLogoParem.svg\",\"contentUrl\":\"https:\/\/akutolmukas.ee\/wp-content\/uploads\/2021\/01\/900x300px-SVG-LaiLogoParem.svg\",\"width\":675,\"height\":225,\"caption\":\"Frequit O\u00dc\"},\"image\":{\"@id\":\"https:\/\/akutolmukas.ee\/#\/schema\/logo\/image\/\"}}]}<\/script>\n<!-- \/ Yoast SEO plugin. -->","yoast_head_json":{"title":"KAKS 18 V akut + laadija | Akutolmukas","robots":{"index":"index","follow":"follow","max-snippet":"max-snippet:-1","max-image-preview":"max-image-preview:large","max-video-preview":"max-video-preview:-1"},"canonical":"https:\/\/akutolmukas.ee\/ru\/product\/aku-388vf\/","og_locale":"ru_RU","og_type":"article","og_title":"KAKS 18 V akut + laadija | Akutolmukas","og_description":"Kindla vastupidavusega 588Vf seeria akud, millel on korralik sisemine ehitus, turvakiibistik ja LED indikaator. Komplektis:     2\u00d7 588VF seeria aku -    1\u00d7 EU akulaadija      \u2705 Kujupoolest identsed Makita 18 V originaalidega. \ud83d\udd27 Kindel valik - \u00f5iglane hind ja kiire tarne! \ud83d\udcde\u00a0K\u00fcsimusi v\u00f5i muresid?\u00a0Helistage v\u00f5i kirjutage \u2013\u00a0aitame! Garantii ja klienditugi Eestis!    Garantiiaeg: KAKS aastat (k\u00f5igile) Tarneaeg: kuni VIIS\u00a0t\u00f6\u00f6p\u00e4eva","og_url":"https:\/\/akutolmukas.ee\/ru\/product\/aku-388vf\/","og_site_name":"Akutolmukas","article_modified_time":"2025-05-21T09:35:23+00:00","og_image":[{"width":1024,"height":1024,"url":"https:\/\/akutolmukas.ee\/wp-content\/uploads\/2022\/08\/Polish_20250521_123207494-1024x1024.jpg","type":"image\/jpeg"}],"twitter_card":"summary_large_image","twitter_misc":{"Est. reading time":"3 \u043c\u0438\u043d\u0443\u0442\u044b"},"schema":{"@context":"https:\/\/schema.org","@graph":[{"@type":"WebPage","@id":"https:\/\/akutolmukas.ee\/toode\/aku-388vf\/","url":"https:\/\/akutolmukas.ee\/toode\/aku-388vf\/","name":"KAKS 18 V akut + laadija | Akutolmukas","isPartOf":{"@id":"https:\/\/akutolmukas.ee\/#website"},"primaryImageOfPage":{"@id":"https:\/\/akutolmukas.ee\/toode\/aku-388vf\/#primaryimage"},"image":{"@id":"https:\/\/akutolmukas.ee\/toode\/aku-388vf\/#primaryimage"},"thumbnailUrl":"https:\/\/i0.wp.com\/akutolmukas.ee\/wp-content\/uploads\/2022\/08\/Polish_20250521_123207494.jpg?fit=2468%2C2468&ssl=1","datePublished":"2022-08-09T22:43:17+00:00","dateModified":"2025-05-21T09:35:23+00:00","breadcrumb":{"@id":"https:\/\/akutolmukas.ee\/toode\/aku-388vf\/#breadcrumb"},"inLanguage":"ru-RU","potentialAction":[{"@type":"ReadAction","target":["https:\/\/akutolmukas.ee\/toode\/aku-388vf\/"]}]},{"@type":"ImageObject","inLanguage":"ru-RU","@id":"https:\/\/akutolmukas.ee\/toode\/aku-388vf\/#primaryimage","url":"https:\/\/i0.wp.com\/akutolmukas.ee\/wp-content\/uploads\/2022\/08\/Polish_20250521_123207494.jpg?fit=2468%2C2468&ssl=1","contentUrl":"https:\/\/i0.wp.com\/akutolmukas.ee\/wp-content\/uploads\/2022\/08\/Polish_20250521_123207494.jpg?fit=2468%2C2468&ssl=1","width":2468,"height":2468},{"@type":"BreadcrumbList","@id":"https:\/\/akutolmukas.ee\/toode\/aku-388vf\/#breadcrumb","itemListElement":[{"@type":"ListItem","position":1,"name":"Home","item":"https:\/\/akutolmukas.ee\/"},{"@type":"ListItem","position":2,"name":"Pood","item":"https:\/\/akutolmukas.ee\/pood\/"},{"@type":"ListItem","position":3,"name":"KAKS 18 V akut + laadija"}]},{"@type":"WebSite","@id":"https:\/\/akutolmukas.ee\/#website","url":"https:\/\/akutolmukas.ee\/","name":"Akutolmukas","description":"Akutolmukas","publisher":{"@id":"https:\/\/akutolmukas.ee\/#organization"},"potentialAction":[{"@type":"SearchAction","target":{"@type":"EntryPoint","urlTemplate":"https:\/\/akutolmukas.ee\/?s={search_term_string}"},"query-input":{"@type":"PropertyValueSpecification","valueRequired":true,"valueName":"search_term_string"}}],"inLanguage":"ru-RU"},{"@type":"Organization","@id":"https:\/\/akutolmukas.ee\/#organization","name":"Frequit O\u00dc","url":"https:\/\/akutolmukas.ee\/","logo":{"@type":"ImageObject","inLanguage":"ru-RU","@id":"https:\/\/akutolmukas.ee\/#\/schema\/logo\/image\/","url":"https:\/\/akutolmukas.ee\/wp-content\/uploads\/2021\/01\/900x300px-SVG-LaiLogoParem.svg","contentUrl":"https:\/\/akutolmukas.ee\/wp-content\/uploads\/2021\/01\/900x300px-SVG-LaiLogoParem.svg","width":675,"height":225,"caption":"Frequit O\u00dc"},"image":{"@id":"https:\/\/akutolmukas.ee\/#\/schema\/logo\/image\/"}}]}},"jetpack-related-posts":[],"jetpack_sharing_enabled":true,"_links":{"self":[{"href":"https:\/\/akutolmukas.ee\/ru\/wp-json\/wp\/v2\/product\/3597","targetHints":{"allow":["GET"]}}],"collection":[{"href":"https:\/\/akutolmukas.ee\/ru\/wp-json\/wp\/v2\/product"}],"about":[{"href":"https:\/\/akutolmukas.ee\/ru\/wp-json\/wp\/v2\/types\/product"}],"replies":[{"embeddable":true,"href":"https:\/\/akutolmukas.ee\/ru\/wp-json\/wp\/v2\/comments?post=3597"}],"wp:featuredmedia":[{"embeddable":true,"href":"https:\/\/akutolmukas.ee\/ru\/wp-json\/wp\/v2\/media\/9835"}],"wp:attachment":[{"href":"https:\/\/akutolmukas.ee\/ru\/wp-json\/wp\/v2\/media?parent=3597"}],"wp:term":[{"taxonomy":"product_brand","embeddable":true,"href":"https:\/\/akutolmukas.ee\/ru\/wp-json\/wp\/v2\/product_brand?post=3597"},{"taxonomy":"product_cat","embeddable":true,"href":"https:\/\/akutolmukas.ee\/ru\/wp-json\/wp\/v2\/product_cat?post=3597"},{"taxonomy":"product_tag","embeddable":true,"href":"https:\/\/akutolmukas.ee\/ru\/wp-json\/wp\/v2\/product_tag?post=3597"}],"curies":[{"name":"wp","href":"https:\/\/api.w.org\/{rel}","templated":true}]}}