{"id":4700,"date":"2023-01-13T22:49:16","date_gmt":"2023-01-13T20:49:16","guid":{"rendered":"https:\/\/akutolmukas.ee\/?post_type=product&#038;p=4700"},"modified":"2025-02-28T00:27:57","modified_gmt":"2025-02-27T22:27:57","slug":"a2pro","status":"publish","type":"product","link":"https:\/\/akutolmukas.ee\/ru\/product\/a2pro\/","title":{"rendered":"Mini-imur A2 PRO."},"content":{"rendered":"<p><strong>Mini- imurid v\u00f5imaldavad teil hoida autos ja kodus korda, olles vajalikus kohas alati k\u00e4ep\u00e4rast olemas! Tolmuimejaga on kaasas normaalne TypeC kaabel, millega saab autos USB pesast seadet ka laadida ilma, et peaks seda tuppa vedama. Laetav muidugi ka k\u00f5igist USB adapteritest.\u00a0<\/strong><\/p>\n<hr \/>\n<p><strong style=\"font-size: 16px;\">A2 PRO. on ideaalne abiline, mida haarata autosse!<\/strong><\/p>\n<p><img data-recalc-dims=\"1\" fetchpriority=\"high\" decoding=\"async\" class=\"alignnone size-medium wp-image-6857\" src=\"https:\/\/i0.wp.com\/akutolmukas.ee\/wp-content\/uploads\/2023\/01\/Polish_20240214_005114428.jpg?resize=240%2C300&#038;ssl=1\" alt=\"\" width=\"240\" height=\"300\" srcset=\"https:\/\/i0.wp.com\/akutolmukas.ee\/wp-content\/uploads\/2023\/01\/Polish_20240214_005114428.jpg?resize=240%2C300&amp;ssl=1 240w, https:\/\/i0.wp.com\/akutolmukas.ee\/wp-content\/uploads\/2023\/01\/Polish_20240214_005114428.jpg?resize=820%2C1024&amp;ssl=1 820w, https:\/\/i0.wp.com\/akutolmukas.ee\/wp-content\/uploads\/2023\/01\/Polish_20240214_005114428.jpg?resize=768%2C959&amp;ssl=1 768w, https:\/\/i0.wp.com\/akutolmukas.ee\/wp-content\/uploads\/2023\/01\/Polish_20240214_005114428.jpg?resize=600%2C749&amp;ssl=1 600w, https:\/\/i0.wp.com\/akutolmukas.ee\/wp-content\/uploads\/2023\/01\/Polish_20240214_005114428.jpg?w=1080&amp;ssl=1 1080w\" sizes=\"(max-width: 240px) 100vw, 240px\" \/><\/p>\n<p><span style=\"font-size: 16px;\">K\u00e4ige kiirelt \u00fcle <strong>istmed<\/strong>, <strong>ventikate<\/strong> <strong>vahed<\/strong>, <strong>nupud<\/strong> ja <strong>pilud<\/strong>. Pintselotsik on turvaline l\u00e4ikega pindadele, pintseldage tolm mugavalt anumasse nupukestelt ja armatuurilt. T\u00e4is akuga saab soovikorral ka mattide aluse puhtaks lisaks \u00fclej\u00e4\u00e4nud sisule.<\/span><\/p>\n<p><strong>Seadmel on v\u00f5rreldes eelk\u00e4ijatega kaks korda suurem anum ja filter, mis t\u00e4hendab, et enam ei ole vaja laialdasemat sodi vahepeal t\u00fchjendada!<\/strong><\/p>\n<hr \/>\n<p><strong>Ideaalne lisatolmuimeja ka tuppa!<\/strong><\/p>\n<p><img data-recalc-dims=\"1\" decoding=\"async\" class=\"alignnone size-medium wp-image-6859\" src=\"https:\/\/i0.wp.com\/akutolmukas.ee\/wp-content\/uploads\/2023\/01\/Polish_20240214_010627239.jpg?resize=178%2C300&#038;ssl=1\" alt=\"\" width=\"178\" height=\"300\" srcset=\"https:\/\/i0.wp.com\/akutolmukas.ee\/wp-content\/uploads\/2023\/01\/Polish_20240214_010627239.jpg?resize=178%2C300&amp;ssl=1 178w, https:\/\/i0.wp.com\/akutolmukas.ee\/wp-content\/uploads\/2023\/01\/Polish_20240214_010627239.jpg?resize=608%2C1024&amp;ssl=1 608w, https:\/\/i0.wp.com\/akutolmukas.ee\/wp-content\/uploads\/2023\/01\/Polish_20240214_010627239.jpg?resize=768%2C1294&amp;ssl=1 768w, https:\/\/i0.wp.com\/akutolmukas.ee\/wp-content\/uploads\/2023\/01\/Polish_20240214_010627239.jpg?resize=912%2C1536&amp;ssl=1 912w, https:\/\/i0.wp.com\/akutolmukas.ee\/wp-content\/uploads\/2023\/01\/Polish_20240214_010627239.jpg?resize=600%2C1011&amp;ssl=1 600w, https:\/\/i0.wp.com\/akutolmukas.ee\/wp-content\/uploads\/2023\/01\/Polish_20240214_010627239.jpg?w=1080&amp;ssl=1 1080w\" sizes=\"(max-width: 178px) 100vw, 178px\" \/><\/p>\n<p><strong style=\"font-size: 16px;\">Puhastage raskesti ligip\u00e4\u00e4setavaid, juhtmepuntraga kohti nagu n\u00e4iteks telekalaud ja selle tagune, erinevaid riiuleid, hoidke kuskil k\u00e4ep\u00e4rases kohas ning t\u00f5mmake erinevaid purusid s\u00f6\u00f6gilaualt v\u00f5i mahakukkunud \u00e4pardusi.<\/strong><\/p>\n<hr \/>\n<p><strong>Lisaks on mugav puhstada n\u00e4iteks<\/strong> pulte, k\u00f5lareid, sahtlip\u00f5hjasid, karpe, m\u00e4nguasju v\u00f5i, mis iganes esemeid riiulitel v\u00f5i maas.<\/p>\n<p><strong>2024 aasta parim mudel!<\/strong> Korralik &#8220;kaigas&#8221; k\u00e4es, mis ei tee erilist m\u00fcra ning t\u00f5esti imeb ka kivikesi sisse. Tegime ise edukalt esiku vaiba koos 10 kuuse pojaga n\u00e4iteks t\u00e4iesti puhtaks (visuaalselt), meil on ka \u0161veitsi lambakoer seega vaip oli nii liiva, muda kui karvu t\u00e4is. Kogu jama mahtus 1 korraga anumasse!<\/p>\n<p><strong>Silikooonist k\u00e4eosa on eemaldatav ja pestav, et s\u00e4ilitada viisakas visuaalne k\u00fclg tolmuimeja elueaks.<\/strong><\/p>\n<p>Kestab 2-3 aastat seoses liitiumakude loomulikule kulumisele. <strong>Selle aja eest aga 90 eurot, et saada paljusid toimetusi edukalt teha t\u00e4iesti m\u00f5istlik otsus.\u00a0<\/strong><\/p>\n<p><strong>Tootel meile omane, vaidlusteta kahe aastane Garantii!<\/strong> Midagi juhtub siis selle toote puhul saadame teile lihtsalt uue, ei remondi midagi.<\/p>\n<p>&nbsp;<\/p>\n<p>&nbsp;<\/p>\n<p>&nbsp;<\/p>","protected":false},"excerpt":{"rendered":"<p><strong>Mini-Imur A2 PRO.<\/strong><\/p>\n<p><strong>Pisike ning k\u00e4ep\u00e4rane abiline, mis leiab kasutust nii toas kui autos! Sobib ideaalselt ka reisile kaasa v\u00f5i kontorisse appi.\u00a0<\/strong><\/p>\n<ul>\n<li><strong>Ideaalne lisaabiline suuremale tolmuimejale!<\/strong><\/li>\n<li><strong>T\u00f5mbab endasse igasuguse suurusega sodisid!<\/strong><\/li>\n<li><strong>Lisaks t\u00f5mbamisele puhub peenikese koonusega ka arvestatava j\u00f5uga \u00f5hku!<\/strong><\/li>\n<li><strong>Kaks v\u00f5imsuse taset, TypeC USB laadimine &#8211; 25 minutit t\u00f6\u00f6aeg!<\/strong><\/li>\n<\/ul>\n<hr \/>\n<p><span style=\"font-size: 16px;\"><b>Hind:<\/b> 110 EUR (sis KM)<\/span><\/p>\n<p><strong>Garantii<\/strong>: <strong>KOLM<\/strong> aastat (k\u00f5igile)<\/p>\n<p><strong>Tarne pakiautomaati<\/strong>: kuni\u00a0<strong> VIIS\u00a0<\/strong>t\u00f6\u00f6p\u00e4eva<\/p>","protected":false},"featured_media":6869,"comment_status":"open","ping_status":"closed","template":"","meta":{"_acf_changed":false,"site-sidebar-layout":"default","site-content-layout":"default","ast-site-content-layout":"default","site-content-style":"default","site-sidebar-style":"default","ast-global-header-display":"","ast-banner-title-visibility":"","ast-main-header-display":"","ast-hfb-above-header-display":"","ast-hfb-below-header-display":"","ast-hfb-mobile-header-display":"","site-post-title":"","ast-breadcrumbs-content":"","ast-featured-img":"","footer-sml-layout":"","ast-disable-related-posts":"","theme-transparent-header-meta":"default","adv-header-id-meta":"","stick-header-meta":"","header-above-stick-meta":"","header-main-stick-meta":"","header-below-stick-meta":"","astra-migrate-meta-layouts":"set","ast-page-background-enabled":"default","ast-page-background-meta":{"desktop":{"background-color":"","background-image":"","background-repeat":"repeat","background-position":"center center","background-size":"auto","background-attachment":"scroll","background-type":"","background-media":"","overlay-type":"","overlay-color":"","overlay-opacity":"","overlay-gradient":""},"tablet":{"background-color":"","background-image":"","background-repeat":"repeat","background-position":"center center","background-size":"auto","background-attachment":"scroll","background-type":"","background-media":"","overlay-type":"","overlay-color":"","overlay-opacity":"","overlay-gradient":""},"mobile":{"background-color":"","background-image":"","background-repeat":"repeat","background-position":"center center","background-size":"auto","background-attachment":"scroll","background-type":"","background-media":"","overlay-type":"","overlay-color":"","overlay-opacity":"","overlay-gradient":""}},"ast-content-background-meta":{"desktop":{"background-color":"var(--ast-global-color-5)","background-image":"","background-repeat":"repeat","background-position":"center center","background-size":"auto","background-attachment":"scroll","background-type":"","background-media":"","overlay-type":"","overlay-color":"","overlay-opacity":"","overlay-gradient":""},"tablet":{"background-color":"var(--ast-global-color-5)","background-image":"","background-repeat":"repeat","background-position":"center center","background-size":"auto","background-attachment":"scroll","background-type":"","background-media":"","overlay-type":"","overlay-color":"","overlay-opacity":"","overlay-gradient":""},"mobile":{"background-color":"var(--ast-global-color-5)","background-image":"","background-repeat":"repeat","background-position":"center center","background-size":"auto","background-attachment":"scroll","background-type":"","background-media":"","overlay-type":"","overlay-color":"","overlay-opacity":"","overlay-gradient":""}}},"product_brand":[],"product_cat":[17],"product_tag":[],"class_list":{"0":"post-4700","1":"product","2":"type-product","3":"status-publish","4":"has-post-thumbnail","6":"product_cat-akuga-tolmuimejad","7":"desktop-align-left","8":"tablet-align-left","9":"mobile-align-left","10":"ast-product-gallery-layout-horizontal-slider","11":"ast-product-tabs-layout-horizontal","13":"first","14":"instock","15":"taxable","16":"shipping-taxable","17":"purchasable","18":"product-type-simple"},"acf":[],"yoast_head":"<!-- This site is optimized with the Yoast SEO plugin v27.1.1 - https:\/\/yoast.com\/product\/yoast-seo-wordpress\/ -->\n<title>Mini-imur A2 PRO. | Akutolmukas<\/title>\n<meta name=\"robots\" content=\"index, follow, max-snippet:-1, max-image-preview:large, max-video-preview:-1\" \/>\n<link rel=\"canonical\" href=\"https:\/\/akutolmukas.ee\/ru\/product\/a2pro\/\" \/>\n<meta property=\"og:locale\" content=\"ru_RU\" \/>\n<meta property=\"og:type\" content=\"article\" \/>\n<meta property=\"og:title\" content=\"Mini-imur A2 PRO. | Akutolmukas\" \/>\n<meta property=\"og:description\" content=\"Mini-Imur A2 PRO.  Pisike ning k\u00e4ep\u00e4rane abiline, mis leiab kasutust nii toas kui autos! Sobib ideaalselt ka reisile kaasa v\u00f5i kontorisse appi.\u00a0   Ideaalne lisaabiline suuremale tolmuimejale!  T\u00f5mbab endasse igasuguse suurusega sodisid!  Lisaks t\u00f5mbamisele puhub peenikese koonusega ka arvestatava j\u00f5uga \u00f5hku!  Kaks v\u00f5imsuse taset, TypeC USB laadimine - 25 minutit t\u00f6\u00f6aeg!     Hind: 110 EUR (sis KM)  Garantii: KOLM aastat (k\u00f5igile)  Tarne pakiautomaati: kuni\u00a0 VIIS\u00a0t\u00f6\u00f6p\u00e4eva\" \/>\n<meta property=\"og:url\" content=\"https:\/\/akutolmukas.ee\/ru\/product\/a2pro\/\" \/>\n<meta property=\"og:site_name\" content=\"Akutolmukas\" \/>\n<meta property=\"article:modified_time\" content=\"2025-02-27T22:27:57+00:00\" \/>\n<meta property=\"og:image\" content=\"https:\/\/i0.wp.com\/akutolmukas.ee\/wp-content\/uploads\/2023\/01\/Polish_20240214_202219290.jpg?fit=1080%2C1080&ssl=1\" \/>\n\t<meta property=\"og:image:width\" content=\"1080\" \/>\n\t<meta property=\"og:image:height\" content=\"1080\" \/>\n\t<meta property=\"og:image:type\" content=\"image\/jpeg\" \/>\n<meta name=\"twitter:card\" content=\"summary_large_image\" \/>\n<meta name=\"twitter:label1\" content=\"Est. reading time\" \/>\n\t<meta name=\"twitter:data1\" content=\"2 \u043c\u0438\u043d\u0443\u0442\u044b\" \/>\n<script type=\"application\/ld+json\" class=\"yoast-schema-graph\">{\"@context\":\"https:\/\/schema.org\",\"@graph\":[{\"@type\":\"WebPage\",\"@id\":\"https:\/\/akutolmukas.ee\/toode\/a2pro\/\",\"url\":\"https:\/\/akutolmukas.ee\/toode\/a2pro\/\",\"name\":\"Mini-imur A2 PRO. | Akutolmukas\",\"isPartOf\":{\"@id\":\"https:\/\/akutolmukas.ee\/#website\"},\"primaryImageOfPage\":{\"@id\":\"https:\/\/akutolmukas.ee\/toode\/a2pro\/#primaryimage\"},\"image\":{\"@id\":\"https:\/\/akutolmukas.ee\/toode\/a2pro\/#primaryimage\"},\"thumbnailUrl\":\"https:\/\/i0.wp.com\/akutolmukas.ee\/wp-content\/uploads\/2023\/01\/Polish_20240214_202219290.jpg?fit=1080%2C1080&ssl=1\",\"datePublished\":\"2023-01-13T20:49:16+00:00\",\"dateModified\":\"2025-02-27T22:27:57+00:00\",\"breadcrumb\":{\"@id\":\"https:\/\/akutolmukas.ee\/toode\/a2pro\/#breadcrumb\"},\"inLanguage\":\"ru-RU\",\"potentialAction\":[{\"@type\":\"ReadAction\",\"target\":[\"https:\/\/akutolmukas.ee\/toode\/a2pro\/\"]}]},{\"@type\":\"ImageObject\",\"inLanguage\":\"ru-RU\",\"@id\":\"https:\/\/akutolmukas.ee\/toode\/a2pro\/#primaryimage\",\"url\":\"https:\/\/i0.wp.com\/akutolmukas.ee\/wp-content\/uploads\/2023\/01\/Polish_20240214_202219290.jpg?fit=1080%2C1080&ssl=1\",\"contentUrl\":\"https:\/\/i0.wp.com\/akutolmukas.ee\/wp-content\/uploads\/2023\/01\/Polish_20240214_202219290.jpg?fit=1080%2C1080&ssl=1\",\"width\":1080,\"height\":1080},{\"@type\":\"BreadcrumbList\",\"@id\":\"https:\/\/akutolmukas.ee\/toode\/a2pro\/#breadcrumb\",\"itemListElement\":[{\"@type\":\"ListItem\",\"position\":1,\"name\":\"Home\",\"item\":\"https:\/\/akutolmukas.ee\/\"},{\"@type\":\"ListItem\",\"position\":2,\"name\":\"Pood\",\"item\":\"https:\/\/akutolmukas.ee\/pood\/\"},{\"@type\":\"ListItem\",\"position\":3,\"name\":\"Mini-imur A2 PRO.\"}]},{\"@type\":\"WebSite\",\"@id\":\"https:\/\/akutolmukas.ee\/#website\",\"url\":\"https:\/\/akutolmukas.ee\/\",\"name\":\"Akutolmukas\",\"description\":\"Akutolmukas\",\"publisher\":{\"@id\":\"https:\/\/akutolmukas.ee\/#organization\"},\"potentialAction\":[{\"@type\":\"SearchAction\",\"target\":{\"@type\":\"EntryPoint\",\"urlTemplate\":\"https:\/\/akutolmukas.ee\/?s={search_term_string}\"},\"query-input\":{\"@type\":\"PropertyValueSpecification\",\"valueRequired\":true,\"valueName\":\"search_term_string\"}}],\"inLanguage\":\"ru-RU\"},{\"@type\":\"Organization\",\"@id\":\"https:\/\/akutolmukas.ee\/#organization\",\"name\":\"Frequit O\u00dc\",\"url\":\"https:\/\/akutolmukas.ee\/\",\"logo\":{\"@type\":\"ImageObject\",\"inLanguage\":\"ru-RU\",\"@id\":\"https:\/\/akutolmukas.ee\/#\/schema\/logo\/image\/\",\"url\":\"https:\/\/akutolmukas.ee\/wp-content\/uploads\/2021\/01\/900x300px-SVG-LaiLogoParem.svg\",\"contentUrl\":\"https:\/\/akutolmukas.ee\/wp-content\/uploads\/2021\/01\/900x300px-SVG-LaiLogoParem.svg\",\"width\":675,\"height\":225,\"caption\":\"Frequit O\u00dc\"},\"image\":{\"@id\":\"https:\/\/akutolmukas.ee\/#\/schema\/logo\/image\/\"}}]}<\/script>\n<!-- \/ Yoast SEO plugin. -->","yoast_head_json":{"title":"Mini-imur A2 PRO. | Akutolmukas","robots":{"index":"index","follow":"follow","max-snippet":"max-snippet:-1","max-image-preview":"max-image-preview:large","max-video-preview":"max-video-preview:-1"},"canonical":"https:\/\/akutolmukas.ee\/ru\/product\/a2pro\/","og_locale":"ru_RU","og_type":"article","og_title":"Mini-imur A2 PRO. | Akutolmukas","og_description":"Mini-Imur A2 PRO.  Pisike ning k\u00e4ep\u00e4rane abiline, mis leiab kasutust nii toas kui autos! Sobib ideaalselt ka reisile kaasa v\u00f5i kontorisse appi.\u00a0   Ideaalne lisaabiline suuremale tolmuimejale!  T\u00f5mbab endasse igasuguse suurusega sodisid!  Lisaks t\u00f5mbamisele puhub peenikese koonusega ka arvestatava j\u00f5uga \u00f5hku!  Kaks v\u00f5imsuse taset, TypeC USB laadimine - 25 minutit t\u00f6\u00f6aeg!     Hind: 110 EUR (sis KM)  Garantii: KOLM aastat (k\u00f5igile)  Tarne pakiautomaati: kuni\u00a0 VIIS\u00a0t\u00f6\u00f6p\u00e4eva","og_url":"https:\/\/akutolmukas.ee\/ru\/product\/a2pro\/","og_site_name":"Akutolmukas","article_modified_time":"2025-02-27T22:27:57+00:00","og_image":[{"width":1080,"height":1080,"url":"https:\/\/i0.wp.com\/akutolmukas.ee\/wp-content\/uploads\/2023\/01\/Polish_20240214_202219290.jpg?fit=1080%2C1080&ssl=1","type":"image\/jpeg"}],"twitter_card":"summary_large_image","twitter_misc":{"Est. reading time":"2 \u043c\u0438\u043d\u0443\u0442\u044b"},"schema":{"@context":"https:\/\/schema.org","@graph":[{"@type":"WebPage","@id":"https:\/\/akutolmukas.ee\/toode\/a2pro\/","url":"https:\/\/akutolmukas.ee\/toode\/a2pro\/","name":"Mini-imur A2 PRO. | Akutolmukas","isPartOf":{"@id":"https:\/\/akutolmukas.ee\/#website"},"primaryImageOfPage":{"@id":"https:\/\/akutolmukas.ee\/toode\/a2pro\/#primaryimage"},"image":{"@id":"https:\/\/akutolmukas.ee\/toode\/a2pro\/#primaryimage"},"thumbnailUrl":"https:\/\/i0.wp.com\/akutolmukas.ee\/wp-content\/uploads\/2023\/01\/Polish_20240214_202219290.jpg?fit=1080%2C1080&ssl=1","datePublished":"2023-01-13T20:49:16+00:00","dateModified":"2025-02-27T22:27:57+00:00","breadcrumb":{"@id":"https:\/\/akutolmukas.ee\/toode\/a2pro\/#breadcrumb"},"inLanguage":"ru-RU","potentialAction":[{"@type":"ReadAction","target":["https:\/\/akutolmukas.ee\/toode\/a2pro\/"]}]},{"@type":"ImageObject","inLanguage":"ru-RU","@id":"https:\/\/akutolmukas.ee\/toode\/a2pro\/#primaryimage","url":"https:\/\/i0.wp.com\/akutolmukas.ee\/wp-content\/uploads\/2023\/01\/Polish_20240214_202219290.jpg?fit=1080%2C1080&ssl=1","contentUrl":"https:\/\/i0.wp.com\/akutolmukas.ee\/wp-content\/uploads\/2023\/01\/Polish_20240214_202219290.jpg?fit=1080%2C1080&ssl=1","width":1080,"height":1080},{"@type":"BreadcrumbList","@id":"https:\/\/akutolmukas.ee\/toode\/a2pro\/#breadcrumb","itemListElement":[{"@type":"ListItem","position":1,"name":"Home","item":"https:\/\/akutolmukas.ee\/"},{"@type":"ListItem","position":2,"name":"Pood","item":"https:\/\/akutolmukas.ee\/pood\/"},{"@type":"ListItem","position":3,"name":"Mini-imur A2 PRO."}]},{"@type":"WebSite","@id":"https:\/\/akutolmukas.ee\/#website","url":"https:\/\/akutolmukas.ee\/","name":"Akutolmukas","description":"Akutolmukas","publisher":{"@id":"https:\/\/akutolmukas.ee\/#organization"},"potentialAction":[{"@type":"SearchAction","target":{"@type":"EntryPoint","urlTemplate":"https:\/\/akutolmukas.ee\/?s={search_term_string}"},"query-input":{"@type":"PropertyValueSpecification","valueRequired":true,"valueName":"search_term_string"}}],"inLanguage":"ru-RU"},{"@type":"Organization","@id":"https:\/\/akutolmukas.ee\/#organization","name":"Frequit O\u00dc","url":"https:\/\/akutolmukas.ee\/","logo":{"@type":"ImageObject","inLanguage":"ru-RU","@id":"https:\/\/akutolmukas.ee\/#\/schema\/logo\/image\/","url":"https:\/\/akutolmukas.ee\/wp-content\/uploads\/2021\/01\/900x300px-SVG-LaiLogoParem.svg","contentUrl":"https:\/\/akutolmukas.ee\/wp-content\/uploads\/2021\/01\/900x300px-SVG-LaiLogoParem.svg","width":675,"height":225,"caption":"Frequit O\u00dc"},"image":{"@id":"https:\/\/akutolmukas.ee\/#\/schema\/logo\/image\/"}}]}},"jetpack-related-posts":[],"jetpack_sharing_enabled":true,"_links":{"self":[{"href":"https:\/\/akutolmukas.ee\/ru\/wp-json\/wp\/v2\/product\/4700","targetHints":{"allow":["GET"]}}],"collection":[{"href":"https:\/\/akutolmukas.ee\/ru\/wp-json\/wp\/v2\/product"}],"about":[{"href":"https:\/\/akutolmukas.ee\/ru\/wp-json\/wp\/v2\/types\/product"}],"replies":[{"embeddable":true,"href":"https:\/\/akutolmukas.ee\/ru\/wp-json\/wp\/v2\/comments?post=4700"}],"wp:featuredmedia":[{"embeddable":true,"href":"https:\/\/akutolmukas.ee\/ru\/wp-json\/wp\/v2\/media\/6869"}],"wp:attachment":[{"href":"https:\/\/akutolmukas.ee\/ru\/wp-json\/wp\/v2\/media?parent=4700"}],"wp:term":[{"taxonomy":"product_brand","embeddable":true,"href":"https:\/\/akutolmukas.ee\/ru\/wp-json\/wp\/v2\/product_brand?post=4700"},{"taxonomy":"product_cat","embeddable":true,"href":"https:\/\/akutolmukas.ee\/ru\/wp-json\/wp\/v2\/product_cat?post=4700"},{"taxonomy":"product_tag","embeddable":true,"href":"https:\/\/akutolmukas.ee\/ru\/wp-json\/wp\/v2\/product_tag?post=4700"}],"curies":[{"name":"wp","href":"https:\/\/api.w.org\/{rel}","templated":true}]}}