{"id":7991,"date":"2024-07-22T13:18:11","date_gmt":"2024-07-22T10:18:11","guid":{"rendered":"https:\/\/akutolmukas.ee\/?post_type=product&#038;p=7991"},"modified":"2026-03-18T13:46:55","modified_gmt":"2026-03-18T11:46:55","slug":"akurelakas-1500","status":"publish","type":"product","link":"https:\/\/akutolmukas.ee\/ru\/product\/akurelakas-1500\/","title":{"rendered":"Akurelakas Y15"},"content":{"rendered":"<h3 data-start=\"128\" data-end=\"173\"><strong data-start=\"132\" data-end=\"171\">Miks valida aku relakas just meilt?<\/strong><\/h3>\n<p><img data-recalc-dims=\"1\" fetchpriority=\"high\" decoding=\"async\" class=\"alignnone size-medium wp-image-8248\" src=\"https:\/\/i0.wp.com\/akutolmukas.ee\/wp-content\/uploads\/2024\/07\/Polish_20240821_134542352.jpg?resize=300%2C300&#038;ssl=1\" alt=\"\" width=\"300\" height=\"300\" srcset=\"https:\/\/i0.wp.com\/akutolmukas.ee\/wp-content\/uploads\/2024\/07\/Polish_20240821_134542352-scaled.jpg?resize=300%2C300&amp;ssl=1 300w, https:\/\/i0.wp.com\/akutolmukas.ee\/wp-content\/uploads\/2024\/07\/Polish_20240821_134542352-scaled.jpg?resize=1024%2C1022&amp;ssl=1 1024w, https:\/\/i0.wp.com\/akutolmukas.ee\/wp-content\/uploads\/2024\/07\/Polish_20240821_134542352-scaled.jpg?resize=150%2C150&amp;ssl=1 150w, https:\/\/i0.wp.com\/akutolmukas.ee\/wp-content\/uploads\/2024\/07\/Polish_20240821_134542352-scaled.jpg?resize=768%2C767&amp;ssl=1 768w, https:\/\/i0.wp.com\/akutolmukas.ee\/wp-content\/uploads\/2024\/07\/Polish_20240821_134542352-scaled.jpg?resize=1536%2C1533&amp;ssl=1 1536w, https:\/\/i0.wp.com\/akutolmukas.ee\/wp-content\/uploads\/2024\/07\/Polish_20240821_134542352-scaled.jpg?resize=2048%2C2044&amp;ssl=1 2048w, https:\/\/i0.wp.com\/akutolmukas.ee\/wp-content\/uploads\/2024\/07\/Polish_20240821_134542352-scaled.jpg?resize=600%2C599&amp;ssl=1 600w, https:\/\/i0.wp.com\/akutolmukas.ee\/wp-content\/uploads\/2024\/07\/Polish_20240821_134542352-scaled.jpg?resize=100%2C100&amp;ssl=1 100w\" sizes=\"(max-width: 300px) 100vw, 300px\" \/><\/p>\n<p data-start=\"175\" data-end=\"583\">\u2705 <b>Komplektsus vastavalt vajadusele!<\/b><br data-start=\"241\" data-end=\"244\" \/>\u2705 <strong data-start=\"246\" data-end=\"282\">Usaldusv\u00e4\u00e4rne 3-aastane garantii<\/strong> \u2013 kehtib nii seadmele kui akudele! Garantiit\u00f6\u00f6d teostame Eestis, kiire ja mugav protsess!<br data-start=\"371\" data-end=\"374\" data-is-only-node=\"\" \/>\u2705 <strong data-start=\"376\" data-end=\"411\">Tippklassi kvaliteediga analoog<\/strong> \u2013 \u00fchilduvus k\u00f5igi Makita 18V akudega!<br data-start=\"448\" data-end=\"451\" \/><strong>\u2705 Hoolime p\u00e4riselt sellest, mis asja te k\u00e4tte saate! <\/strong>Huvitume j\u00e4tkusuutlikust ja murevabast elust, p\u00e4rast tehingut, m\u00f5lemale osapoolele!<\/p>\n<p data-start=\"175\" data-end=\"583\"><strong data-start=\"453\" data-end=\"515\">\u2705V\u00f5imas j\u00f5udlus ja lubatud parameetritele vastav t\u00f6\u00f6kindlus!<\/strong><br data-start=\"515\" data-end=\"518\" \/>\u2705 <strong data-start=\"520\" data-end=\"581\">Meilt saad lisav\u00e4\u00e4rtusi ja alati k\u00e4ttesaadava klienditoe!<\/strong><\/p>\n<p data-start=\"585\" data-end=\"607\">\ud83d\udca1 <strong data-start=\"588\" data-end=\"605\">Lisaboonused:<\/strong><\/p>\n<ul data-start=\"608\" data-end=\"810\">\n<li data-start=\"608\" data-end=\"649\">Laos k\u00f5ik vajalikud kulu- ja varuosad!<\/li>\n<li data-start=\"650\" data-end=\"712\">Ketasl\u00f5ikureid saate osta k\u00f5igist h\u00e4stivarustatud poodidest!<\/li>\n<li data-start=\"713\" data-end=\"746\">Komplektis eestikeelne juhend!<\/li>\n<li data-start=\"747\" data-end=\"810\"><strong data-start=\"749\" data-end=\"778\">Ilmastikukindlalt pakitud<\/strong>, et seade j\u00f5uaks teieni turvaliselt ja kindlalt!<\/li>\n<\/ul>\n<hr \/>\n<p><strong>Neli aastat kogemust akut\u00f6\u00f6riistade valdkonnas!<\/strong> Tarnime ainult <strong>ajastu parimaid analooge<\/strong>. <strong>Olge teadlikud<\/strong>, et paljud e-poed kasutavad sarnaseid pilte, kuid saadavad hiljem hoopis teistsuguse toote. Meie juures v\u00f5ite olla kindlad, et saate t\u00e4pselt selle, mida n\u00e4ete! Ohutut poodlemist ja palju r\u00f5\u00f5mu!<\/p>\n<p><img data-recalc-dims=\"1\" decoding=\"async\" class=\"alignnone size-medium wp-image-7934\" src=\"https:\/\/i0.wp.com\/akutolmukas.ee\/wp-content\/uploads\/2024\/01\/Polish_20240718_011148125.jpg?resize=300%2C240&#038;ssl=1\" alt=\"\" width=\"300\" height=\"240\" srcset=\"https:\/\/i0.wp.com\/akutolmukas.ee\/wp-content\/uploads\/2024\/01\/Polish_20240718_011148125-scaled.jpg?resize=300%2C240&amp;ssl=1 300w, https:\/\/i0.wp.com\/akutolmukas.ee\/wp-content\/uploads\/2024\/01\/Polish_20240718_011148125-scaled.jpg?resize=1024%2C818&amp;ssl=1 1024w, https:\/\/i0.wp.com\/akutolmukas.ee\/wp-content\/uploads\/2024\/01\/Polish_20240718_011148125-scaled.jpg?resize=768%2C614&amp;ssl=1 768w, https:\/\/i0.wp.com\/akutolmukas.ee\/wp-content\/uploads\/2024\/01\/Polish_20240718_011148125-scaled.jpg?resize=1536%2C1227&amp;ssl=1 1536w, https:\/\/i0.wp.com\/akutolmukas.ee\/wp-content\/uploads\/2024\/01\/Polish_20240718_011148125-scaled.jpg?resize=2048%2C1636&amp;ssl=1 2048w, https:\/\/i0.wp.com\/akutolmukas.ee\/wp-content\/uploads\/2024\/01\/Polish_20240718_011148125-scaled.jpg?resize=600%2C479&amp;ssl=1 600w\" sizes=\"(max-width: 300px) 100vw, 300px\" \/><\/p>","protected":false},"excerpt":{"rendered":"<h4 data-start=\"325\" data-end=\"367\"><strong>Kvaliteetse k\u00e4sitlusega akurelakas<\/strong><\/h4>\n<p data-start=\"589\" data-end=\"639\"><strong data-start=\"589\" data-end=\"639\">Al. 115\u20ac \u00b7 1 aku: 140\u20ac \u00b7 T\u00e4iskomplekt: 160\u20ac<\/strong><\/p>\n<hr \/>\n<h2><strong>\u041e\u0441\u043d\u043e\u0432\u043d\u044b\u0435 \u0445\u0430\u0440\u0430\u043a\u0442\u0435\u0440\u0438\u0441\u0442\u0438\u043a\u0438:<\/strong><\/h2>\n<p>\ud83d\udee1<strong> 3-aastane garantii seadmele ja akule<\/strong><\/p>\n<ul>\n<li data-start=\"71\" data-end=\"119\"><strong data-start=\"73\" data-end=\"117\">Kvaliteetne ja vastupidav konstruktsioon<\/strong><\/li>\n<li data-start=\"120\" data-end=\"177\"><strong data-start=\"122\" data-end=\"175\">Tugev ABS-korpus \u2013 harjavaba mootor<\/strong><\/li>\n<li data-start=\"178\" data-end=\"226\" data-is-only-node=\"\"><strong data-start=\"180\" data-end=\"224\">Sobib h\u00e4sti ka v\u00e4iksema k\u00e4ega inimesele<\/strong><\/li>\n<li data-start=\"288\" data-end=\"350\"><strong data-start=\"290\" data-end=\"348\">Komplektis korralik kohver ja 3 ketast<\/strong><\/li>\n<\/ul>\n<hr \/>\n<p>\u2705\u00a0<strong data-start=\"192\" data-end=\"230\">Kindel toimivus ka Makita 18V akudega<\/strong><\/p>\n<p class=\"\" data-start=\"198\" data-end=\"256\">\u2705\u00a0<strong data-start=\"304\" data-end=\"353\">Kvaliteetne valik \u2013 \u00f5iglane hind, kiire tarne<\/strong><\/p>\n<p data-start=\"190\" data-end=\"337\">\u2705\u00a0<strong data-start=\"289\" data-end=\"335\">\u0413\u0430\u0440\u0430\u043d\u0442\u0438\u044f \u0438 \u043f\u043e\u0434\u0434\u0435\u0440\u0436\u043a\u0430 \u043a\u043b\u0438\u0435\u043d\u0442\u043e\u0432 \u0432 \u042d\u0441\u0442\u043e\u043d\u0438\u0438 (\u041f\u043d\u2013\u041f\u0442 10\u201317)<\/strong><\/p>\n<p style=\"text-align: center;\"><strong>\u0421 \u0432\u0430\u043c\u0438 \u0441 2019 \u0433\u043e\u0434\u0430<\/strong><\/p>\n<hr \/>\n<p><strong data-start=\"218\" data-end=\"234\">\u0421\u0440\u043e\u043a \u0433\u0430\u0440\u0430\u043d\u0442\u0438\u0438:<\/strong>\u00a03 \u0433\u043e\u0434\u0430<br data-start=\"243\" data-end=\"246\" \/><strong data-start=\"246\" data-end=\"259\">\u0421\u0440\u043e\u043a \u0434\u043e\u0441\u0442\u0430\u0432\u043a\u0438:<\/strong> \u0434\u043e 5 \u0440\u0430\u0431\u043e\u0447\u0438\u0445 \u0434\u043d\u0435\u0439 \u0441\u043e \u0441\u043a\u043b\u0430\u0434\u0430 \u0432 \u042d\u0441\u0442\u043e\u043d\u0438\u0438<\/p>\n<p><strong data-start=\"589\" data-end=\"639\">Al. 115\u20ac \u00b7 1 aku: 140\u20ac \u00b7 T\u00e4iskomplekt: 160\u20ac<\/strong><\/p>","protected":false},"featured_media":7997,"comment_status":"open","ping_status":"closed","template":"","meta":{"_acf_changed":false,"site-sidebar-layout":"default","site-content-layout":"","ast-site-content-layout":"default","site-content-style":"default","site-sidebar-style":"default","ast-global-header-display":"","ast-banner-title-visibility":"","ast-main-header-display":"","ast-hfb-above-header-display":"","ast-hfb-below-header-display":"","ast-hfb-mobile-header-display":"","site-post-title":"","ast-breadcrumbs-content":"","ast-featured-img":"","footer-sml-layout":"","ast-disable-related-posts":"","theme-transparent-header-meta":"default","adv-header-id-meta":"","stick-header-meta":"","header-above-stick-meta":"","header-main-stick-meta":"","header-below-stick-meta":"","astra-migrate-meta-layouts":"set","ast-page-background-enabled":"default","ast-page-background-meta":{"desktop":{"background-color":"","background-image":"","background-repeat":"repeat","background-position":"center center","background-size":"auto","background-attachment":"scroll","background-type":"","background-media":"","overlay-type":"","overlay-color":"","overlay-opacity":"","overlay-gradient":""},"tablet":{"background-color":"","background-image":"","background-repeat":"repeat","background-position":"center center","background-size":"auto","background-attachment":"scroll","background-type":"","background-media":"","overlay-type":"","overlay-color":"","overlay-opacity":"","overlay-gradient":""},"mobile":{"background-color":"","background-image":"","background-repeat":"repeat","background-position":"center center","background-size":"auto","background-attachment":"scroll","background-type":"","background-media":"","overlay-type":"","overlay-color":"","overlay-opacity":"","overlay-gradient":""}},"ast-content-background-meta":{"desktop":{"background-color":"var(--ast-global-color-5)","background-image":"","background-repeat":"repeat","background-position":"center center","background-size":"auto","background-attachment":"scroll","background-type":"","background-media":"","overlay-type":"","overlay-color":"","overlay-opacity":"","overlay-gradient":""},"tablet":{"background-color":"var(--ast-global-color-5)","background-image":"","background-repeat":"repeat","background-position":"center center","background-size":"auto","background-attachment":"scroll","background-type":"","background-media":"","overlay-type":"","overlay-color":"","overlay-opacity":"","overlay-gradient":""},"mobile":{"background-color":"var(--ast-global-color-5)","background-image":"","background-repeat":"repeat","background-position":"center center","background-size":"auto","background-attachment":"scroll","background-type":"","background-media":"","overlay-type":"","overlay-color":"","overlay-opacity":"","overlay-gradient":""}}},"product_brand":[],"product_cat":[29],"product_tag":[],"class_list":{"0":"post-7991","1":"product","2":"type-product","3":"status-publish","4":"has-post-thumbnail","6":"product_cat-akuga-tooriistad","7":"desktop-align-left","8":"tablet-align-left","9":"mobile-align-left","10":"ast-product-gallery-layout-horizontal-slider","11":"ast-product-single-variable","12":"ast-product-tabs-layout-horizontal","14":"first","15":"instock","16":"sale","17":"taxable","18":"shipping-taxable","19":"purchasable","20":"product-type-variable","21":"has-default-attributes"},"acf":[],"yoast_head":"<!-- This site is optimized with the Yoast SEO plugin v27.1.1 - https:\/\/yoast.com\/product\/yoast-seo-wordpress\/ -->\n<title>Akurelakas Y15 | Akutolmukas<\/title>\n<meta name=\"description\" content=\"Parima kvaliteediga analoogid Eestis! Komplektne, detailne ning suurep\u00e4rase j\u00f5udlusega akurelakas, korralikus kohvris! Kolm aastat garantiid! Akutolmukas.ee\" \/>\n<meta name=\"robots\" content=\"index, follow, max-snippet:-1, max-image-preview:large, max-video-preview:-1\" \/>\n<link rel=\"canonical\" href=\"https:\/\/akutolmukas.ee\/ru\/product\/akurelakas-1500\/\" \/>\n<meta property=\"og:locale\" content=\"ru_RU\" \/>\n<meta property=\"og:type\" content=\"article\" \/>\n<meta property=\"og:title\" content=\"Akurelakas Y15 | Akutolmukas\" \/>\n<meta property=\"og:description\" content=\"Parima kvaliteediga analoogid Eestis! Komplektne, detailne ning suurep\u00e4rase j\u00f5udlusega akurelakas, korralikus kohvris! Kolm aastat garantiid! Akutolmukas.ee\" \/>\n<meta property=\"og:url\" content=\"https:\/\/akutolmukas.ee\/ru\/product\/akurelakas-1500\/\" \/>\n<meta property=\"og:site_name\" content=\"Akutolmukas\" \/>\n<meta property=\"article:modified_time\" content=\"2026-03-18T11:46:55+00:00\" \/>\n<meta property=\"og:image\" content=\"https:\/\/akutolmukas.ee\/wp-content\/uploads\/2024\/07\/Akurealakas-1500.jpg\" \/>\n\t<meta property=\"og:image:width\" content=\"1080\" \/>\n\t<meta property=\"og:image:height\" content=\"1080\" \/>\n\t<meta property=\"og:image:type\" content=\"image\/jpeg\" \/>\n<meta name=\"twitter:card\" content=\"summary_large_image\" \/>\n<meta name=\"twitter:label1\" content=\"Est. reading time\" \/>\n\t<meta name=\"twitter:data1\" content=\"2 \u043c\u0438\u043d\u0443\u0442\u044b\" \/>\n<script type=\"application\/ld+json\" class=\"yoast-schema-graph\">{\"@context\":\"https:\/\/schema.org\",\"@graph\":[{\"@type\":\"WebPage\",\"@id\":\"https:\/\/akutolmukas.ee\/toode\/akurelakas-1500\/\",\"url\":\"https:\/\/akutolmukas.ee\/toode\/akurelakas-1500\/\",\"name\":\"Akurelakas Y15 | Akutolmukas\",\"isPartOf\":{\"@id\":\"https:\/\/akutolmukas.ee\/#website\"},\"primaryImageOfPage\":{\"@id\":\"https:\/\/akutolmukas.ee\/toode\/akurelakas-1500\/#primaryimage\"},\"image\":{\"@id\":\"https:\/\/akutolmukas.ee\/toode\/akurelakas-1500\/#primaryimage\"},\"thumbnailUrl\":\"https:\/\/i0.wp.com\/akutolmukas.ee\/wp-content\/uploads\/2024\/07\/Akurealakas-1500.jpg?fit=1080%2C1080&ssl=1\",\"datePublished\":\"2024-07-22T10:18:11+00:00\",\"dateModified\":\"2026-03-18T11:46:55+00:00\",\"description\":\"Parima kvaliteediga analoogid Eestis! Komplektne, detailne ning suurep\u00e4rase j\u00f5udlusega akurelakas, korralikus kohvris! Kolm aastat garantiid! Akutolmukas.ee\",\"breadcrumb\":{\"@id\":\"https:\/\/akutolmukas.ee\/toode\/akurelakas-1500\/#breadcrumb\"},\"inLanguage\":\"ru-RU\",\"potentialAction\":[{\"@type\":\"ReadAction\",\"target\":[\"https:\/\/akutolmukas.ee\/toode\/akurelakas-1500\/\"]}]},{\"@type\":\"ImageObject\",\"inLanguage\":\"ru-RU\",\"@id\":\"https:\/\/akutolmukas.ee\/toode\/akurelakas-1500\/#primaryimage\",\"url\":\"https:\/\/i0.wp.com\/akutolmukas.ee\/wp-content\/uploads\/2024\/07\/Akurealakas-1500.jpg?fit=1080%2C1080&ssl=1\",\"contentUrl\":\"https:\/\/i0.wp.com\/akutolmukas.ee\/wp-content\/uploads\/2024\/07\/Akurealakas-1500.jpg?fit=1080%2C1080&ssl=1\",\"width\":1080,\"height\":1080},{\"@type\":\"BreadcrumbList\",\"@id\":\"https:\/\/akutolmukas.ee\/toode\/akurelakas-1500\/#breadcrumb\",\"itemListElement\":[{\"@type\":\"ListItem\",\"position\":1,\"name\":\"Home\",\"item\":\"https:\/\/akutolmukas.ee\/\"},{\"@type\":\"ListItem\",\"position\":2,\"name\":\"Pood\",\"item\":\"https:\/\/akutolmukas.ee\/pood\/\"},{\"@type\":\"ListItem\",\"position\":3,\"name\":\"Akurelakas Y15\"}]},{\"@type\":\"WebSite\",\"@id\":\"https:\/\/akutolmukas.ee\/#website\",\"url\":\"https:\/\/akutolmukas.ee\/\",\"name\":\"Akutolmukas\",\"description\":\"Akutolmukas\",\"publisher\":{\"@id\":\"https:\/\/akutolmukas.ee\/#organization\"},\"potentialAction\":[{\"@type\":\"SearchAction\",\"target\":{\"@type\":\"EntryPoint\",\"urlTemplate\":\"https:\/\/akutolmukas.ee\/?s={search_term_string}\"},\"query-input\":{\"@type\":\"PropertyValueSpecification\",\"valueRequired\":true,\"valueName\":\"search_term_string\"}}],\"inLanguage\":\"ru-RU\"},{\"@type\":\"Organization\",\"@id\":\"https:\/\/akutolmukas.ee\/#organization\",\"name\":\"Frequit O\u00dc\",\"url\":\"https:\/\/akutolmukas.ee\/\",\"logo\":{\"@type\":\"ImageObject\",\"inLanguage\":\"ru-RU\",\"@id\":\"https:\/\/akutolmukas.ee\/#\/schema\/logo\/image\/\",\"url\":\"https:\/\/akutolmukas.ee\/wp-content\/uploads\/2021\/01\/900x300px-SVG-LaiLogoParem.svg\",\"contentUrl\":\"https:\/\/akutolmukas.ee\/wp-content\/uploads\/2021\/01\/900x300px-SVG-LaiLogoParem.svg\",\"width\":675,\"height\":225,\"caption\":\"Frequit O\u00dc\"},\"image\":{\"@id\":\"https:\/\/akutolmukas.ee\/#\/schema\/logo\/image\/\"}}]}<\/script>\n<!-- \/ Yoast SEO plugin. -->","yoast_head_json":{"title":"Akurelakas Y15 | Akutolmukas","description":"Parima kvaliteediga analoogid Eestis! Komplektne, detailne ning suurep\u00e4rase j\u00f5udlusega akurelakas, korralikus kohvris! Kolm aastat garantiid! Akutolmukas.ee","robots":{"index":"index","follow":"follow","max-snippet":"max-snippet:-1","max-image-preview":"max-image-preview:large","max-video-preview":"max-video-preview:-1"},"canonical":"https:\/\/akutolmukas.ee\/ru\/product\/akurelakas-1500\/","og_locale":"ru_RU","og_type":"article","og_title":"Akurelakas Y15 | Akutolmukas","og_description":"Parima kvaliteediga analoogid Eestis! Komplektne, detailne ning suurep\u00e4rase j\u00f5udlusega akurelakas, korralikus kohvris! Kolm aastat garantiid! Akutolmukas.ee","og_url":"https:\/\/akutolmukas.ee\/ru\/product\/akurelakas-1500\/","og_site_name":"Akutolmukas","article_modified_time":"2026-03-18T11:46:55+00:00","og_image":[{"width":1080,"height":1080,"url":"https:\/\/akutolmukas.ee\/wp-content\/uploads\/2024\/07\/Akurealakas-1500.jpg","type":"image\/jpeg"}],"twitter_card":"summary_large_image","twitter_misc":{"Est. reading time":"2 \u043c\u0438\u043d\u0443\u0442\u044b"},"schema":{"@context":"https:\/\/schema.org","@graph":[{"@type":"WebPage","@id":"https:\/\/akutolmukas.ee\/toode\/akurelakas-1500\/","url":"https:\/\/akutolmukas.ee\/toode\/akurelakas-1500\/","name":"Akurelakas Y15 | Akutolmukas","isPartOf":{"@id":"https:\/\/akutolmukas.ee\/#website"},"primaryImageOfPage":{"@id":"https:\/\/akutolmukas.ee\/toode\/akurelakas-1500\/#primaryimage"},"image":{"@id":"https:\/\/akutolmukas.ee\/toode\/akurelakas-1500\/#primaryimage"},"thumbnailUrl":"https:\/\/i0.wp.com\/akutolmukas.ee\/wp-content\/uploads\/2024\/07\/Akurealakas-1500.jpg?fit=1080%2C1080&ssl=1","datePublished":"2024-07-22T10:18:11+00:00","dateModified":"2026-03-18T11:46:55+00:00","description":"Parima kvaliteediga analoogid Eestis! Komplektne, detailne ning suurep\u00e4rase j\u00f5udlusega akurelakas, korralikus kohvris! Kolm aastat garantiid! Akutolmukas.ee","breadcrumb":{"@id":"https:\/\/akutolmukas.ee\/toode\/akurelakas-1500\/#breadcrumb"},"inLanguage":"ru-RU","potentialAction":[{"@type":"ReadAction","target":["https:\/\/akutolmukas.ee\/toode\/akurelakas-1500\/"]}]},{"@type":"ImageObject","inLanguage":"ru-RU","@id":"https:\/\/akutolmukas.ee\/toode\/akurelakas-1500\/#primaryimage","url":"https:\/\/i0.wp.com\/akutolmukas.ee\/wp-content\/uploads\/2024\/07\/Akurealakas-1500.jpg?fit=1080%2C1080&ssl=1","contentUrl":"https:\/\/i0.wp.com\/akutolmukas.ee\/wp-content\/uploads\/2024\/07\/Akurealakas-1500.jpg?fit=1080%2C1080&ssl=1","width":1080,"height":1080},{"@type":"BreadcrumbList","@id":"https:\/\/akutolmukas.ee\/toode\/akurelakas-1500\/#breadcrumb","itemListElement":[{"@type":"ListItem","position":1,"name":"Home","item":"https:\/\/akutolmukas.ee\/"},{"@type":"ListItem","position":2,"name":"Pood","item":"https:\/\/akutolmukas.ee\/pood\/"},{"@type":"ListItem","position":3,"name":"Akurelakas Y15"}]},{"@type":"WebSite","@id":"https:\/\/akutolmukas.ee\/#website","url":"https:\/\/akutolmukas.ee\/","name":"Akutolmukas","description":"Akutolmukas","publisher":{"@id":"https:\/\/akutolmukas.ee\/#organization"},"potentialAction":[{"@type":"SearchAction","target":{"@type":"EntryPoint","urlTemplate":"https:\/\/akutolmukas.ee\/?s={search_term_string}"},"query-input":{"@type":"PropertyValueSpecification","valueRequired":true,"valueName":"search_term_string"}}],"inLanguage":"ru-RU"},{"@type":"Organization","@id":"https:\/\/akutolmukas.ee\/#organization","name":"Frequit O\u00dc","url":"https:\/\/akutolmukas.ee\/","logo":{"@type":"ImageObject","inLanguage":"ru-RU","@id":"https:\/\/akutolmukas.ee\/#\/schema\/logo\/image\/","url":"https:\/\/akutolmukas.ee\/wp-content\/uploads\/2021\/01\/900x300px-SVG-LaiLogoParem.svg","contentUrl":"https:\/\/akutolmukas.ee\/wp-content\/uploads\/2021\/01\/900x300px-SVG-LaiLogoParem.svg","width":675,"height":225,"caption":"Frequit O\u00dc"},"image":{"@id":"https:\/\/akutolmukas.ee\/#\/schema\/logo\/image\/"}}]}},"jetpack-related-posts":[],"jetpack_sharing_enabled":true,"_links":{"self":[{"href":"https:\/\/akutolmukas.ee\/ru\/wp-json\/wp\/v2\/product\/7991","targetHints":{"allow":["GET"]}}],"collection":[{"href":"https:\/\/akutolmukas.ee\/ru\/wp-json\/wp\/v2\/product"}],"about":[{"href":"https:\/\/akutolmukas.ee\/ru\/wp-json\/wp\/v2\/types\/product"}],"replies":[{"embeddable":true,"href":"https:\/\/akutolmukas.ee\/ru\/wp-json\/wp\/v2\/comments?post=7991"}],"wp:featuredmedia":[{"embeddable":true,"href":"https:\/\/akutolmukas.ee\/ru\/wp-json\/wp\/v2\/media\/7997"}],"wp:attachment":[{"href":"https:\/\/akutolmukas.ee\/ru\/wp-json\/wp\/v2\/media?parent=7991"}],"wp:term":[{"taxonomy":"product_brand","embeddable":true,"href":"https:\/\/akutolmukas.ee\/ru\/wp-json\/wp\/v2\/product_brand?post=7991"},{"taxonomy":"product_cat","embeddable":true,"href":"https:\/\/akutolmukas.ee\/ru\/wp-json\/wp\/v2\/product_cat?post=7991"},{"taxonomy":"product_tag","embeddable":true,"href":"https:\/\/akutolmukas.ee\/ru\/wp-json\/wp\/v2\/product_tag?post=7991"}],"curies":[{"name":"wp","href":"https:\/\/api.w.org\/{rel}","templated":true}]}}