{"id":8722,"date":"2024-11-27T13:46:00","date_gmt":"2024-11-27T11:46:00","guid":{"rendered":"https:\/\/akutolmukas.ee\/?post_type=product&#038;p=8722"},"modified":"2026-01-02T11:48:23","modified_gmt":"2026-01-02T09:48:23","slug":"v7-ultra","status":"publish","type":"product","link":"https:\/\/akutolmukas.ee\/ru\/product\/v7-ultra\/","title":{"rendered":"Laresar V7 500W"},"content":{"rendered":"","protected":false},"excerpt":{"rendered":"<h4><strong>Kvaliteetse \u00fclesehitusega v\u00f5imas akutolmukas<\/strong><\/h4>\n<p><strong>T\u00e4iskomplekt<\/strong> koos 3. aastase garantiiga 245 \u20ac<\/p>\n<hr \/>\n<h3 data-pm-slice=\"1 1 []\"><strong>\u041e\u0441\u043d\u043e\u0432\u043d\u044b\u0435 \u0445\u0430\u0440\u0430\u043a\u0442\u0435\u0440\u0438\u0441\u0442\u0438\u043a\u0438:<\/strong><\/h3>\n<p><strong>\ud83d\udee1 3-aastane garantii seadmele ja akule<\/strong><\/p>\n<ul>\n<li><strong>Suurep\u00e4rane v\u00f5imsus, imeb sisse k\u00f5ik kivikesed ja karvad<\/strong><\/li>\n<li><strong>Parim p\u00f5randaharjase disain: <\/strong>t\u00e4idlase &#8220;V&#8221;-kujulise harjasega<\/li>\n<li><strong>1.5L pestav tolmuanum<\/strong> \u2013 ts\u00fcklon + HEPA filtreerimine<\/li>\n<li><strong>Kuni 60-minutiline t\u00f6\u00f6aeg ja seinakinnitusest laadimine<\/strong><\/li>\n<\/ul>\n<hr \/>\n<p>\u2705\u00a0<strong data-start=\"192\" data-end=\"230\">Kindlalt tugeva imavusv\u00f5ime ja hea akuga<\/strong><\/p>\n<p class=\"\" data-start=\"198\" data-end=\"256\">\u2705\u00a0<strong data-start=\"304\" data-end=\"353\">Kvaliteetne valik \u2013 \u00f5iglane hind, kiire tarne<\/strong><\/p>\n<p data-start=\"190\" data-end=\"337\">\u2705\u00a0<strong data-start=\"289\" data-end=\"335\">\u0413\u0430\u0440\u0430\u043d\u0442\u0438\u044f \u0438 \u043f\u043e\u0434\u0434\u0435\u0440\u0436\u043a\u0430 \u043a\u043b\u0438\u0435\u043d\u0442\u043e\u0432 \u0432 \u042d\u0441\u0442\u043e\u043d\u0438\u0438 (\u041f\u043d\u2013\u041f\u0442 10\u201317)<\/strong><\/p>\n<p style=\"text-align: center;\"><strong>\u0421 \u0432\u0430\u043c\u0438 \u0441 2019 \u0433\u043e\u0434\u0430<\/strong><\/p>\n<hr \/>\n<p><strong data-start=\"218\" data-end=\"234\">\u0421\u0440\u043e\u043a \u0433\u0430\u0440\u0430\u043d\u0442\u0438\u0438:<\/strong>\u00a03 \u0433\u043e\u0434\u0430<br data-start=\"243\" data-end=\"246\" \/><strong data-start=\"246\" data-end=\"259\">\u0421\u0440\u043e\u043a \u0434\u043e\u0441\u0442\u0430\u0432\u043a\u0438:<\/strong>\u00a0\u0434\u043e 5 \u0440\u0430\u0431\u043e\u0447\u0438\u0445 \u0434\u043d\u0435\u0439 \u0441\u043e \u0441\u043a\u043b\u0430\u0434\u0430 \u0432 \u042d\u0441\u0442\u043e\u043d\u0438\u0438<br data-start=\"287\" data-end=\"290\" \/><strong data-start=\"290\" data-end=\"335\">245 \u20ac komplekt koos 3x HEPA filtriga<\/strong>\u00a0\u2744\ufe0f<\/p>","protected":false},"featured_media":8876,"comment_status":"open","ping_status":"closed","template":"","meta":{"_acf_changed":false,"site-sidebar-layout":"default","site-content-layout":"","ast-site-content-layout":"default","site-content-style":"default","site-sidebar-style":"default","ast-global-header-display":"","ast-banner-title-visibility":"","ast-main-header-display":"","ast-hfb-above-header-display":"","ast-hfb-below-header-display":"","ast-hfb-mobile-header-display":"","site-post-title":"","ast-breadcrumbs-content":"","ast-featured-img":"","footer-sml-layout":"","ast-disable-related-posts":"","theme-transparent-header-meta":"default","adv-header-id-meta":"","stick-header-meta":"","header-above-stick-meta":"","header-main-stick-meta":"","header-below-stick-meta":"","astra-migrate-meta-layouts":"set","ast-page-background-enabled":"default","ast-page-background-meta":{"desktop":{"background-color":"","background-image":"","background-repeat":"repeat","background-position":"center center","background-size":"auto","background-attachment":"scroll","background-type":"","background-media":"","overlay-type":"","overlay-color":"","overlay-opacity":"","overlay-gradient":""},"tablet":{"background-color":"","background-image":"","background-repeat":"repeat","background-position":"center center","background-size":"auto","background-attachment":"scroll","background-type":"","background-media":"","overlay-type":"","overlay-color":"","overlay-opacity":"","overlay-gradient":""},"mobile":{"background-color":"","background-image":"","background-repeat":"repeat","background-position":"center center","background-size":"auto","background-attachment":"scroll","background-type":"","background-media":"","overlay-type":"","overlay-color":"","overlay-opacity":"","overlay-gradient":""}},"ast-content-background-meta":{"desktop":{"background-color":"var(--ast-global-color-5)","background-image":"","background-repeat":"repeat","background-position":"center center","background-size":"auto","background-attachment":"scroll","background-type":"","background-media":"","overlay-type":"","overlay-color":"","overlay-opacity":"","overlay-gradient":""},"tablet":{"background-color":"var(--ast-global-color-5)","background-image":"","background-repeat":"repeat","background-position":"center center","background-size":"auto","background-attachment":"scroll","background-type":"","background-media":"","overlay-type":"","overlay-color":"","overlay-opacity":"","overlay-gradient":""},"mobile":{"background-color":"var(--ast-global-color-5)","background-image":"","background-repeat":"repeat","background-position":"center center","background-size":"auto","background-attachment":"scroll","background-type":"","background-media":"","overlay-type":"","overlay-color":"","overlay-opacity":"","overlay-gradient":""}}},"product_brand":[],"product_cat":[17],"product_tag":[],"class_list":{"0":"post-8722","1":"product","2":"type-product","3":"status-publish","4":"has-post-thumbnail","6":"product_cat-akuga-tolmuimejad","7":"desktop-align-left","8":"tablet-align-left","9":"mobile-align-left","10":"ast-product-gallery-layout-horizontal-slider","11":"ast-product-tabs-layout-horizontal","13":"first","14":"instock","15":"taxable","16":"shipping-taxable","17":"purchasable","18":"product-type-simple"},"acf":[],"yoast_head":"<!-- This site is optimized with the Yoast SEO plugin v27.1.1 - https:\/\/yoast.com\/product\/yoast-seo-wordpress\/ -->\n<title>Laresar V7 500W | Akutolmukas<\/title>\n<meta name=\"description\" content=\"Parima kvaliteediga analoogid Eestis! J\u00f5uline, stiilne ning seinakinnitusest laadimisega &quot;Laresar ULTRA 7&quot;. Tipptaseme n\u00e4itajatega 2025 aaasta tolmuimeja!\" \/>\n<meta name=\"robots\" content=\"index, follow, max-snippet:-1, max-image-preview:large, max-video-preview:-1\" \/>\n<link rel=\"canonical\" href=\"https:\/\/akutolmukas.ee\/ru\/product\/v7-ultra\/\" \/>\n<meta property=\"og:locale\" content=\"ru_RU\" \/>\n<meta property=\"og:type\" content=\"article\" \/>\n<meta property=\"og:title\" content=\"Laresar V7 500W | Akutolmukas\" \/>\n<meta property=\"og:description\" content=\"Parima kvaliteediga analoogid Eestis! J\u00f5uline, stiilne ning seinakinnitusest laadimisega &quot;Laresar ULTRA 7&quot;. Tipptaseme n\u00e4itajatega 2025 aaasta tolmuimeja!\" \/>\n<meta property=\"og:url\" content=\"https:\/\/akutolmukas.ee\/ru\/product\/v7-ultra\/\" \/>\n<meta property=\"og:site_name\" content=\"Akutolmukas\" \/>\n<meta property=\"article:modified_time\" content=\"2026-01-02T09:48:23+00:00\" \/>\n<meta property=\"og:image\" content=\"https:\/\/akutolmukas.ee\/wp-content\/uploads\/2024\/11\/Polish_20241228_172553387.jpg\" \/>\n\t<meta property=\"og:image:width\" content=\"1080\" \/>\n\t<meta property=\"og:image:height\" content=\"1072\" \/>\n\t<meta property=\"og:image:type\" content=\"image\/jpeg\" \/>\n<meta name=\"twitter:card\" content=\"summary_large_image\" \/>\n<meta name=\"twitter:label1\" content=\"Est. reading time\" \/>\n\t<meta name=\"twitter:data1\" content=\"1 \u043c\u0438\u043d\u0443\u0442\u0430\" \/>\n<script type=\"application\/ld+json\" class=\"yoast-schema-graph\">{\"@context\":\"https:\/\/schema.org\",\"@graph\":[{\"@type\":\"WebPage\",\"@id\":\"https:\/\/akutolmukas.ee\/toode\/v7-ultra\/\",\"url\":\"https:\/\/akutolmukas.ee\/toode\/v7-ultra\/\",\"name\":\"Laresar V7 500W | Akutolmukas\",\"isPartOf\":{\"@id\":\"https:\/\/akutolmukas.ee\/#website\"},\"primaryImageOfPage\":{\"@id\":\"https:\/\/akutolmukas.ee\/toode\/v7-ultra\/#primaryimage\"},\"image\":{\"@id\":\"https:\/\/akutolmukas.ee\/toode\/v7-ultra\/#primaryimage\"},\"thumbnailUrl\":\"https:\/\/i0.wp.com\/akutolmukas.ee\/wp-content\/uploads\/2024\/11\/Polish_20241228_172553387.jpg?fit=1080%2C1072&ssl=1\",\"datePublished\":\"2024-11-27T11:46:00+00:00\",\"dateModified\":\"2026-01-02T09:48:23+00:00\",\"description\":\"Parima kvaliteediga analoogid Eestis! J\u00f5uline, stiilne ning seinakinnitusest laadimisega \\\"Laresar ULTRA 7\\\". Tipptaseme n\u00e4itajatega 2025 aaasta tolmuimeja!\",\"breadcrumb\":{\"@id\":\"https:\/\/akutolmukas.ee\/toode\/v7-ultra\/#breadcrumb\"},\"inLanguage\":\"ru-RU\",\"potentialAction\":[{\"@type\":\"ReadAction\",\"target\":[\"https:\/\/akutolmukas.ee\/toode\/v7-ultra\/\"]}]},{\"@type\":\"ImageObject\",\"inLanguage\":\"ru-RU\",\"@id\":\"https:\/\/akutolmukas.ee\/toode\/v7-ultra\/#primaryimage\",\"url\":\"https:\/\/i0.wp.com\/akutolmukas.ee\/wp-content\/uploads\/2024\/11\/Polish_20241228_172553387.jpg?fit=1080%2C1072&ssl=1\",\"contentUrl\":\"https:\/\/i0.wp.com\/akutolmukas.ee\/wp-content\/uploads\/2024\/11\/Polish_20241228_172553387.jpg?fit=1080%2C1072&ssl=1\",\"width\":1080,\"height\":1072},{\"@type\":\"BreadcrumbList\",\"@id\":\"https:\/\/akutolmukas.ee\/toode\/v7-ultra\/#breadcrumb\",\"itemListElement\":[{\"@type\":\"ListItem\",\"position\":1,\"name\":\"Home\",\"item\":\"https:\/\/akutolmukas.ee\/\"},{\"@type\":\"ListItem\",\"position\":2,\"name\":\"Pood\",\"item\":\"https:\/\/akutolmukas.ee\/pood\/\"},{\"@type\":\"ListItem\",\"position\":3,\"name\":\"Laresar V7 500W\"}]},{\"@type\":\"WebSite\",\"@id\":\"https:\/\/akutolmukas.ee\/#website\",\"url\":\"https:\/\/akutolmukas.ee\/\",\"name\":\"Akutolmukas\",\"description\":\"Akutolmukas\",\"publisher\":{\"@id\":\"https:\/\/akutolmukas.ee\/#organization\"},\"potentialAction\":[{\"@type\":\"SearchAction\",\"target\":{\"@type\":\"EntryPoint\",\"urlTemplate\":\"https:\/\/akutolmukas.ee\/?s={search_term_string}\"},\"query-input\":{\"@type\":\"PropertyValueSpecification\",\"valueRequired\":true,\"valueName\":\"search_term_string\"}}],\"inLanguage\":\"ru-RU\"},{\"@type\":\"Organization\",\"@id\":\"https:\/\/akutolmukas.ee\/#organization\",\"name\":\"Frequit O\u00dc\",\"url\":\"https:\/\/akutolmukas.ee\/\",\"logo\":{\"@type\":\"ImageObject\",\"inLanguage\":\"ru-RU\",\"@id\":\"https:\/\/akutolmukas.ee\/#\/schema\/logo\/image\/\",\"url\":\"https:\/\/akutolmukas.ee\/wp-content\/uploads\/2021\/01\/900x300px-SVG-LaiLogoParem.svg\",\"contentUrl\":\"https:\/\/akutolmukas.ee\/wp-content\/uploads\/2021\/01\/900x300px-SVG-LaiLogoParem.svg\",\"width\":675,\"height\":225,\"caption\":\"Frequit O\u00dc\"},\"image\":{\"@id\":\"https:\/\/akutolmukas.ee\/#\/schema\/logo\/image\/\"}}]}<\/script>\n<!-- \/ Yoast SEO plugin. -->","yoast_head_json":{"title":"Laresar V7 500W | Akutolmukas","description":"Parima kvaliteediga analoogid Eestis! J\u00f5uline, stiilne ning seinakinnitusest laadimisega \"Laresar ULTRA 7\". Tipptaseme n\u00e4itajatega 2025 aaasta tolmuimeja!","robots":{"index":"index","follow":"follow","max-snippet":"max-snippet:-1","max-image-preview":"max-image-preview:large","max-video-preview":"max-video-preview:-1"},"canonical":"https:\/\/akutolmukas.ee\/ru\/product\/v7-ultra\/","og_locale":"ru_RU","og_type":"article","og_title":"Laresar V7 500W | Akutolmukas","og_description":"Parima kvaliteediga analoogid Eestis! J\u00f5uline, stiilne ning seinakinnitusest laadimisega \"Laresar ULTRA 7\". Tipptaseme n\u00e4itajatega 2025 aaasta tolmuimeja!","og_url":"https:\/\/akutolmukas.ee\/ru\/product\/v7-ultra\/","og_site_name":"Akutolmukas","article_modified_time":"2026-01-02T09:48:23+00:00","og_image":[{"width":1080,"height":1072,"url":"https:\/\/akutolmukas.ee\/wp-content\/uploads\/2024\/11\/Polish_20241228_172553387.jpg","type":"image\/jpeg"}],"twitter_card":"summary_large_image","twitter_misc":{"Est. reading time":"1 \u043c\u0438\u043d\u0443\u0442\u0430"},"schema":{"@context":"https:\/\/schema.org","@graph":[{"@type":"WebPage","@id":"https:\/\/akutolmukas.ee\/toode\/v7-ultra\/","url":"https:\/\/akutolmukas.ee\/toode\/v7-ultra\/","name":"Laresar V7 500W | Akutolmukas","isPartOf":{"@id":"https:\/\/akutolmukas.ee\/#website"},"primaryImageOfPage":{"@id":"https:\/\/akutolmukas.ee\/toode\/v7-ultra\/#primaryimage"},"image":{"@id":"https:\/\/akutolmukas.ee\/toode\/v7-ultra\/#primaryimage"},"thumbnailUrl":"https:\/\/i0.wp.com\/akutolmukas.ee\/wp-content\/uploads\/2024\/11\/Polish_20241228_172553387.jpg?fit=1080%2C1072&ssl=1","datePublished":"2024-11-27T11:46:00+00:00","dateModified":"2026-01-02T09:48:23+00:00","description":"Parima kvaliteediga analoogid Eestis! J\u00f5uline, stiilne ning seinakinnitusest laadimisega \"Laresar ULTRA 7\". Tipptaseme n\u00e4itajatega 2025 aaasta tolmuimeja!","breadcrumb":{"@id":"https:\/\/akutolmukas.ee\/toode\/v7-ultra\/#breadcrumb"},"inLanguage":"ru-RU","potentialAction":[{"@type":"ReadAction","target":["https:\/\/akutolmukas.ee\/toode\/v7-ultra\/"]}]},{"@type":"ImageObject","inLanguage":"ru-RU","@id":"https:\/\/akutolmukas.ee\/toode\/v7-ultra\/#primaryimage","url":"https:\/\/i0.wp.com\/akutolmukas.ee\/wp-content\/uploads\/2024\/11\/Polish_20241228_172553387.jpg?fit=1080%2C1072&ssl=1","contentUrl":"https:\/\/i0.wp.com\/akutolmukas.ee\/wp-content\/uploads\/2024\/11\/Polish_20241228_172553387.jpg?fit=1080%2C1072&ssl=1","width":1080,"height":1072},{"@type":"BreadcrumbList","@id":"https:\/\/akutolmukas.ee\/toode\/v7-ultra\/#breadcrumb","itemListElement":[{"@type":"ListItem","position":1,"name":"Home","item":"https:\/\/akutolmukas.ee\/"},{"@type":"ListItem","position":2,"name":"Pood","item":"https:\/\/akutolmukas.ee\/pood\/"},{"@type":"ListItem","position":3,"name":"Laresar V7 500W"}]},{"@type":"WebSite","@id":"https:\/\/akutolmukas.ee\/#website","url":"https:\/\/akutolmukas.ee\/","name":"Akutolmukas","description":"Akutolmukas","publisher":{"@id":"https:\/\/akutolmukas.ee\/#organization"},"potentialAction":[{"@type":"SearchAction","target":{"@type":"EntryPoint","urlTemplate":"https:\/\/akutolmukas.ee\/?s={search_term_string}"},"query-input":{"@type":"PropertyValueSpecification","valueRequired":true,"valueName":"search_term_string"}}],"inLanguage":"ru-RU"},{"@type":"Organization","@id":"https:\/\/akutolmukas.ee\/#organization","name":"Frequit O\u00dc","url":"https:\/\/akutolmukas.ee\/","logo":{"@type":"ImageObject","inLanguage":"ru-RU","@id":"https:\/\/akutolmukas.ee\/#\/schema\/logo\/image\/","url":"https:\/\/akutolmukas.ee\/wp-content\/uploads\/2021\/01\/900x300px-SVG-LaiLogoParem.svg","contentUrl":"https:\/\/akutolmukas.ee\/wp-content\/uploads\/2021\/01\/900x300px-SVG-LaiLogoParem.svg","width":675,"height":225,"caption":"Frequit O\u00dc"},"image":{"@id":"https:\/\/akutolmukas.ee\/#\/schema\/logo\/image\/"}}]}},"jetpack-related-posts":[],"jetpack_sharing_enabled":true,"_links":{"self":[{"href":"https:\/\/akutolmukas.ee\/ru\/wp-json\/wp\/v2\/product\/8722","targetHints":{"allow":["GET"]}}],"collection":[{"href":"https:\/\/akutolmukas.ee\/ru\/wp-json\/wp\/v2\/product"}],"about":[{"href":"https:\/\/akutolmukas.ee\/ru\/wp-json\/wp\/v2\/types\/product"}],"replies":[{"embeddable":true,"href":"https:\/\/akutolmukas.ee\/ru\/wp-json\/wp\/v2\/comments?post=8722"}],"wp:featuredmedia":[{"embeddable":true,"href":"https:\/\/akutolmukas.ee\/ru\/wp-json\/wp\/v2\/media\/8876"}],"wp:attachment":[{"href":"https:\/\/akutolmukas.ee\/ru\/wp-json\/wp\/v2\/media?parent=8722"}],"wp:term":[{"taxonomy":"product_brand","embeddable":true,"href":"https:\/\/akutolmukas.ee\/ru\/wp-json\/wp\/v2\/product_brand?post=8722"},{"taxonomy":"product_cat","embeddable":true,"href":"https:\/\/akutolmukas.ee\/ru\/wp-json\/wp\/v2\/product_cat?post=8722"},{"taxonomy":"product_tag","embeddable":true,"href":"https:\/\/akutolmukas.ee\/ru\/wp-json\/wp\/v2\/product_tag?post=8722"}],"curies":[{"name":"wp","href":"https:\/\/api.w.org\/{rel}","templated":true}]}}