{"id":8928,"date":"2025-01-15T17:24:41","date_gmt":"2025-01-15T15:24:41","guid":{"rendered":"https:\/\/akutolmukas.ee\/?post_type=product&#038;p=8928"},"modified":"2025-12-11T14:36:37","modified_gmt":"2025-12-11T12:36:37","slug":"redkey-w12-se","status":"publish","type":"product","link":"https:\/\/akutolmukas.ee\/ru\/product\/redkey-w12-se\/","title":{"rendered":"Redkey W12 SE"},"content":{"rendered":"<p><strong>Redkey W12 SE t\u00f6\u00f6p\u00f5him\u00f5te on nutikalt kujundatud, et pakkuda t\u00f5husat ja mugavat puhastuskogemust<\/strong>.<\/p>\n<ul>\n<li>Seade on varustatud kahe veepaagiga: 0,85-liitrine puhta vee paak ja 0,68-liitrine musta vee paak.<\/li>\n<li>Puhas vesi pihustatakse rullharjale, mis p\u00f6\u00f6rleb kiirusega kuni 2600 p\u00f6\u00f6ret minutis, aidates t\u00f5husalt eemaldada mustust ja plekke p\u00f5randalt.<\/li>\n<\/ul>\n<p><img data-recalc-dims=\"1\" fetchpriority=\"high\" decoding=\"async\" class=\"alignnone size-medium wp-image-8933\" src=\"https:\/\/i0.wp.com\/akutolmukas.ee\/wp-content\/uploads\/2025\/01\/Polish_20250115_223648218.jpg?resize=300%2C300&#038;ssl=1\" alt=\"\" width=\"300\" height=\"300\" srcset=\"https:\/\/i0.wp.com\/akutolmukas.ee\/wp-content\/uploads\/2025\/01\/Polish_20250115_223648218.jpg?resize=300%2C300&amp;ssl=1 300w, https:\/\/i0.wp.com\/akutolmukas.ee\/wp-content\/uploads\/2025\/01\/Polish_20250115_223648218.jpg?resize=1024%2C1024&amp;ssl=1 1024w, https:\/\/i0.wp.com\/akutolmukas.ee\/wp-content\/uploads\/2025\/01\/Polish_20250115_223648218.jpg?resize=150%2C150&amp;ssl=1 150w, https:\/\/i0.wp.com\/akutolmukas.ee\/wp-content\/uploads\/2025\/01\/Polish_20250115_223648218.jpg?resize=768%2C768&amp;ssl=1 768w, https:\/\/i0.wp.com\/akutolmukas.ee\/wp-content\/uploads\/2025\/01\/Polish_20250115_223648218.jpg?resize=600%2C600&amp;ssl=1 600w, https:\/\/i0.wp.com\/akutolmukas.ee\/wp-content\/uploads\/2025\/01\/Polish_20250115_223648218.jpg?resize=100%2C100&amp;ssl=1 100w, https:\/\/i0.wp.com\/akutolmukas.ee\/wp-content\/uploads\/2025\/01\/Polish_20250115_223648218.jpg?w=1500&amp;ssl=1 1500w\" sizes=\"(max-width: 300px) 100vw, 300px\" \/><\/p>\n<p><strong>Puhastamise k\u00e4igus imetakse must vesi koos prahi ja tolmuga musta vee paaki, hoides seel\u00e4bi puhta ja musta vee eraldi ning tagades &#8220;h\u00fcgieenilisema&#8221; koristuse \u00fche ringiga!.<\/strong> <strong>Seadme ts\u00fcklonfiltreerimise tehnoloogia eraldab t\u00f5husalt tolmu ja mustuse \u00f5hust, kaitstes mootorit ja tagades puhta sise\u00f5hu.\u00a0<\/strong><\/p>\n<p><img data-recalc-dims=\"1\" decoding=\"async\" class=\"alignnone size-medium wp-image-8935\" src=\"https:\/\/i0.wp.com\/akutolmukas.ee\/wp-content\/uploads\/2025\/01\/Polish_20250115_222142615.jpg?resize=300%2C300&#038;ssl=1\" alt=\"\" width=\"300\" height=\"300\" srcset=\"https:\/\/i0.wp.com\/akutolmukas.ee\/wp-content\/uploads\/2025\/01\/Polish_20250115_222142615.jpg?resize=300%2C300&amp;ssl=1 300w, https:\/\/i0.wp.com\/akutolmukas.ee\/wp-content\/uploads\/2025\/01\/Polish_20250115_222142615.jpg?resize=1024%2C1024&amp;ssl=1 1024w, https:\/\/i0.wp.com\/akutolmukas.ee\/wp-content\/uploads\/2025\/01\/Polish_20250115_222142615.jpg?resize=150%2C150&amp;ssl=1 150w, https:\/\/i0.wp.com\/akutolmukas.ee\/wp-content\/uploads\/2025\/01\/Polish_20250115_222142615.jpg?resize=768%2C768&amp;ssl=1 768w, https:\/\/i0.wp.com\/akutolmukas.ee\/wp-content\/uploads\/2025\/01\/Polish_20250115_222142615.jpg?resize=600%2C600&amp;ssl=1 600w, https:\/\/i0.wp.com\/akutolmukas.ee\/wp-content\/uploads\/2025\/01\/Polish_20250115_222142615.jpg?resize=100%2C100&amp;ssl=1 100w, https:\/\/i0.wp.com\/akutolmukas.ee\/wp-content\/uploads\/2025\/01\/Polish_20250115_222142615.jpg?w=1500&amp;ssl=1 1500w\" sizes=\"(max-width: 300px) 100vw, 300px\" \/><\/p>\n<div class=\"relative inline-flex items-center\"><\/div>\n<p><strong>Seadme &#8216;kodu&#8217; ja isepuhastusjaam \u00fches<\/strong><\/p>\n<ul>\n<li><strong>P\u00e4rast koristamist saab seadet puhastada isepuhastusfunktsiooni abil, mis loputab lisaks rullharjale ka sisemisi kanaleid, v\u00e4hendades vajadust k\u00e4sitsi hoolduse j\u00e4rele.\u00a0<\/strong><\/li>\n<li><strong>Seade fikseerub kindlalt isepuhastusjaamas, seistes stabiilselt p\u00fcsti.<\/strong><\/li>\n<\/ul>\n<div class=\"relative inline-flex items-center\"><img data-recalc-dims=\"1\" decoding=\"async\" class=\"alignnone size-medium wp-image-8932\" src=\"https:\/\/i0.wp.com\/akutolmukas.ee\/wp-content\/uploads\/2025\/01\/Polish_20250115_212925839.jpg?resize=300%2C300&#038;ssl=1\" alt=\"\" width=\"300\" height=\"300\" srcset=\"https:\/\/i0.wp.com\/akutolmukas.ee\/wp-content\/uploads\/2025\/01\/Polish_20250115_212925839.jpg?resize=300%2C300&amp;ssl=1 300w, https:\/\/i0.wp.com\/akutolmukas.ee\/wp-content\/uploads\/2025\/01\/Polish_20250115_212925839.jpg?resize=1024%2C1024&amp;ssl=1 1024w, https:\/\/i0.wp.com\/akutolmukas.ee\/wp-content\/uploads\/2025\/01\/Polish_20250115_212925839.jpg?resize=150%2C150&amp;ssl=1 150w, https:\/\/i0.wp.com\/akutolmukas.ee\/wp-content\/uploads\/2025\/01\/Polish_20250115_212925839.jpg?resize=768%2C768&amp;ssl=1 768w, https:\/\/i0.wp.com\/akutolmukas.ee\/wp-content\/uploads\/2025\/01\/Polish_20250115_212925839.jpg?resize=600%2C600&amp;ssl=1 600w, https:\/\/i0.wp.com\/akutolmukas.ee\/wp-content\/uploads\/2025\/01\/Polish_20250115_212925839.jpg?resize=100%2C100&amp;ssl=1 100w, https:\/\/i0.wp.com\/akutolmukas.ee\/wp-content\/uploads\/2025\/01\/Polish_20250115_212925839.jpg?w=1500&amp;ssl=1 1500w\" sizes=\"(max-width: 300px) 100vw, 300px\" \/><\/div>\n<div><\/div>\n<ul>\n<li><strong>Seadme hooldus on tegelikkuses arusaadavam kui tundub!<\/strong><\/li>\n<li><strong>Loputage veega lihtsalt anumad ning &#8220;visake&#8221; m\u00e4\u00e4rdunud rullik kraanikaussi, sooja veega ligunema. (T\u00e4psem selgitus kerides alla)<\/strong><\/li>\n<\/ul>\n<div><img data-recalc-dims=\"1\" loading=\"lazy\" decoding=\"async\" class=\"alignnone size-medium wp-image-8936\" src=\"https:\/\/i0.wp.com\/akutolmukas.ee\/wp-content\/uploads\/2025\/01\/Polish_20250115_221609617.jpg?resize=300%2C300&#038;ssl=1\" alt=\"\" width=\"300\" height=\"300\" srcset=\"https:\/\/i0.wp.com\/akutolmukas.ee\/wp-content\/uploads\/2025\/01\/Polish_20250115_221609617.jpg?resize=300%2C300&amp;ssl=1 300w, https:\/\/i0.wp.com\/akutolmukas.ee\/wp-content\/uploads\/2025\/01\/Polish_20250115_221609617.jpg?resize=1024%2C1024&amp;ssl=1 1024w, https:\/\/i0.wp.com\/akutolmukas.ee\/wp-content\/uploads\/2025\/01\/Polish_20250115_221609617.jpg?resize=150%2C150&amp;ssl=1 150w, https:\/\/i0.wp.com\/akutolmukas.ee\/wp-content\/uploads\/2025\/01\/Polish_20250115_221609617.jpg?resize=768%2C768&amp;ssl=1 768w, https:\/\/i0.wp.com\/akutolmukas.ee\/wp-content\/uploads\/2025\/01\/Polish_20250115_221609617.jpg?resize=600%2C600&amp;ssl=1 600w, https:\/\/i0.wp.com\/akutolmukas.ee\/wp-content\/uploads\/2025\/01\/Polish_20250115_221609617.jpg?resize=100%2C100&amp;ssl=1 100w, https:\/\/i0.wp.com\/akutolmukas.ee\/wp-content\/uploads\/2025\/01\/Polish_20250115_221609617.jpg?w=1500&amp;ssl=1 1500w\" sizes=\"(max-width: 300px) 100vw, 300px\" \/><\/div>\n<p><strong>Kokkuv\u00f5ttes \u00fchendab Redkey W12 SE nutikalt puhastamise ja isepuhastuse<\/strong>, pakkudes kasutajale t\u00f5husat ja h\u00fcgieenilist lahendust kodu korrashoiuks.<\/p>\n<p><strong>Lisaks saate tutvuda Redkey W12 m\u00e4rg- ja kuivtolmuimeja \u00fclevaate ja lahtipakkimise videoga allpool.<\/strong> <em>(youtube player)<\/em><\/p>\n<div class=\"not-prose mb-3 flex flex-col gap-4 text-base\">\n<div><iframe class=\"aspect-video w-full rounded-lg\" src=\"https:\/\/www.youtube.com\/embed\/0F83czq1khQ\" frameborder=\"0\" allowfullscreen=\"allowfullscreen\" data-mce-fragment=\"1\"><\/iframe><\/div>\n<\/div>\n<p><strong>Kuidas saada rullik ideaalselt puhtaks ka peale mitmeid kasutusi?<\/strong><\/p>\n<ul>\n<li>Laske kraanikaussi soe vesi ning <strong>lisage veele enda parimate teadmiste alusel kodus olevat pesukeemiat v\u00f5i meelep\u00e4rast vedelseepi\/ shampooni.<\/strong><\/li>\n<li>Laske rullil vahtu l\u00f6\u00f6dud <strong>vees 10-15 minutit seista<\/strong>, peale mida asuge seda loputama.<\/li>\n<li><strong>T\u00f5mmates rulli l\u00e4bi peopesa ja taas loputades saate paari korraga kogu mustuse v\u00e4lja suruda!<\/strong><\/li>\n<li><strong>Rull on ka peale t\u00f6\u00f6kat aastat l\u00e4hedal uuele, kui seda ainult korra kuus pesta <\/strong>ja eemaldada \u00fchtlasi kerinud karvaseid ja &#8220;niitsodisid&#8221;.<\/li>\n<\/ul>\n<p><strong>Uueajastu l\u00f5busaid koristuselamusi teile soovides!<\/strong> <em>2025. aasta, Akutolmukas.ee- <strong>Teiega koos alates 2019.a!<\/strong><\/em><\/p>","protected":false},"excerpt":{"rendered":"<h4><strong>Peamised omadused<\/strong><\/h4>\n<ul>\n<li><strong>Eemaldage p\u00f5randalt nii m\u00e4rjad kui kuivad segadused \u2013<\/strong>\u00a0komplektis isepuhastusjaam.<\/li>\n<li><strong>Sobib kasutamiseks ka delikaatsematel p\u00f5randakatetel <\/strong>&#8211;\u00a0turvaline ka puitlaminaadile.<\/li>\n<li><strong>Komplektis on korralik eestikeelne kasutusjuhend.<\/strong> K\u00f5igile lihtne ja arusaadav!<\/li>\n<\/ul>\n<p><strong>K\u00fcsimusi v\u00f5i muresid?<\/strong> Helistage v\u00f5i kirjutage meile, aitame!<strong> Kohapealse garantii ja klienditoega!<\/strong><\/p>\n<hr \/>\n<p><strong>\u0421\u0440\u043e\u043a \u0433\u0430\u0440\u0430\u043d\u0442\u0438\u0438:<\/strong> <strong>KOLM<\/strong> aastat (k\u00f5igile)<br \/>\n<strong>Tarne pakiautomaati:<\/strong> kuni <strong>NELI<\/strong> t\u00f6\u00f6p\u00e4eva<\/p>\n<p><strong>Hind: <\/strong>285 EUR (sis. KM)<\/p>\n<hr \/>\n<p><strong>Akutolmukas.ee \u2013 Teie usaldusv\u00e4\u00e4rne partner alates 2019. aastast!<\/strong><\/p>","protected":false},"featured_media":8930,"comment_status":"open","ping_status":"closed","template":"","meta":{"_acf_changed":false,"site-sidebar-layout":"default","site-content-layout":"","ast-site-content-layout":"default","site-content-style":"default","site-sidebar-style":"default","ast-global-header-display":"","ast-banner-title-visibility":"","ast-main-header-display":"","ast-hfb-above-header-display":"","ast-hfb-below-header-display":"","ast-hfb-mobile-header-display":"","site-post-title":"","ast-breadcrumbs-content":"","ast-featured-img":"","footer-sml-layout":"","ast-disable-related-posts":"","theme-transparent-header-meta":"default","adv-header-id-meta":"","stick-header-meta":"","header-above-stick-meta":"","header-main-stick-meta":"","header-below-stick-meta":"","astra-migrate-meta-layouts":"set","ast-page-background-enabled":"default","ast-page-background-meta":{"desktop":{"background-color":"","background-image":"","background-repeat":"repeat","background-position":"center center","background-size":"auto","background-attachment":"scroll","background-type":"","background-media":"","overlay-type":"","overlay-color":"","overlay-opacity":"","overlay-gradient":""},"tablet":{"background-color":"","background-image":"","background-repeat":"repeat","background-position":"center center","background-size":"auto","background-attachment":"scroll","background-type":"","background-media":"","overlay-type":"","overlay-color":"","overlay-opacity":"","overlay-gradient":""},"mobile":{"background-color":"","background-image":"","background-repeat":"repeat","background-position":"center center","background-size":"auto","background-attachment":"scroll","background-type":"","background-media":"","overlay-type":"","overlay-color":"","overlay-opacity":"","overlay-gradient":""}},"ast-content-background-meta":{"desktop":{"background-color":"var(--ast-global-color-5)","background-image":"","background-repeat":"repeat","background-position":"center center","background-size":"auto","background-attachment":"scroll","background-type":"","background-media":"","overlay-type":"","overlay-color":"","overlay-opacity":"","overlay-gradient":""},"tablet":{"background-color":"var(--ast-global-color-5)","background-image":"","background-repeat":"repeat","background-position":"center center","background-size":"auto","background-attachment":"scroll","background-type":"","background-media":"","overlay-type":"","overlay-color":"","overlay-opacity":"","overlay-gradient":""},"mobile":{"background-color":"var(--ast-global-color-5)","background-image":"","background-repeat":"repeat","background-position":"center center","background-size":"auto","background-attachment":"scroll","background-type":"","background-media":"","overlay-type":"","overlay-color":"","overlay-opacity":"","overlay-gradient":""}}},"product_brand":[],"product_cat":[17],"product_tag":[],"class_list":{"0":"post-8928","1":"product","2":"type-product","3":"status-publish","4":"has-post-thumbnail","6":"product_cat-akuga-tolmuimejad","7":"desktop-align-left","8":"tablet-align-left","9":"mobile-align-left","10":"ast-product-gallery-layout-horizontal-slider","11":"ast-product-tabs-layout-horizontal","13":"first","14":"instock","15":"taxable","16":"shipping-taxable","17":"purchasable","18":"product-type-simple"},"acf":[],"yoast_head":"<!-- This site is optimized with the Yoast SEO plugin v27.1.1 - https:\/\/yoast.com\/product\/yoast-seo-wordpress\/ -->\n<title>Redkey W12 SE | Akutolmukas<\/title>\n<meta name=\"robots\" content=\"index, follow, max-snippet:-1, max-image-preview:large, max-video-preview:-1\" \/>\n<link rel=\"canonical\" href=\"https:\/\/akutolmukas.ee\/ru\/product\/redkey-w12-se\/\" \/>\n<meta property=\"og:locale\" content=\"ru_RU\" \/>\n<meta property=\"og:type\" content=\"article\" \/>\n<meta property=\"og:title\" content=\"Redkey W12 SE | Akutolmukas\" \/>\n<meta property=\"og:description\" content=\"Peamised omadused   Eemaldage p\u00f5randalt nii m\u00e4rjad kui kuivad segadused \u2013\u00a0komplektis isepuhastusjaam.  Sobib kasutamiseks ka delikaatsematel p\u00f5randakatetel -\u00a0turvaline ka puitlaminaadile.  Komplektis on korralik eestikeelne kasutusjuhend. K\u00f5igile lihtne ja arusaadav!  K\u00fcsimusi v\u00f5i muresid? Helistage v\u00f5i kirjutage meile, aitame! Kohapealse garantii ja klienditoega!    Garantiiaeg: KOLM aastat (k\u00f5igile) Tarne pakiautomaati: kuni NELI t\u00f6\u00f6p\u00e4eva  Hind: 285 EUR (sis. KM)    Akutolmukas.ee \u2013 Teie usaldusv\u00e4\u00e4rne partner alates 2019. aastast!\" \/>\n<meta property=\"og:url\" content=\"https:\/\/akutolmukas.ee\/ru\/product\/redkey-w12-se\/\" \/>\n<meta property=\"og:site_name\" content=\"Akutolmukas\" \/>\n<meta property=\"article:modified_time\" content=\"2025-12-11T12:36:37+00:00\" \/>\n<meta property=\"og:image\" content=\"https:\/\/akutolmukas.ee\/wp-content\/uploads\/2025\/01\/Polish_20250115_175158120.jpg\" \/>\n\t<meta property=\"og:image:width\" content=\"847\" \/>\n\t<meta property=\"og:image:height\" content=\"846\" \/>\n\t<meta property=\"og:image:type\" content=\"image\/jpeg\" \/>\n<meta name=\"twitter:card\" content=\"summary_large_image\" \/>\n<meta name=\"twitter:label1\" content=\"Est. reading time\" \/>\n\t<meta name=\"twitter:data1\" content=\"3 \u043c\u0438\u043d\u0443\u0442\u044b\" \/>\n<script type=\"application\/ld+json\" class=\"yoast-schema-graph\">{\"@context\":\"https:\/\/schema.org\",\"@graph\":[{\"@type\":\"WebPage\",\"@id\":\"https:\/\/akutolmukas.ee\/toode\/redkey-w12-se\/\",\"url\":\"https:\/\/akutolmukas.ee\/toode\/redkey-w12-se\/\",\"name\":\"Redkey W12 SE | Akutolmukas\",\"isPartOf\":{\"@id\":\"https:\/\/akutolmukas.ee\/#website\"},\"primaryImageOfPage\":{\"@id\":\"https:\/\/akutolmukas.ee\/toode\/redkey-w12-se\/#primaryimage\"},\"image\":{\"@id\":\"https:\/\/akutolmukas.ee\/toode\/redkey-w12-se\/#primaryimage\"},\"thumbnailUrl\":\"https:\/\/i0.wp.com\/akutolmukas.ee\/wp-content\/uploads\/2025\/01\/Polish_20250115_175158120.jpg?fit=847%2C846&ssl=1\",\"datePublished\":\"2025-01-15T15:24:41+00:00\",\"dateModified\":\"2025-12-11T12:36:37+00:00\",\"breadcrumb\":{\"@id\":\"https:\/\/akutolmukas.ee\/toode\/redkey-w12-se\/#breadcrumb\"},\"inLanguage\":\"ru-RU\",\"potentialAction\":[{\"@type\":\"ReadAction\",\"target\":[\"https:\/\/akutolmukas.ee\/toode\/redkey-w12-se\/\"]}]},{\"@type\":\"ImageObject\",\"inLanguage\":\"ru-RU\",\"@id\":\"https:\/\/akutolmukas.ee\/toode\/redkey-w12-se\/#primaryimage\",\"url\":\"https:\/\/i0.wp.com\/akutolmukas.ee\/wp-content\/uploads\/2025\/01\/Polish_20250115_175158120.jpg?fit=847%2C846&ssl=1\",\"contentUrl\":\"https:\/\/i0.wp.com\/akutolmukas.ee\/wp-content\/uploads\/2025\/01\/Polish_20250115_175158120.jpg?fit=847%2C846&ssl=1\",\"width\":847,\"height\":846},{\"@type\":\"BreadcrumbList\",\"@id\":\"https:\/\/akutolmukas.ee\/toode\/redkey-w12-se\/#breadcrumb\",\"itemListElement\":[{\"@type\":\"ListItem\",\"position\":1,\"name\":\"Home\",\"item\":\"https:\/\/akutolmukas.ee\/\"},{\"@type\":\"ListItem\",\"position\":2,\"name\":\"Pood\",\"item\":\"https:\/\/akutolmukas.ee\/pood\/\"},{\"@type\":\"ListItem\",\"position\":3,\"name\":\"Redkey W12 SE\"}]},{\"@type\":\"WebSite\",\"@id\":\"https:\/\/akutolmukas.ee\/#website\",\"url\":\"https:\/\/akutolmukas.ee\/\",\"name\":\"Akutolmukas\",\"description\":\"Akutolmukas\",\"publisher\":{\"@id\":\"https:\/\/akutolmukas.ee\/#organization\"},\"potentialAction\":[{\"@type\":\"SearchAction\",\"target\":{\"@type\":\"EntryPoint\",\"urlTemplate\":\"https:\/\/akutolmukas.ee\/?s={search_term_string}\"},\"query-input\":{\"@type\":\"PropertyValueSpecification\",\"valueRequired\":true,\"valueName\":\"search_term_string\"}}],\"inLanguage\":\"ru-RU\"},{\"@type\":\"Organization\",\"@id\":\"https:\/\/akutolmukas.ee\/#organization\",\"name\":\"Frequit O\u00dc\",\"url\":\"https:\/\/akutolmukas.ee\/\",\"logo\":{\"@type\":\"ImageObject\",\"inLanguage\":\"ru-RU\",\"@id\":\"https:\/\/akutolmukas.ee\/#\/schema\/logo\/image\/\",\"url\":\"https:\/\/akutolmukas.ee\/wp-content\/uploads\/2021\/01\/900x300px-SVG-LaiLogoParem.svg\",\"contentUrl\":\"https:\/\/akutolmukas.ee\/wp-content\/uploads\/2021\/01\/900x300px-SVG-LaiLogoParem.svg\",\"width\":675,\"height\":225,\"caption\":\"Frequit O\u00dc\"},\"image\":{\"@id\":\"https:\/\/akutolmukas.ee\/#\/schema\/logo\/image\/\"}}]}<\/script>\n<!-- \/ Yoast SEO plugin. -->","yoast_head_json":{"title":"Redkey W12 SE | Akutolmukas","robots":{"index":"index","follow":"follow","max-snippet":"max-snippet:-1","max-image-preview":"max-image-preview:large","max-video-preview":"max-video-preview:-1"},"canonical":"https:\/\/akutolmukas.ee\/ru\/product\/redkey-w12-se\/","og_locale":"ru_RU","og_type":"article","og_title":"Redkey W12 SE | Akutolmukas","og_description":"Peamised omadused   Eemaldage p\u00f5randalt nii m\u00e4rjad kui kuivad segadused \u2013\u00a0komplektis isepuhastusjaam.  Sobib kasutamiseks ka delikaatsematel p\u00f5randakatetel -\u00a0turvaline ka puitlaminaadile.  Komplektis on korralik eestikeelne kasutusjuhend. K\u00f5igile lihtne ja arusaadav!  K\u00fcsimusi v\u00f5i muresid? Helistage v\u00f5i kirjutage meile, aitame! Kohapealse garantii ja klienditoega!    Garantiiaeg: KOLM aastat (k\u00f5igile) Tarne pakiautomaati: kuni NELI t\u00f6\u00f6p\u00e4eva  Hind: 285 EUR (sis. KM)    Akutolmukas.ee \u2013 Teie usaldusv\u00e4\u00e4rne partner alates 2019. aastast!","og_url":"https:\/\/akutolmukas.ee\/ru\/product\/redkey-w12-se\/","og_site_name":"Akutolmukas","article_modified_time":"2025-12-11T12:36:37+00:00","og_image":[{"width":847,"height":846,"url":"https:\/\/akutolmukas.ee\/wp-content\/uploads\/2025\/01\/Polish_20250115_175158120.jpg","type":"image\/jpeg"}],"twitter_card":"summary_large_image","twitter_misc":{"Est. reading time":"3 \u043c\u0438\u043d\u0443\u0442\u044b"},"schema":{"@context":"https:\/\/schema.org","@graph":[{"@type":"WebPage","@id":"https:\/\/akutolmukas.ee\/toode\/redkey-w12-se\/","url":"https:\/\/akutolmukas.ee\/toode\/redkey-w12-se\/","name":"Redkey W12 SE | Akutolmukas","isPartOf":{"@id":"https:\/\/akutolmukas.ee\/#website"},"primaryImageOfPage":{"@id":"https:\/\/akutolmukas.ee\/toode\/redkey-w12-se\/#primaryimage"},"image":{"@id":"https:\/\/akutolmukas.ee\/toode\/redkey-w12-se\/#primaryimage"},"thumbnailUrl":"https:\/\/i0.wp.com\/akutolmukas.ee\/wp-content\/uploads\/2025\/01\/Polish_20250115_175158120.jpg?fit=847%2C846&ssl=1","datePublished":"2025-01-15T15:24:41+00:00","dateModified":"2025-12-11T12:36:37+00:00","breadcrumb":{"@id":"https:\/\/akutolmukas.ee\/toode\/redkey-w12-se\/#breadcrumb"},"inLanguage":"ru-RU","potentialAction":[{"@type":"ReadAction","target":["https:\/\/akutolmukas.ee\/toode\/redkey-w12-se\/"]}]},{"@type":"ImageObject","inLanguage":"ru-RU","@id":"https:\/\/akutolmukas.ee\/toode\/redkey-w12-se\/#primaryimage","url":"https:\/\/i0.wp.com\/akutolmukas.ee\/wp-content\/uploads\/2025\/01\/Polish_20250115_175158120.jpg?fit=847%2C846&ssl=1","contentUrl":"https:\/\/i0.wp.com\/akutolmukas.ee\/wp-content\/uploads\/2025\/01\/Polish_20250115_175158120.jpg?fit=847%2C846&ssl=1","width":847,"height":846},{"@type":"BreadcrumbList","@id":"https:\/\/akutolmukas.ee\/toode\/redkey-w12-se\/#breadcrumb","itemListElement":[{"@type":"ListItem","position":1,"name":"Home","item":"https:\/\/akutolmukas.ee\/"},{"@type":"ListItem","position":2,"name":"Pood","item":"https:\/\/akutolmukas.ee\/pood\/"},{"@type":"ListItem","position":3,"name":"Redkey W12 SE"}]},{"@type":"WebSite","@id":"https:\/\/akutolmukas.ee\/#website","url":"https:\/\/akutolmukas.ee\/","name":"Akutolmukas","description":"Akutolmukas","publisher":{"@id":"https:\/\/akutolmukas.ee\/#organization"},"potentialAction":[{"@type":"SearchAction","target":{"@type":"EntryPoint","urlTemplate":"https:\/\/akutolmukas.ee\/?s={search_term_string}"},"query-input":{"@type":"PropertyValueSpecification","valueRequired":true,"valueName":"search_term_string"}}],"inLanguage":"ru-RU"},{"@type":"Organization","@id":"https:\/\/akutolmukas.ee\/#organization","name":"Frequit O\u00dc","url":"https:\/\/akutolmukas.ee\/","logo":{"@type":"ImageObject","inLanguage":"ru-RU","@id":"https:\/\/akutolmukas.ee\/#\/schema\/logo\/image\/","url":"https:\/\/akutolmukas.ee\/wp-content\/uploads\/2021\/01\/900x300px-SVG-LaiLogoParem.svg","contentUrl":"https:\/\/akutolmukas.ee\/wp-content\/uploads\/2021\/01\/900x300px-SVG-LaiLogoParem.svg","width":675,"height":225,"caption":"Frequit O\u00dc"},"image":{"@id":"https:\/\/akutolmukas.ee\/#\/schema\/logo\/image\/"}}]}},"jetpack-related-posts":[],"jetpack_sharing_enabled":true,"_links":{"self":[{"href":"https:\/\/akutolmukas.ee\/ru\/wp-json\/wp\/v2\/product\/8928","targetHints":{"allow":["GET"]}}],"collection":[{"href":"https:\/\/akutolmukas.ee\/ru\/wp-json\/wp\/v2\/product"}],"about":[{"href":"https:\/\/akutolmukas.ee\/ru\/wp-json\/wp\/v2\/types\/product"}],"replies":[{"embeddable":true,"href":"https:\/\/akutolmukas.ee\/ru\/wp-json\/wp\/v2\/comments?post=8928"}],"wp:featuredmedia":[{"embeddable":true,"href":"https:\/\/akutolmukas.ee\/ru\/wp-json\/wp\/v2\/media\/8930"}],"wp:attachment":[{"href":"https:\/\/akutolmukas.ee\/ru\/wp-json\/wp\/v2\/media?parent=8928"}],"wp:term":[{"taxonomy":"product_brand","embeddable":true,"href":"https:\/\/akutolmukas.ee\/ru\/wp-json\/wp\/v2\/product_brand?post=8928"},{"taxonomy":"product_cat","embeddable":true,"href":"https:\/\/akutolmukas.ee\/ru\/wp-json\/wp\/v2\/product_cat?post=8928"},{"taxonomy":"product_tag","embeddable":true,"href":"https:\/\/akutolmukas.ee\/ru\/wp-json\/wp\/v2\/product_tag?post=8928"}],"curies":[{"name":"wp","href":"https:\/\/api.w.org\/{rel}","templated":true}]}}